{"id":8020,"date":"2020-12-01T10:22:40","date_gmt":"2020-12-01T09:22:40","guid":{"rendered":"http:\/\/cpl14.fr\/?page_id=8020"},"modified":"2020-12-01T10:22:40","modified_gmt":"2020-12-01T09:22:40","slug":"belleville","status":"publish","type":"page","link":"https:\/\/cpl14.fr\/?page_id=8020","title":{"rendered":"BELLEVILLE"},"content":{"rendered":"<p align=\"JUSTIFY\"><span style=\"font-family: Arial, sans-serif;\"><span style=\"font-size: medium;\"><span style=\"color: #1a1a1a;\">De nombreux ouvriers sont venus s\u2019installer \u00e0 Belleville amen\u00e9s par le d\u00e9veloppement de l\u2019industrie et chass\u00e9s de Paris par les d\u00e9molitions dues aux travaux d\u2019Haussmann. <\/span>En 1860 Belleville fut r\u00e9unie \u00e0 Paris. L\u2019annexion fut d\u2019abord mal per\u00e7ue \u00e0 cause de la partition en deux arrondissements 19<sup>\u00e8me<\/sup> et 20<sup>\u00e8me<\/sup> et l\u2019augmentation des taxes. Belleville conserva son \u00e2me de village\u00a0et des f\u00eates y furent souvent organis\u00e9es sur la place <span style=\"color: #1a1a1a;\">Sainte-Genevi\u00e8ve<\/span><span style=\"color: #1a1a1a;\">. La population l\u2019appellera Place des F\u00eates et ce nom lui resta.<\/span> <\/span><\/span><\/p>\n<p align=\"JUSTIFY\"><span style=\"font-family: Arial, sans-serif;\"><span style=\"font-size: medium;\">Le bureau de poste situ\u00e9 19 rue de la Mare continua \u00e0 utiliser le losange petits chiffres 356.<\/span><\/span><\/p>\n<p align=\"JUSTIFY\"><img loading=\"lazy\" decoding=\"async\" class=\"size-full wp-image-8021 aligncenter\" src=\"http:\/\/cpl14.fr\/wp-content\/uploads\/2020\/12\/81.png\" alt=\"\" width=\"700\" height=\"338\" srcset=\"https:\/\/cpl14.fr\/wp-content\/uploads\/2020\/12\/81.png 700w, https:\/\/cpl14.fr\/wp-content\/uploads\/2020\/12\/81-300x145.png 300w\" sizes=\"auto, (max-width: 700px) 100vw, 700px\" \/><\/p>\n<p align=\"CENTER\"><span style=\"color: #000000;\"><span style=\"font-family: Arial, sans-serif;\"><span style=\"font-size: small;\">Losange petits chiffres 356 sur lettre pour Caen<\/span><\/span><\/span><\/p>\n<p align=\"CENTER\"><span style=\"font-family: Arial, sans-serif;\"><span style=\"font-size: small;\">timbre \u00e0 date BELLEVILLE-LES PARIS 60 <i>14 SEPT. 55<\/i><\/span><\/span><\/p>\n<p align=\"CENTER\">.<\/p>\n<p align=\"JUSTIFY\"><span style=\"font-family: Arial, sans-serif;\"><span style=\"font-size: medium;\">A partir de janvier 1863 le num\u00e9ro 432 fut attribu\u00e9 au bureau du quartier Belleville. Il existait deux griffes l\u2019une indiquant le num\u00e9ro 432, l\u2019autre o\u00f9 le num\u00e9ro 432 \u00e9tait entour\u00e9 de deux tirets.<\/span><\/span><\/p>\n<p align=\"JUSTIFY\"><img loading=\"lazy\" decoding=\"async\" class=\"size-full wp-image-8022 aligncenter\" src=\"http:\/\/cpl14.fr\/wp-content\/uploads\/2020\/12\/82.png\" alt=\"\" width=\"700\" height=\"345\" srcset=\"https:\/\/cpl14.fr\/wp-content\/uploads\/2020\/12\/82.png 700w, https:\/\/cpl14.fr\/wp-content\/uploads\/2020\/12\/82-300x148.png 300w\" sizes=\"auto, (max-width: 700px) 100vw, 700px\" \/><\/p>\n<p align=\"CENTER\"><span style=\"color: #000000;\"><span style=\"font-family: Arial, sans-serif;\"><span style=\"font-size: small;\">Losange gros chiffres 432 sur lettre pour Paris<\/span><\/span><\/span><\/p>\n<p align=\"CENTER\"><span style=\"color: #000000;\"><span style=\"font-family: Arial, sans-serif;\"><span style=\"font-size: small;\">timbre \u00e0 date BELLEVILLE-LES PARIS (60) <i>25 JUIL. 64<\/i><\/span><\/span><\/span><\/p>\n<p align=\"CENTER\">.<\/p>\n<p align=\"CENTER\"><img loading=\"lazy\" decoding=\"async\" class=\"size-full wp-image-8023 aligncenter\" src=\"http:\/\/cpl14.fr\/wp-content\/uploads\/2020\/12\/83.png\" alt=\"\" width=\"700\" height=\"463\" srcset=\"https:\/\/cpl14.fr\/wp-content\/uploads\/2020\/12\/83.png 700w, https:\/\/cpl14.fr\/wp-content\/uploads\/2020\/12\/83-300x198.png 300w\" sizes=\"auto, (max-width: 700px) 100vw, 700px\" \/><\/p>\n<p align=\"CENTER\"><span style=\"color: #000000;\"><span style=\"font-family: Arial, sans-serif;\"><span style=\"font-size: small;\">Losange petits chiffres des gros chiffres 432 sur lettre pour Paris<\/span><\/span><\/span><\/p>\n<p align=\"CENTER\"><span style=\"color: #000000;\"><span style=\"font-family: Arial, sans-serif;\"><span style=\"font-size: small;\">timbre \u00e0 date PARIS BELLEVILLE <i>8 JANV. 70<\/i><\/span><\/span><\/span><\/p>\n<p align=\"CENTER\">.<\/p>\n<p align=\"CENTER\"><img loading=\"lazy\" decoding=\"async\" class=\"size-full wp-image-8024 aligncenter\" src=\"http:\/\/cpl14.fr\/wp-content\/uploads\/2020\/12\/84.png\" alt=\"\" width=\"700\" height=\"321\" srcset=\"https:\/\/cpl14.fr\/wp-content\/uploads\/2020\/12\/84.png 700w, https:\/\/cpl14.fr\/wp-content\/uploads\/2020\/12\/84-300x138.png 300w\" sizes=\"auto, (max-width: 700px) 100vw, 700px\" \/><\/p>\n<p align=\"CENTER\"><span style=\"color: #000000;\"><span style=\"font-family: Arial, sans-serif;\"><span style=\"font-size: small;\">Losange gros chiffres -432- sur lettre pour Paris<\/span><\/span><\/span><\/p>\n<p align=\"CENTER\"><span style=\"color: #000000;\"><span style=\"font-family: Arial, sans-serif;\"><span style=\"font-size: small;\">timbre \u00e0 date PARIS BELLEVILLE <i>8 JANV. 70<\/i><\/span><\/span><\/span><\/p>\n<p align=\"CENTER\">.<\/p>\n<p align=\"CENTER\"><img loading=\"lazy\" decoding=\"async\" class=\"size-full wp-image-8025 aligncenter\" src=\"http:\/\/cpl14.fr\/wp-content\/uploads\/2020\/12\/85.png\" alt=\"\" width=\"700\" height=\"485\" srcset=\"https:\/\/cpl14.fr\/wp-content\/uploads\/2020\/12\/85.png 700w, https:\/\/cpl14.fr\/wp-content\/uploads\/2020\/12\/85-300x208.png 300w\" sizes=\"auto, (max-width: 700px) 100vw, 700px\" \/><\/p>\n<p align=\"CENTER\"><span style=\"color: #000000;\"><span style=\"font-family: Arial, sans-serif;\"><span style=\"font-size: small;\">Losange gros chiffres 432 sur lettre pour Paris<\/span><\/span><\/span><\/p>\n<p align=\"CENTER\"><span style=\"color: #000000;\"><span style=\"font-family: Arial, sans-serif;\"><span style=\"font-size: small;\">adress\u00e9e \u00e0 Monsieur Garnier, architecte au nouvel op\u00e9ra<\/span><\/span><\/span><\/p>\n<p align=\"CENTER\"><span style=\"color: #000000;\"><span style=\"font-family: Arial, sans-serif;\"><span style=\"font-size: small;\">timbre \u00e0 date PARIS BELLEVILLE 12 JANV. 72<\/span><\/span><\/span><\/p>\n<p align=\"CENTER\">.<\/p>\n<p align=\"CENTER\"><a href=\"http:\/\/cpl14.fr\/?p=7871&amp;preview=true\">retour \u00e0 l&rsquo;article Le Grand Paris de 1860<\/a><\/p>\n<p style=\"text-align: right;\" align=\"CENTER\">collection Patrick Caillot<\/p>\n","protected":false},"excerpt":{"rendered":"<div class=\"mh-excerpt\"><p>De nombreux ouvriers sont venus s\u2019installer \u00e0 Belleville amen\u00e9s par le d\u00e9veloppement de l\u2019industrie et chass\u00e9s de Paris par les d\u00e9molitions dues aux travaux d\u2019Haussmann. <a class=\"mh-excerpt-more\" href=\"https:\/\/cpl14.fr\/?page_id=8020\" title=\"BELLEVILLE\">[&#8230;]<\/a><\/p>\n<\/div>","protected":false},"author":1,"featured_media":0,"parent":0,"menu_order":0,"comment_status":"closed","ping_status":"closed","template":"","meta":{"footnotes":""},"class_list":["post-8020","page","type-page","status-publish","hentry"],"_links":{"self":[{"href":"https:\/\/cpl14.fr\/index.php?rest_route=\/wp\/v2\/pages\/8020","targetHints":{"allow":["GET"]}}],"collection":[{"href":"https:\/\/cpl14.fr\/index.php?rest_route=\/wp\/v2\/pages"}],"about":[{"href":"https:\/\/cpl14.fr\/index.php?rest_route=\/wp\/v2\/types\/page"}],"author":[{"embeddable":true,"href":"https:\/\/cpl14.fr\/index.php?rest_route=\/wp\/v2\/users\/1"}],"replies":[{"embeddable":true,"href":"https:\/\/cpl14.fr\/index.php?rest_route=%2Fwp%2Fv2%2Fcomments&post=8020"}],"version-history":[{"count":1,"href":"https:\/\/cpl14.fr\/index.php?rest_route=\/wp\/v2\/pages\/8020\/revisions"}],"predecessor-version":[{"id":8026,"href":"https:\/\/cpl14.fr\/index.php?rest_route=\/wp\/v2\/pages\/8020\/revisions\/8026"}],"wp:attachment":[{"href":"https:\/\/cpl14.fr\/index.php?rest_route=%2Fwp%2Fv2%2Fmedia&parent=8020"}],"curies":[{"name":"wp","href":"https:\/\/api.w.org\/{rel}","templated":true}]}}