{"id":8028,"date":"2020-12-01T10:29:10","date_gmt":"2020-12-01T09:29:10","guid":{"rendered":"http:\/\/cpl14.fr\/?page_id=8028"},"modified":"2020-12-01T10:29:10","modified_gmt":"2020-12-01T09:29:10","slug":"charonne","status":"publish","type":"page","link":"https:\/\/cpl14.fr\/?page_id=8028","title":{"rendered":"CHARONNE"},"content":{"rendered":"<p align=\"JUSTIFY\"><span style=\"font-family: Times, serif;\"><span style=\"font-size: small;\"><span style=\"font-family: Arial, sans-serif;\"><span style=\"font-size: medium;\">Charonne \u00e9tait un village de vignerons et de mara\u00eechers b\u00e2ti autour de l\u2019\u00e9glise Saint Germain. Le village comptait de nombreuses guinguettes du nom du vin produit localement appel\u00e9 guinguet, le vin y \u00e9tait deux fois moins cher qu\u2019\u00e0 Paris. La commune fut rattach\u00e9e \u00e0 la capitale en <a href=\"http:\/\/fr.wikipedia.org\/wiki\/1860\">1860<\/a>. Le bureau de poste situ\u00e9 au <\/span><\/span><span style=\"font-family: Arial, sans-serif;\"><span style=\"font-size: medium;\">20 rue de Paris<\/span><\/span><span style=\"font-family: Arial, sans-serif;\"><span style=\"font-size: medium;\"> continua \u00e0 utiliser le losange petits chiffres 755 jusqu\u2019\u00e0 1862, celui-ci fut remplac\u00e9 par le losange gros chiffres 904.<\/span><\/span><\/span><\/span><\/p>\n<p align=\"JUSTIFY\"><img loading=\"lazy\" decoding=\"async\" class=\"size-full wp-image-8029 aligncenter\" src=\"http:\/\/cpl14.fr\/wp-content\/uploads\/2020\/12\/86.png\" alt=\"\" width=\"700\" height=\"410\" srcset=\"https:\/\/cpl14.fr\/wp-content\/uploads\/2020\/12\/86.png 700w, https:\/\/cpl14.fr\/wp-content\/uploads\/2020\/12\/86-300x176.png 300w\" sizes=\"auto, (max-width: 700px) 100vw, 700px\" \/><\/p>\n<p align=\"CENTER\"><span style=\"font-family: Arial, sans-serif;\"><span style=\"font-size: small;\">Losange gros chiffres 904 sur lettre pour le Vaucluse,<\/span><\/span><\/p>\n<p align=\"CENTER\"><span style=\"font-family: Arial, sans-serif;\"><span style=\"font-size: small;\">timbre \u00e0 date sans lev\u00e9e CHARONNE (60)<i> 30 OCT. 65<\/i><\/span><\/span><\/p>\n<p align=\"CENTER\">.<\/p>\n<p align=\"CENTER\"><img loading=\"lazy\" decoding=\"async\" class=\"size-full wp-image-8030 aligncenter\" src=\"http:\/\/cpl14.fr\/wp-content\/uploads\/2020\/12\/87.png\" alt=\"\" width=\"700\" height=\"399\" srcset=\"https:\/\/cpl14.fr\/wp-content\/uploads\/2020\/12\/87.png 700w, https:\/\/cpl14.fr\/wp-content\/uploads\/2020\/12\/87-300x171.png 300w\" sizes=\"auto, (max-width: 700px) 100vw, 700px\" \/><\/p>\n<p align=\"CENTER\"><span style=\"font-family: Arial, sans-serif;\"><span style=\"font-size: small;\">Losange gros chiffres 904 sur lettre pour Paris,<\/span><\/span><\/p>\n<p align=\"CENTER\"><span style=\"font-family: Arial, sans-serif;\"><span style=\"font-size: small;\">timbre \u00e0 date PARIS CHARONNE <i>10 FEVR. 70<\/i><\/span><\/span><\/p>\n<p align=\"CENTER\">.<\/p>\n<p align=\"CENTER\"><img loading=\"lazy\" decoding=\"async\" class=\"size-full wp-image-8031 aligncenter\" src=\"http:\/\/cpl14.fr\/wp-content\/uploads\/2020\/12\/88.png\" alt=\"\" width=\"700\" height=\"450\" srcset=\"https:\/\/cpl14.fr\/wp-content\/uploads\/2020\/12\/88.png 700w, https:\/\/cpl14.fr\/wp-content\/uploads\/2020\/12\/88-300x193.png 300w\" sizes=\"auto, (max-width: 700px) 100vw, 700px\" \/><\/p>\n<p align=\"CENTER\"><span style=\"font-family: Arial, sans-serif;\"><span style=\"font-size: small;\">Losange gros chiffres 904 sur enveloppe non cachet\u00e9e,<\/span><\/span><\/p>\n<p align=\"CENTER\"><span style=\"font-family: Arial, sans-serif;\"><span style=\"font-size: small;\">au tarif des imprim\u00e9s pour Compi\u00e8gne,<\/span><\/span><\/p>\n<p align=\"CENTER\"><span style=\"font-family: Arial, sans-serif;\"><span style=\"font-size: small;\">pas de timbre \u00e0 date, janvier 1873<\/span><\/span><\/p>\n<p align=\"CENTER\">.<\/p>\n<p align=\"CENTER\"><a href=\"http:\/\/cpl14.fr\/?p=7871&amp;preview=true\">retour \u00e0 l&rsquo;article Le Grand Paris de 1860<\/a><\/p>\n<p style=\"text-align: right;\" align=\"CENTER\">collection Patrick Caillot<\/p>\n","protected":false},"excerpt":{"rendered":"<div class=\"mh-excerpt\"><p>Charonne \u00e9tait un village de vignerons et de mara\u00eechers b\u00e2ti autour de l\u2019\u00e9glise Saint Germain. Le village comptait de nombreuses guinguettes du nom du vin <a class=\"mh-excerpt-more\" href=\"https:\/\/cpl14.fr\/?page_id=8028\" title=\"CHARONNE\">[&#8230;]<\/a><\/p>\n<\/div>","protected":false},"author":1,"featured_media":0,"parent":0,"menu_order":0,"comment_status":"closed","ping_status":"closed","template":"","meta":{"footnotes":""},"class_list":["post-8028","page","type-page","status-publish","hentry"],"_links":{"self":[{"href":"https:\/\/cpl14.fr\/index.php?rest_route=\/wp\/v2\/pages\/8028","targetHints":{"allow":["GET"]}}],"collection":[{"href":"https:\/\/cpl14.fr\/index.php?rest_route=\/wp\/v2\/pages"}],"about":[{"href":"https:\/\/cpl14.fr\/index.php?rest_route=\/wp\/v2\/types\/page"}],"author":[{"embeddable":true,"href":"https:\/\/cpl14.fr\/index.php?rest_route=\/wp\/v2\/users\/1"}],"replies":[{"embeddable":true,"href":"https:\/\/cpl14.fr\/index.php?rest_route=%2Fwp%2Fv2%2Fcomments&post=8028"}],"version-history":[{"count":1,"href":"https:\/\/cpl14.fr\/index.php?rest_route=\/wp\/v2\/pages\/8028\/revisions"}],"predecessor-version":[{"id":8032,"href":"https:\/\/cpl14.fr\/index.php?rest_route=\/wp\/v2\/pages\/8028\/revisions\/8032"}],"wp:attachment":[{"href":"https:\/\/cpl14.fr\/index.php?rest_route=%2Fwp%2Fv2%2Fmedia&parent=8028"}],"curies":[{"name":"wp","href":"https:\/\/api.w.org\/{rel}","templated":true}]}}