{"id":8033,"date":"2020-12-01T10:32:53","date_gmt":"2020-12-01T09:32:53","guid":{"rendered":"http:\/\/cpl14.fr\/?page_id=8033"},"modified":"2020-12-01T10:33:34","modified_gmt":"2020-12-01T09:33:34","slug":"saint-mande","status":"publish","type":"page","link":"https:\/\/cpl14.fr\/?page_id=8033","title":{"rendered":"SAINT MANDE &#8211; PARIS"},"content":{"rendered":"<p align=\"JUSTIFY\"><span style=\"color: #000000;\"><span style=\"font-family: Arial, sans-serif;\"><span style=\"font-size: medium;\">En 1844, avec la construction de l&rsquo;Enceinte de Thiers, Saint-Mand\u00e9 perdit une grande partie de sa superficie avec l&rsquo;incorporation des actuels quartiers du Bel-Air et de Picpus \u00e0 l\u2019int\u00e9rieur des fortifications de Paris, et leur annexion administrative \u00e0 la ville en 1860<\/span><\/span><span style=\"color: #1c1c1c;\"><span style=\"font-family: Arial, sans-serif;\"><span style=\"font-size: medium;\">. <\/span><\/span><\/span><span style=\"font-family: Arial, sans-serif;\"><span style=\"font-size: medium;\">Le bureau de poste du quartier Saint-Mand\u00e9-Paris, situ\u00e9 au <\/span><\/span><span style=\"font-family: Arial, sans-serif;\"><span style=\"font-size: medium;\">11 rue de la Vo\u00fbte-du-Cours (actuellement rue de la vo\u00fbte dans le 12<\/span><\/span><sup><span style=\"font-family: Arial, sans-serif;\"><span style=\"font-size: medium;\">\u00e8me<\/span><\/span><\/sup><span style=\"font-family: Arial, sans-serif;\"><span style=\"font-size: medium;\"> arrondissement) <\/span><\/span><span style=\"font-family: Arial, sans-serif;\"><span style=\"font-size: medium;\">se vit attribuer le num\u00e9ro 3180 BIS alors que le bureau extra muros conserva le num\u00e9ro 3180. Le losange oblit\u00e9rant petits chiffres et un timbre \u00e0 date libell\u00e9 ST MANDE PARIS fut utilis\u00e9 \u00e0 partir de janvier 1860.<\/span><\/span><\/span><\/p>\n<p align=\"JUSTIFY\"><img loading=\"lazy\" decoding=\"async\" class=\"size-full wp-image-8034 aligncenter\" src=\"http:\/\/cpl14.fr\/wp-content\/uploads\/2020\/12\/89.png\" alt=\"\" width=\"700\" height=\"424\" srcset=\"https:\/\/cpl14.fr\/wp-content\/uploads\/2020\/12\/89.png 700w, https:\/\/cpl14.fr\/wp-content\/uploads\/2020\/12\/89-300x182.png 300w\" sizes=\"auto, (max-width: 700px) 100vw, 700px\" \/><\/p>\n<p align=\"CENTER\"><span style=\"color: #000000;\"><span style=\"font-family: Arial, sans-serif;\"><span style=\"font-size: small;\">Losange petits chiffres 3180 BIS <i> <\/i>sur lettre pour la Meurthe,<\/span><\/span><\/span><\/p>\n<p align=\"CENTER\"><span style=\"color: #000000;\"><span style=\"font-family: Arial, sans-serif;\"><span style=\"font-size: small;\">timbre \u00e0 date S<sup>T<\/sup>-MANDE PARIS <span style=\"color: #262626;\"><i>21 FEVR. 62<\/i><\/span><\/span><\/span><\/span><\/p>\n<p align=\"CENTER\">.<\/p>\n<p align=\"JUSTIFY\"><span style=\"font-family: Arial, sans-serif;\"><span style=\"font-size: medium;\"><span style=\"color: #262626;\">A partir de janvier 1863, la griffe <\/span>gros chiffres 3739 fut utilis\u00e9e pour l\u2019annulation des timbres.<\/span><\/span><\/p>\n<p align=\"JUSTIFY\"><img loading=\"lazy\" decoding=\"async\" class=\"size-full wp-image-8035 aligncenter\" src=\"http:\/\/cpl14.fr\/wp-content\/uploads\/2020\/12\/90.png\" alt=\"\" width=\"700\" height=\"510\" srcset=\"https:\/\/cpl14.fr\/wp-content\/uploads\/2020\/12\/90.png 700w, https:\/\/cpl14.fr\/wp-content\/uploads\/2020\/12\/90-300x219.png 300w\" sizes=\"auto, (max-width: 700px) 100vw, 700px\" \/><\/p>\n<p align=\"CENTER\"><span style=\"color: #000000;\"><span style=\"font-family: Arial, sans-serif;\"><span style=\"font-size: small;\">Losange gros chiffres 3739 sur lettre pour Reims,<\/span><\/span><\/span><\/p>\n<p align=\"CENTER\"><span style=\"color: #000000;\"><span style=\"font-family: Arial, sans-serif;\"><span style=\"font-size: small;\">timbre \u00e0 date PARIS S<sup>T<\/sup>-MANDE-PARIS <span style=\"color: #262626;\"><i>30 JUIN 69<\/i><\/span><\/span><\/span><\/span><\/p>\n<p align=\"CENTER\">.<\/p>\n<p align=\"CENTER\"><a href=\"http:\/\/cpl14.fr\/?p=7871&amp;preview=true\">retour \u00e0 l&rsquo;article Le Grand Paris de 1860<\/a><\/p>\n<p style=\"text-align: right;\" align=\"CENTER\">Collection Patrick Caillot<\/p>\n","protected":false},"excerpt":{"rendered":"<div class=\"mh-excerpt\"><p>En 1844, avec la construction de l&rsquo;Enceinte de Thiers, Saint-Mand\u00e9 perdit une grande partie de sa superficie avec l&rsquo;incorporation des actuels quartiers du Bel-Air et <a class=\"mh-excerpt-more\" href=\"https:\/\/cpl14.fr\/?page_id=8033\" title=\"SAINT MANDE &#8211; PARIS\">[&#8230;]<\/a><\/p>\n<\/div>","protected":false},"author":1,"featured_media":0,"parent":0,"menu_order":0,"comment_status":"closed","ping_status":"closed","template":"","meta":{"footnotes":""},"class_list":["post-8033","page","type-page","status-publish","hentry"],"_links":{"self":[{"href":"https:\/\/cpl14.fr\/index.php?rest_route=\/wp\/v2\/pages\/8033","targetHints":{"allow":["GET"]}}],"collection":[{"href":"https:\/\/cpl14.fr\/index.php?rest_route=\/wp\/v2\/pages"}],"about":[{"href":"https:\/\/cpl14.fr\/index.php?rest_route=\/wp\/v2\/types\/page"}],"author":[{"embeddable":true,"href":"https:\/\/cpl14.fr\/index.php?rest_route=\/wp\/v2\/users\/1"}],"replies":[{"embeddable":true,"href":"https:\/\/cpl14.fr\/index.php?rest_route=%2Fwp%2Fv2%2Fcomments&post=8033"}],"version-history":[{"count":2,"href":"https:\/\/cpl14.fr\/index.php?rest_route=\/wp\/v2\/pages\/8033\/revisions"}],"predecessor-version":[{"id":8038,"href":"https:\/\/cpl14.fr\/index.php?rest_route=\/wp\/v2\/pages\/8033\/revisions\/8038"}],"wp:attachment":[{"href":"https:\/\/cpl14.fr\/index.php?rest_route=%2Fwp%2Fv2%2Fmedia&parent=8033"}],"curies":[{"name":"wp","href":"https:\/\/api.w.org\/{rel}","templated":true}]}}