{"id":8039,"date":"2020-12-01T10:39:23","date_gmt":"2020-12-01T09:39:23","guid":{"rendered":"http:\/\/cpl14.fr\/?page_id=8039"},"modified":"2020-12-01T10:39:23","modified_gmt":"2020-12-01T09:39:23","slug":"bercy","status":"publish","type":"page","link":"https:\/\/cpl14.fr\/?page_id=8039","title":{"rendered":"BERCY"},"content":{"rendered":"<p align=\"JUSTIFY\"><span style=\"font-family: Times, serif;\"><span style=\"font-size: small;\"><span style=\"font-family: Arial, sans-serif;\"><span style=\"font-size: medium;\">En 1860 le commerce du vin occupait 45 hectares et faisait vivre plus de 6 000 personnes. Bercy joua un r\u00f4le essentiel dans l\u2019approvisionnement des la capitale et de ses caf\u00e9s. <\/span><\/span><\/span><\/span><\/p>\n<p align=\"JUSTIFY\"><span style=\"font-family: Times, serif;\"><span style=\"font-size: small;\"><span style=\"font-family: Arial, sans-serif;\"><span style=\"font-size: medium;\">L<\/span><\/span><span style=\"font-family: Arial, sans-serif;\"><span style=\"font-size: medium;\">a Seine inondait r\u00e9guli\u00e8rement les entrep\u00f4ts. En 1860, la commune de Bercy est partag\u00e9e entre Charenton et Paris. La ville de Paris d\u00e9cida alors de sur\u00e9lever le quai de Bercy et de reconstruire les entrep\u00f4ts pour \u00e9viter de nouvelles inondations. <\/span><\/span><\/span><\/span><\/p>\n<p align=\"JUSTIFY\"><span style=\"font-family: Arial, sans-serif;\"><span style=\"font-size: medium;\">En 1860 la commune est supprim\u00e9e et son territoire est partag\u00e9 entre Paris et Charenton.<\/span><\/span><\/p>\n<p align=\"JUSTIFY\"><span style=\"font-family: Arial, sans-serif;\"><span style=\"font-size: medium;\">Le bureau de recette de Bercy fut cr\u00e9\u00e9 le 1<sup>er<\/sup> juin 1826. En 1860, le bureau de poste \u00e9tait situ\u00e9 au 80 Grande-Rue et continua \u00e0 utiliser le losange oblit\u00e9rant petits chiffres 367 jusqu\u2019\u00e0 fin 1862.<\/span><\/span><\/p>\n<p align=\"JUSTIFY\"><img loading=\"lazy\" decoding=\"async\" class=\"size-full wp-image-8040 aligncenter\" src=\"http:\/\/cpl14.fr\/wp-content\/uploads\/2020\/12\/91.png\" alt=\"\" width=\"700\" height=\"436\" srcset=\"https:\/\/cpl14.fr\/wp-content\/uploads\/2020\/12\/91.png 700w, https:\/\/cpl14.fr\/wp-content\/uploads\/2020\/12\/91-300x187.png 300w\" sizes=\"auto, (max-width: 700px) 100vw, 700px\" \/><\/p>\n<p align=\"CENTER\"><span style=\"color: #000000;\"><span style=\"font-family: Arial, sans-serif;\"><span style=\"font-size: small;\">Losange petits chiffres 367 pour la Seine et Oise<\/span><\/span><\/span><\/p>\n<p align=\"CENTER\"><span style=\"font-family: Arial, sans-serif;\"><span style=\"font-size: small;\">timbre \u00e0 date BERCY (60) <i>8 AOUT 60<\/i><\/span><\/span><\/p>\n<p align=\"CENTER\">.<\/p>\n<p align=\"CENTER\"><img loading=\"lazy\" decoding=\"async\" class=\"size-full wp-image-8041 aligncenter\" src=\"http:\/\/cpl14.fr\/wp-content\/uploads\/2020\/12\/92.png\" alt=\"\" width=\"700\" height=\"444\" srcset=\"https:\/\/cpl14.fr\/wp-content\/uploads\/2020\/12\/92.png 700w, https:\/\/cpl14.fr\/wp-content\/uploads\/2020\/12\/92-300x190.png 300w\" sizes=\"auto, (max-width: 700px) 100vw, 700px\" \/><\/p>\n<p align=\"CENTER\"><span style=\"color: #000000;\"><span style=\"font-family: Arial, sans-serif;\"><span style=\"font-size: small;\">Losange gros chiffres 445 pour Libourne<\/span><\/span><\/span><\/p>\n<p align=\"CENTER\"><span style=\"font-family: Arial, sans-serif;\"><span style=\"font-size: small;\">timbre \u00e0 date BERCY (60) <i>6 JANV. 65<\/i><\/span><\/span><\/p>\n<p align=\"CENTER\">.<\/p>\n<p align=\"CENTER\"><img loading=\"lazy\" decoding=\"async\" class=\"size-full wp-image-8042 aligncenter\" src=\"http:\/\/cpl14.fr\/wp-content\/uploads\/2020\/12\/93.png\" alt=\"\" width=\"700\" height=\"446\" srcset=\"https:\/\/cpl14.fr\/wp-content\/uploads\/2020\/12\/93.png 700w, https:\/\/cpl14.fr\/wp-content\/uploads\/2020\/12\/93-300x191.png 300w\" sizes=\"auto, (max-width: 700px) 100vw, 700px\" \/><\/p>\n<p align=\"CENTER\"><span style=\"color: #000000;\"><span style=\"font-family: Arial, sans-serif;\"><span style=\"font-size: small;\">Losange gros chiffres 445 pour Paris<\/span><\/span><\/span><\/p>\n<p align=\"CENTER\"><span style=\"font-family: Arial, sans-serif;\"><span style=\"font-size: small;\">timbre \u00e0 date PARIS BERCY <em>3 FEVR.\u00a074<\/em><\/span><\/span><\/p>\n<p align=\"CENTER\">.<\/p>\n<p align=\"JUSTIFY\"><span style=\"font-family: Arial, sans-serif;\"><span style=\"font-size: medium;\">Le chiffre de la sixi\u00e8me lev\u00e9e est suivie d&rsquo;un num\u00e9ro en exposant indiquant une section, ou fraction, de cette lev\u00e9e. Il s\u2019agirait de l&rsquo;indication de lev\u00e9es dites \u00ab\u00a0sp\u00e9ciales\u00a0\u00bb ou \u00ab\u00a0suppl\u00e9mentaires\u00a0\u00bb, effectu\u00e9es en derni\u00e8re limite d&rsquo;heure par les bureaux proches des gares avant le d\u00e9part des ambulants, et qui ne passaient pas par le tri g\u00e9n\u00e9ral de l&rsquo;H\u00f4tel des Postes. <\/span><\/span><\/p>\n<p align=\"JUSTIFY\"><img loading=\"lazy\" decoding=\"async\" class=\"size-full wp-image-8043 aligncenter\" src=\"http:\/\/cpl14.fr\/wp-content\/uploads\/2020\/12\/94.png\" alt=\"\" width=\"700\" height=\"394\" srcset=\"https:\/\/cpl14.fr\/wp-content\/uploads\/2020\/12\/94.png 700w, https:\/\/cpl14.fr\/wp-content\/uploads\/2020\/12\/94-300x169.png 300w, https:\/\/cpl14.fr\/wp-content\/uploads\/2020\/12\/94-678x381.png 678w\" sizes=\"auto, (max-width: 700px) 100vw, 700px\" \/><\/p>\n<p align=\"CENTER\"><span style=\"color: #000000;\"><span style=\"font-family: Arial, sans-serif;\"><span style=\"font-size: small;\">Losange gros chiffre 445 pour B\u00e9ziers<\/span><\/span><\/span><\/p>\n<p align=\"CENTER\"><span style=\"font-family: Arial, sans-serif;\"><span style=\"font-size: small;\">timbre \u00e0 date avec section de lev\u00e9e 6<sup>1<\/sup> PARIS BERCY <i>1 JUIL.72<\/i><\/span><\/span><\/p>\n<p align=\"CENTER\">.<\/p>\n<p align=\"CENTER\"><a href=\"http:\/\/cpl14.fr\/?p=7871&amp;preview=true\">retour \u00e0 l&rsquo;article Le Grand Paris de 1860<\/a><\/p>\n<p style=\"text-align: right;\" align=\"CENTER\">collection Patrick Caillot<\/p>\n","protected":false},"excerpt":{"rendered":"<div class=\"mh-excerpt\"><p>En 1860 le commerce du vin occupait 45 hectares et faisait vivre plus de 6 000 personnes. Bercy joua un r\u00f4le essentiel dans l\u2019approvisionnement des <a class=\"mh-excerpt-more\" href=\"https:\/\/cpl14.fr\/?page_id=8039\" title=\"BERCY\">[&#8230;]<\/a><\/p>\n<\/div>","protected":false},"author":1,"featured_media":0,"parent":0,"menu_order":0,"comment_status":"closed","ping_status":"closed","template":"","meta":{"footnotes":""},"class_list":["post-8039","page","type-page","status-publish","hentry"],"_links":{"self":[{"href":"https:\/\/cpl14.fr\/index.php?rest_route=\/wp\/v2\/pages\/8039","targetHints":{"allow":["GET"]}}],"collection":[{"href":"https:\/\/cpl14.fr\/index.php?rest_route=\/wp\/v2\/pages"}],"about":[{"href":"https:\/\/cpl14.fr\/index.php?rest_route=\/wp\/v2\/types\/page"}],"author":[{"embeddable":true,"href":"https:\/\/cpl14.fr\/index.php?rest_route=\/wp\/v2\/users\/1"}],"replies":[{"embeddable":true,"href":"https:\/\/cpl14.fr\/index.php?rest_route=%2Fwp%2Fv2%2Fcomments&post=8039"}],"version-history":[{"count":1,"href":"https:\/\/cpl14.fr\/index.php?rest_route=\/wp\/v2\/pages\/8039\/revisions"}],"predecessor-version":[{"id":8044,"href":"https:\/\/cpl14.fr\/index.php?rest_route=\/wp\/v2\/pages\/8039\/revisions\/8044"}],"wp:attachment":[{"href":"https:\/\/cpl14.fr\/index.php?rest_route=%2Fwp%2Fv2%2Fmedia&parent=8039"}],"curies":[{"name":"wp","href":"https:\/\/api.w.org\/{rel}","templated":true}]}}