{"id":8050,"date":"2020-12-01T10:50:16","date_gmt":"2020-12-01T09:50:16","guid":{"rendered":"http:\/\/cpl14.fr\/?page_id=8050"},"modified":"2020-12-01T10:50:16","modified_gmt":"2020-12-01T09:50:16","slug":"la-maison-blanche","status":"publish","type":"page","link":"https:\/\/cpl14.fr\/?page_id=8050","title":{"rendered":"LA MAISON BLANCHE"},"content":{"rendered":"<p align=\"JUSTIFY\"><span style=\"font-family: Arial, sans-serif;\"><span style=\"font-size: medium;\">La Butte-aux- Cailles \u00e9tait couverte de pr\u00e9s et de moulins et parsem\u00e9e de carri\u00e8res. Elle s&rsquo;urbanisait lentement, \u00e0 cause de sa proximit\u00e9 avec Paris. <\/span><\/span><\/p>\n<p align=\"JUSTIFY\"><span style=\"font-family: Arial, sans-serif;\"><span style=\"font-size: medium;\">La Bi\u00e8vre alimentait les \u00e9tangs de la Glaci\u00e8re et le moulin des Pr\u00e9s. Les industries de blanchisserie et tannerie se sont d\u00e9velopp\u00e9es le long de la rivi\u00e8re durant le 19<sup>\u00e8me<\/sup> si\u00e8cle.<\/span><\/span><\/p>\n<p align=\"JUSTIFY\"><span style=\"font-family: Arial, sans-serif;\"><span style=\"font-size: medium;\">Les deux routes, aujourd&rsquo;hui avenues d\u2019Italie et de Choisy, s&rsquo;urbanisaient lentement, en particulier le hameau de la Maison-Blanche sur la grand-route de Fontainebleau qui est maintenant l\u2019avenue d\u2019Italie. <\/span><\/span><\/p>\n<p align=\"JUSTIFY\"><span style=\"font-family: Arial, sans-serif;\"><span style=\"font-size: medium;\">Le mur d\u2019enceinte isola en 1841 le quartier de sa commune de rattachement, Gentilly, et l&rsquo;urbanisation continuait \u00e0 se d\u00e9velopper \u00e0 partir du nord. Lors de son annexion \u00e0 Paris en 1860, le quartier comprenait de vastes espaces non construits dans la vall\u00e9e de la Bi\u00e8vre et au sud de l&rsquo;arrondissement. <\/span><\/span><\/p>\n<p align=\"JUSTIFY\"><span style=\"font-family: Arial, sans-serif;\"><span style=\"font-size: medium;\">Le bureau de direction de La Maison Blanche fut cr\u00e9\u00e9 le 1<sup>er<\/sup> mai 1824, \u00e0 la place de celui de Villejuif. En 1860 le bureau de poste se situait au 104 bis route d\u2019Italie. L\u2019utilisation du losange oblit\u00e9rant petits chiffres 1838 se prolongea jusqu\u2019\u00e0 fin 1862.<\/span><\/span><\/p>\n<p align=\"JUSTIFY\"><img loading=\"lazy\" decoding=\"async\" class=\"size-full wp-image-8051 aligncenter\" src=\"http:\/\/cpl14.fr\/wp-content\/uploads\/2020\/12\/98.png\" alt=\"\" width=\"700\" height=\"370\" srcset=\"https:\/\/cpl14.fr\/wp-content\/uploads\/2020\/12\/98.png 700w, https:\/\/cpl14.fr\/wp-content\/uploads\/2020\/12\/98-300x159.png 300w\" sizes=\"auto, (max-width: 700px) 100vw, 700px\" \/><\/p>\n<p align=\"CENTER\"><span style=\"font-family: Arial, sans-serif;\"><span style=\"font-size: small;\">Losange petits chiffres 1838 sur lettre pour l\u2019Yonne<\/span><\/span><\/p>\n<p align=\"CENTER\"><span style=\"font-family: Arial, sans-serif;\"><span style=\"font-size: small;\">timbre \u00e0 date LA MAISON-BLANCHE (60) 25 FEVR. 61<\/span><\/span><\/p>\n<p align=\"CENTER\">.<\/p>\n<p align=\"CENTER\"><img loading=\"lazy\" decoding=\"async\" class=\"size-full wp-image-8052 aligncenter\" src=\"http:\/\/cpl14.fr\/wp-content\/uploads\/2020\/12\/99.png\" alt=\"\" width=\"700\" height=\"357\" srcset=\"https:\/\/cpl14.fr\/wp-content\/uploads\/2020\/12\/99.png 700w, https:\/\/cpl14.fr\/wp-content\/uploads\/2020\/12\/99-300x153.png 300w\" sizes=\"auto, (max-width: 700px) 100vw, 700px\" \/><\/p>\n<p align=\"CENTER\"><span style=\"font-family: Arial, sans-serif;\"><span style=\"font-size: small;\">Lettre non affranchie pour Paris tax\u00e9e \u00e0 15c,<\/span><\/span><\/p>\n<p align=\"CENTER\"><span style=\"font-family: Arial, sans-serif;\"><span style=\"font-size: small;\">timbre \u00e0 date bleu LA MAISON-BLANCHE (15c) 26 NOV. 63<\/span><\/span><\/p>\n<p align=\"CENTER\">.<\/p>\n<p align=\"JUSTIFY\"><span style=\"font-family: Arial, sans-serif;\"><span style=\"font-size: medium;\">En d\u00e9cembre 1862 le losange gros chiffres 1625 remplace le losange petits chiffres.<\/span><\/span><\/p>\n<p align=\"JUSTIFY\"><img loading=\"lazy\" decoding=\"async\" class=\"size-full wp-image-8053 aligncenter\" src=\"http:\/\/cpl14.fr\/wp-content\/uploads\/2020\/12\/100.png\" alt=\"\" width=\"700\" height=\"420\" srcset=\"https:\/\/cpl14.fr\/wp-content\/uploads\/2020\/12\/100.png 700w, https:\/\/cpl14.fr\/wp-content\/uploads\/2020\/12\/100-300x180.png 300w\" sizes=\"auto, (max-width: 700px) 100vw, 700px\" \/><\/p>\n<p align=\"CENTER\"><span style=\"font-family: Arial, sans-serif;\"><span style=\"font-size: small;\">Losange gros chiffres 2170 sur lettre pour les Vosges, <\/span><\/span><\/p>\n<p align=\"CENTER\"><span style=\"font-family: Arial, sans-serif;\"><span style=\"font-size: small;\">timbre \u00e0 date LA MAISON-BLANCHE (60) <i>6 MARS 66<\/i><\/span><\/span><\/p>\n<p align=\"CENTER\">.<\/p>\n<p align=\"JUSTIFY\"><span style=\"font-family: Arial, sans-serif;\"><span style=\"font-size: medium;\">En juin 1866 le cachet \u00e0 date avec lev\u00e9e PARIS LA MAISON-BLANCHE l\u2019ancien cachet type 15.<\/span><\/span><\/p>\n<p align=\"JUSTIFY\"><img loading=\"lazy\" decoding=\"async\" class=\"size-full wp-image-8054 aligncenter\" src=\"http:\/\/cpl14.fr\/wp-content\/uploads\/2020\/12\/101.png\" alt=\"\" width=\"700\" height=\"395\" srcset=\"https:\/\/cpl14.fr\/wp-content\/uploads\/2020\/12\/101.png 700w, https:\/\/cpl14.fr\/wp-content\/uploads\/2020\/12\/101-300x169.png 300w\" sizes=\"auto, (max-width: 700px) 100vw, 700px\" \/><\/p>\n<p align=\"CENTER\"><span style=\"font-family: Arial, sans-serif;\"><span style=\"font-size: small;\">Losange gros chiffres 2170 sur lettre pour Pont \u00e0 Mousson dans la Meurthe, <\/span><\/span><\/p>\n<p align=\"CENTER\"><span style=\"font-family: Arial, sans-serif;\"><span style=\"font-size: small;\">timbre \u00e0 date PARIS LA MAISON-BLANCHE <i>12 JANV. 72<\/i><\/span><\/span><\/p>\n<p align=\"CENTER\">.<\/p>\n<p align=\"CENTER\"><a href=\"http:\/\/cpl14.fr\/?p=7871&amp;preview=true\">retour \u00e0 l&rsquo;article Le Grand Paris de 1860<\/a><\/p>\n<p style=\"text-align: right;\" align=\"CENTER\">collection Patrick Caillot<\/p>\n","protected":false},"excerpt":{"rendered":"<div class=\"mh-excerpt\"><p>La Butte-aux- Cailles \u00e9tait couverte de pr\u00e9s et de moulins et parsem\u00e9e de carri\u00e8res. Elle s&rsquo;urbanisait lentement, \u00e0 cause de sa proximit\u00e9 avec Paris. La <a class=\"mh-excerpt-more\" href=\"https:\/\/cpl14.fr\/?page_id=8050\" title=\"LA MAISON BLANCHE\">[&#8230;]<\/a><\/p>\n<\/div>","protected":false},"author":1,"featured_media":0,"parent":0,"menu_order":0,"comment_status":"closed","ping_status":"closed","template":"","meta":{"footnotes":""},"class_list":["post-8050","page","type-page","status-publish","hentry"],"_links":{"self":[{"href":"https:\/\/cpl14.fr\/index.php?rest_route=\/wp\/v2\/pages\/8050","targetHints":{"allow":["GET"]}}],"collection":[{"href":"https:\/\/cpl14.fr\/index.php?rest_route=\/wp\/v2\/pages"}],"about":[{"href":"https:\/\/cpl14.fr\/index.php?rest_route=\/wp\/v2\/types\/page"}],"author":[{"embeddable":true,"href":"https:\/\/cpl14.fr\/index.php?rest_route=\/wp\/v2\/users\/1"}],"replies":[{"embeddable":true,"href":"https:\/\/cpl14.fr\/index.php?rest_route=%2Fwp%2Fv2%2Fcomments&post=8050"}],"version-history":[{"count":1,"href":"https:\/\/cpl14.fr\/index.php?rest_route=\/wp\/v2\/pages\/8050\/revisions"}],"predecessor-version":[{"id":8055,"href":"https:\/\/cpl14.fr\/index.php?rest_route=\/wp\/v2\/pages\/8050\/revisions\/8055"}],"wp:attachment":[{"href":"https:\/\/cpl14.fr\/index.php?rest_route=%2Fwp%2Fv2%2Fmedia&parent=8050"}],"curies":[{"name":"wp","href":"https:\/\/api.w.org\/{rel}","templated":true}]}}