{"id":8066,"date":"2020-12-01T11:04:22","date_gmt":"2020-12-01T10:04:22","guid":{"rendered":"http:\/\/cpl14.fr\/?page_id=8066"},"modified":"2020-12-01T11:04:22","modified_gmt":"2020-12-01T10:04:22","slug":"vaugirard","status":"publish","type":"page","link":"https:\/\/cpl14.fr\/?page_id=8066","title":{"rendered":"VAUGIRARD"},"content":{"rendered":"<p align=\"JUSTIFY\"><span style=\"font-family: Arial, sans-serif;\"><span style=\"font-size: medium;\">En 1860, Vaugirard est enti\u00e8rement annex\u00e9e par Paris et a \u00e9t\u00e9 incorpor\u00e9e pour l\u2019essentiel au sein du 15<sup>\u00e8me<\/sup> arrondissement. Le hameau de Plaisance, cr\u00e9\u00e9 peu avant l\u2019annexion, qui faisait partie de la commune, a \u00e9t\u00e9 rattach\u00e9 au 14<sup>\u00e8me<\/sup> arrondissement. Le bureau de poste est situ\u00e9 dans la Grande Rue de Vaugirard. Il continua \u00e0 utiliser le losange petits chiffres 3502 jusqu\u2019\u00e0 fin 1862.<\/span><\/span><\/p>\n<p align=\"JUSTIFY\"><img loading=\"lazy\" decoding=\"async\" class=\"size-full wp-image-8067 aligncenter\" src=\"http:\/\/cpl14.fr\/wp-content\/uploads\/2020\/12\/107.png\" alt=\"\" width=\"700\" height=\"293\" srcset=\"https:\/\/cpl14.fr\/wp-content\/uploads\/2020\/12\/107.png 700w, https:\/\/cpl14.fr\/wp-content\/uploads\/2020\/12\/107-300x126.png 300w\" sizes=\"auto, (max-width: 700px) 100vw, 700px\" \/><\/p>\n<p align=\"CENTER\"><span style=\"font-family: Arial, sans-serif;\"><span style=\"font-size: small;\">Losange petits chiffres 3502 sur lettre pour Paris timbre \u00e0 date PARIS VAUGIRARD <i>10 AOUT 61<\/i><\/span><\/span><\/p>\n<p align=\"CENTER\">.<\/p>\n<p align=\"JUSTIFY\"><span style=\"font-family: Arial, sans-serif;\"><span style=\"font-size: medium;\">Le losange petits chiffres est remplac\u00e9 fin 1862 par le losange gros chiffres 4116. Le 2 avril 1868 la rue de Vaugirard et la Grande Rue fusionnent pour donner une rue de plus de quatre kilom\u00e8tres de long. Le bureau de poste est<i> <\/i>alors au 76 rue de Vaugirard.<\/span><\/span><\/p>\n<p align=\"JUSTIFY\"><img loading=\"lazy\" decoding=\"async\" class=\"size-full wp-image-8068 aligncenter\" src=\"http:\/\/cpl14.fr\/wp-content\/uploads\/2020\/12\/108.png\" alt=\"\" width=\"700\" height=\"470\" srcset=\"https:\/\/cpl14.fr\/wp-content\/uploads\/2020\/12\/108.png 700w, https:\/\/cpl14.fr\/wp-content\/uploads\/2020\/12\/108-300x201.png 300w\" sizes=\"auto, (max-width: 700px) 100vw, 700px\" \/><\/p>\n<p align=\"CENTER\"><span style=\"font-family: Arial, sans-serif;\"><span style=\"font-size: small;\">Losange gros chiffres 4116 sur lettre pour Paris <\/span><\/span><\/p>\n<p align=\"CENTER\"><span style=\"font-family: Arial, sans-serif;\"><span style=\"font-size: small;\">timbre \u00e0 date PARIS VAUGIRARD 21 AVRIL 66<\/span><\/span><\/p>\n<p align=\"CENTER\">.<\/p>\n<p align=\"JUSTIFY\"><span style=\"font-family: Arial, sans-serif;\"><span style=\"font-size: medium;\">Le timbre \u00e0 date avec mention de taxe 15c a \u00e9t\u00e9 utilis\u00e9 par erreur. La taxe a \u00e9t\u00e9 ray\u00e9e.<\/span><\/span><\/p>\n<p align=\"JUSTIFY\"><img loading=\"lazy\" decoding=\"async\" class=\"size-full wp-image-8069 aligncenter\" src=\"http:\/\/cpl14.fr\/wp-content\/uploads\/2020\/12\/109.png\" alt=\"\" width=\"700\" height=\"463\" srcset=\"https:\/\/cpl14.fr\/wp-content\/uploads\/2020\/12\/109.png 700w, https:\/\/cpl14.fr\/wp-content\/uploads\/2020\/12\/109-300x198.png 300w\" sizes=\"auto, (max-width: 700px) 100vw, 700px\" \/><\/p>\n<p align=\"CENTER\"><span style=\"font-family: Arial, sans-serif;\"><span style=\"font-size: small;\">Losange gros chiffres 4116 sur lettre pour la Seine et Oise <\/span><\/span><\/p>\n<p align=\"CENTER\"><span style=\"font-family: Arial, sans-serif;\"><span style=\"font-size: small;\">utilisation erron\u00e9e du timbre \u00e0 date avec taxe PARIS VAUGIRARD 25 AVRIL 66<\/span><\/span><\/p>\n<p align=\"CENTER\">.<\/p>\n<p align=\"JUSTIFY\"><span style=\"font-family: Arial, sans-serif;\"><span style=\"font-size: medium;\">En septembre 1871, il est d\u00e9cid\u00e9 de cr\u00e9er un nouveau bureau dans le quartier Plaisance. Le bureau du 76 rue de Vaugirard utilisa un timbre \u00e0 date libell\u00e9 PARIS 1 VAUGIRARD 1. <\/span><\/span><\/p>\n<p align=\"JUSTIFY\"><img loading=\"lazy\" decoding=\"async\" class=\"size-full wp-image-8070 aligncenter\" src=\"http:\/\/cpl14.fr\/wp-content\/uploads\/2020\/12\/110.png\" alt=\"\" width=\"700\" height=\"460\" srcset=\"https:\/\/cpl14.fr\/wp-content\/uploads\/2020\/12\/110.png 700w, https:\/\/cpl14.fr\/wp-content\/uploads\/2020\/12\/110-300x197.png 300w\" sizes=\"auto, (max-width: 700px) 100vw, 700px\" \/><\/p>\n<p align=\"CENTER\"><span style=\"font-family: Arial, sans-serif;\"><span style=\"font-size: small;\">Losange gros chiffres 4116 sur lettre<\/span><\/span><\/p>\n<p align=\"CENTER\"><span style=\"font-family: Arial, sans-serif;\"><span style=\"font-size: small;\">timbre \u00e0 date PARIS 1 VAUGIRARD 1 17 JUIL. 73<\/span><\/span><\/p>\n<p align=\"CENTER\">.<\/p>\n<p align=\"JUSTIFY\"><span style=\"font-family: Arial, sans-serif;\"><span style=\"font-size: medium;\">On attribua le losange gros chiffre 6124 au nouveau bureau du quartier Plaisance et le libell\u00e9 du bureau fut PARIS 2 VAUGIRARD 2.<\/span><\/span><\/p>\n<p align=\"JUSTIFY\"><img loading=\"lazy\" decoding=\"async\" class=\"size-full wp-image-8071 aligncenter\" src=\"http:\/\/cpl14.fr\/wp-content\/uploads\/2020\/12\/111.png\" alt=\"\" width=\"700\" height=\"456\" srcset=\"https:\/\/cpl14.fr\/wp-content\/uploads\/2020\/12\/111.png 700w, https:\/\/cpl14.fr\/wp-content\/uploads\/2020\/12\/111-300x195.png 300w\" sizes=\"auto, (max-width: 700px) 100vw, 700px\" \/><\/p>\n<p align=\"CENTER\"><span style=\"font-family: Arial, sans-serif;\"><span style=\"font-size: small;\">Losange gros chiffres 6124 sur lettre pour le Cantal<\/span><\/span><\/p>\n<p align=\"CENTER\"><span style=\"font-family: Arial, sans-serif;\"><span style=\"font-size: small;\">timbre \u00e0 date PARIS 2 VAUGIRARD 2 30 MAI 72<\/span><\/span><\/p>\n<p align=\"CENTER\">.<\/p>\n<p align=\"CENTER\"><a href=\"http:\/\/cpl14.fr\/?p=7871&amp;preview=true\">retour \u00e0 l&rsquo;article Le Grand Paris de 1860<\/a><\/p>\n<p style=\"text-align: right;\" align=\"CENTER\">collection Patrick Caillot<\/p>\n","protected":false},"excerpt":{"rendered":"<div class=\"mh-excerpt\"><p>En 1860, Vaugirard est enti\u00e8rement annex\u00e9e par Paris et a \u00e9t\u00e9 incorpor\u00e9e pour l\u2019essentiel au sein du 15\u00e8me arrondissement. Le hameau de Plaisance, cr\u00e9\u00e9 peu <a class=\"mh-excerpt-more\" href=\"https:\/\/cpl14.fr\/?page_id=8066\" title=\"VAUGIRARD\">[&#8230;]<\/a><\/p>\n<\/div>","protected":false},"author":1,"featured_media":0,"parent":0,"menu_order":0,"comment_status":"closed","ping_status":"closed","template":"","meta":{"footnotes":""},"class_list":["post-8066","page","type-page","status-publish","hentry"],"_links":{"self":[{"href":"https:\/\/cpl14.fr\/index.php?rest_route=\/wp\/v2\/pages\/8066","targetHints":{"allow":["GET"]}}],"collection":[{"href":"https:\/\/cpl14.fr\/index.php?rest_route=\/wp\/v2\/pages"}],"about":[{"href":"https:\/\/cpl14.fr\/index.php?rest_route=\/wp\/v2\/types\/page"}],"author":[{"embeddable":true,"href":"https:\/\/cpl14.fr\/index.php?rest_route=\/wp\/v2\/users\/1"}],"replies":[{"embeddable":true,"href":"https:\/\/cpl14.fr\/index.php?rest_route=%2Fwp%2Fv2%2Fcomments&post=8066"}],"version-history":[{"count":1,"href":"https:\/\/cpl14.fr\/index.php?rest_route=\/wp\/v2\/pages\/8066\/revisions"}],"predecessor-version":[{"id":8072,"href":"https:\/\/cpl14.fr\/index.php?rest_route=\/wp\/v2\/pages\/8066\/revisions\/8072"}],"wp:attachment":[{"href":"https:\/\/cpl14.fr\/index.php?rest_route=%2Fwp%2Fv2%2Fmedia&parent=8066"}],"curies":[{"name":"wp","href":"https:\/\/api.w.org\/{rel}","templated":true}]}}