{"id":8073,"date":"2020-12-01T11:08:30","date_gmt":"2020-12-01T10:08:30","guid":{"rendered":"http:\/\/cpl14.fr\/?page_id=8073"},"modified":"2020-12-01T11:08:30","modified_gmt":"2020-12-01T10:08:30","slug":"grenelle","status":"publish","type":"page","link":"https:\/\/cpl14.fr\/?page_id=8073","title":{"rendered":"GRENELLE"},"content":{"rendered":"<p align=\"JUSTIFY\"><span style=\"font-family: Arial, sans-serif;\"><span style=\"font-size: medium;\">La commune de Grenelle fut cr\u00e9\u00e9e en 1830 en la d\u00e9tachant de celle de Vaugirard, elle \u00e9tait appel\u00e9e commun\u00e9ment Beau-Grenelle. En 1860, la commune est supprim\u00e9e malgr\u00e9 l\u2019opposition des grenellois et est int\u00e9gr\u00e9e au 15<sup>\u00e8me<\/sup> arrondissement. <\/span><\/span><\/p>\n<p align=\"JUSTIFY\"><span style=\"font-family: Arial, sans-serif;\"><span style=\"font-size: medium;\">Le bureau de distribution cr\u00e9\u00e9 le 1<sup>er<\/sup> janvier 1835 \u00e9tait situ\u00e9 au 47 rue de Grenelle. Le losange oblit\u00e9rant petits chiffres 1451 fut utilis\u00e9 jusqu\u2019\u00e0 la fin 1862.<\/span><\/span><\/p>\n<p align=\"JUSTIFY\"><img loading=\"lazy\" decoding=\"async\" class=\"size-full wp-image-8074 aligncenter\" src=\"http:\/\/cpl14.fr\/wp-content\/uploads\/2020\/12\/112.png\" alt=\"\" width=\"700\" height=\"279\" srcset=\"https:\/\/cpl14.fr\/wp-content\/uploads\/2020\/12\/112.png 700w, https:\/\/cpl14.fr\/wp-content\/uploads\/2020\/12\/112-300x120.png 300w\" sizes=\"auto, (max-width: 700px) 100vw, 700px\" \/><\/p>\n<p align=\"CENTER\"><span style=\"font-family: Arial, sans-serif;\"><span style=\"font-size: small;\">Losange petits chiffres 1451 sur lettre pour l\u2019Oise<\/span><\/span><\/p>\n<p align=\"CENTER\"><span style=\"font-family: Arial, sans-serif;\"><span style=\"font-size: small;\">timbre \u00e0 date GRENELLE (60) 9 AVRIL 62<\/span><\/span><\/p>\n<p align=\"CENTER\">.<\/p>\n<p align=\"JUSTIFY\"><span style=\"font-family: Arial, sans-serif;\"><span style=\"font-size: medium;\">Le losange petits chiffres est remplac\u00e9 en janvier 1863 par le losange gros chiffres 1715.<\/span><\/span><\/p>\n<p align=\"JUSTIFY\"><img loading=\"lazy\" decoding=\"async\" class=\"size-full wp-image-8075 aligncenter\" src=\"http:\/\/cpl14.fr\/wp-content\/uploads\/2020\/12\/113.png\" alt=\"\" width=\"700\" height=\"457\" srcset=\"https:\/\/cpl14.fr\/wp-content\/uploads\/2020\/12\/113.png 700w, https:\/\/cpl14.fr\/wp-content\/uploads\/2020\/12\/113-300x196.png 300w\" sizes=\"auto, (max-width: 700px) 100vw, 700px\" \/><\/p>\n<p align=\"CENTER\"><span style=\"font-family: Arial, sans-serif;\"><span style=\"font-size: small;\">Losange gros chiffres 1715 sur lettre pour Paris,<\/span><\/span><\/p>\n<p align=\"CENTER\"><span style=\"font-family: Arial, sans-serif;\"><span style=\"font-size: small;\">timbre \u00e0 date GRENELLE (60) <i>8 DEC. 63<\/i><\/span><\/span><\/p>\n<p align=\"CENTER\">.<\/p>\n<p align=\"JUSTIFY\"><span style=\"font-family: Arial, sans-serif;\"><span style=\"font-size: medium;\">A partir de juin 1866, un nouveau timbre \u00e0 date libell\u00e9 PARIS GRENELLE, rempla\u00e7a l\u2019ancien cachet type 15.<\/span><\/span><\/p>\n<p align=\"JUSTIFY\"><img loading=\"lazy\" decoding=\"async\" class=\"size-full wp-image-8076 aligncenter\" src=\"http:\/\/cpl14.fr\/wp-content\/uploads\/2020\/12\/114.png\" alt=\"\" width=\"700\" height=\"429\" srcset=\"https:\/\/cpl14.fr\/wp-content\/uploads\/2020\/12\/114.png 700w, https:\/\/cpl14.fr\/wp-content\/uploads\/2020\/12\/114-300x184.png 300w\" sizes=\"auto, (max-width: 700px) 100vw, 700px\" \/><\/p>\n<p align=\"CENTER\"><span style=\"font-family: Arial, sans-serif;\"><span style=\"font-size: small;\">Losange gros chiffres 1715 sur lettre pour la Suisse, <\/span><\/span><\/p>\n<p align=\"CENTER\"><span style=\"font-family: Arial, sans-serif;\"><span style=\"font-size: small;\">timbre \u00e0 date PARIS GRENELLE <i>27 DEC. 66<\/i><\/span><\/span><\/p>\n<p align=\"CENTER\">.<\/p>\n<p align=\"CENTER\"><a href=\"http:\/\/cpl14.fr\/?p=7871&amp;preview=true\">retour \u00e0 l&rsquo;article Le Grand Paris de 1860<\/a><\/p>\n<p style=\"text-align: right;\" align=\"CENTER\">collection Patrick Caillot<\/p>\n","protected":false},"excerpt":{"rendered":"<div class=\"mh-excerpt\"><p>La commune de Grenelle fut cr\u00e9\u00e9e en 1830 en la d\u00e9tachant de celle de Vaugirard, elle \u00e9tait appel\u00e9e commun\u00e9ment Beau-Grenelle. En 1860, la commune est <a class=\"mh-excerpt-more\" href=\"https:\/\/cpl14.fr\/?page_id=8073\" title=\"GRENELLE\">[&#8230;]<\/a><\/p>\n<\/div>","protected":false},"author":1,"featured_media":0,"parent":0,"menu_order":0,"comment_status":"closed","ping_status":"closed","template":"","meta":{"footnotes":""},"class_list":["post-8073","page","type-page","status-publish","hentry"],"_links":{"self":[{"href":"https:\/\/cpl14.fr\/index.php?rest_route=\/wp\/v2\/pages\/8073","targetHints":{"allow":["GET"]}}],"collection":[{"href":"https:\/\/cpl14.fr\/index.php?rest_route=\/wp\/v2\/pages"}],"about":[{"href":"https:\/\/cpl14.fr\/index.php?rest_route=\/wp\/v2\/types\/page"}],"author":[{"embeddable":true,"href":"https:\/\/cpl14.fr\/index.php?rest_route=\/wp\/v2\/users\/1"}],"replies":[{"embeddable":true,"href":"https:\/\/cpl14.fr\/index.php?rest_route=%2Fwp%2Fv2%2Fcomments&post=8073"}],"version-history":[{"count":1,"href":"https:\/\/cpl14.fr\/index.php?rest_route=\/wp\/v2\/pages\/8073\/revisions"}],"predecessor-version":[{"id":8077,"href":"https:\/\/cpl14.fr\/index.php?rest_route=\/wp\/v2\/pages\/8073\/revisions\/8077"}],"wp:attachment":[{"href":"https:\/\/cpl14.fr\/index.php?rest_route=%2Fwp%2Fv2%2Fmedia&parent=8073"}],"curies":[{"name":"wp","href":"https:\/\/api.w.org\/{rel}","templated":true}]}}