{"id":85,"date":"2017-05-18T16:48:19","date_gmt":"2017-05-18T14:48:19","guid":{"rendered":"http:\/\/cpl14.fr\/?page_id=85"},"modified":"2024-03-06T11:10:25","modified_gmt":"2024-03-06T10:10:25","slug":"presentation-du-site","status":"publish","type":"page","link":"https:\/\/cpl14.fr\/?page_id=85","title":{"rendered":"Pr\u00e9sentation du site"},"content":{"rendered":"<div class=\"mail-content-readonly\">\n<table class=\"mail-content-readonly-table\">\n<tbody>\n<tr>\n<td>\n<div id=\"message\" class=\"mail-content-read\">\n<p dir=\"ltr\">Fort de plus de 140 membres,\u00a0 le Cercle Philat\u00e9lique Lexovien f\u00eatera ses 80 ans en 2018.<br \/>\nPour anticiper cet \u00e9v\u00e9nement, nous avons con\u00e7u un site d&rsquo;une forme assez nouvelle. Devant l&rsquo;incroyable diversit\u00e9 des sujets et th\u00e8mes de collection qui anime nos membres et l&rsquo;\u00e9quipe r\u00e9dactionnelle, nous avons fait le choix d&rsquo;ouvrir au maximum l&rsquo;\u00e9ventail de la d\u00e9couverte.<br \/>\nA vous seuls de choisir la voie qui vous convient.<\/p>\n<p dir=\"ltr\">Ce site n&rsquo;est pas un site marchand, vous n&rsquo;y trouverez pas de vente ni d&rsquo;expertise.<\/p>\n<p dir=\"ltr\">Il n&rsquo;est pas non plus de notre ressort de donner des cotations: pour la Philat\u00e9lie ou l&rsquo;histoire postale, les cotes qui peuvent appara\u00eetre sont celles de catalogues d\u00e9j\u00e0 existants, et qui sont cit\u00e9s.<\/p>\n<h4 dir=\"ltr\"><strong>Le Menu:<\/strong><\/h4>\n<p dir=\"ltr\"><a href=\"http:\/\/cpl14.fr\/\">ACCUEIL<\/a> : Vous permet de nous d\u00e9couvrir.<\/p>\n<p dir=\"ltr\"><a href=\"http:\/\/cpl14.fr\/?page_id=214\">LE CLUB<\/a>: Une pr\u00e9sentation du Cercle Philat\u00e9lique Lexovien<\/p>\n<p dir=\"ltr\"><a href=\"http:\/\/cpl14.fr\/?page_id=111\">BIBLIOTH\u00c8QUE DU CERCLE<\/a> : Cette liste vous permet de conna\u00eetre les ouvrages que vous pouvez consulter ou emprunter au Club. Attention seulement le mercredi \u00e0 l&rsquo;Espace Victor Hugo, pendant la permanence du Cercle.<\/p>\n<p dir=\"ltr\"><a href=\"http:\/\/cpl14.fr\/?page_id=244\">OUTILS<\/a>: Des aides pour d\u00e9coder certains articles de notre site<\/p>\n<p dir=\"ltr\"><a href=\"http:\/\/cpl14.fr\/?page_id=47\">ACTUALITES<\/a>: Pour suivre les \u00e9v\u00e9nements du club, mais aussi les divers rendez-vous locaux, r\u00e9gionaux ou nationaux.<\/p>\n<p dir=\"ltr\"><a href=\"http:\/\/cpl14.fr\/?page_id=49\">LIENS<\/a>: Les sites internet, blogs ou forum sur lesquels vous trouverez des informations pr\u00e9cieuses.<\/p>\n<p dir=\"ltr\"><a href=\"https:\/\/cpl14.fr\/?p=8446\">TABLE DES MATIERES<\/a> : pour faire une recherche d&rsquo;article suivant les th\u00e8mes du site<\/p>\n<p dir=\"ltr\"><a href=\"http:\/\/cpl14.fr\/?page_id=51\">CONTACT<\/a>: Nous ne sommes pas un forum.<br \/>\nContact vous permet d&rsquo;envoyer une question ou un commentaire. Les r\u00e9ponses si elles sont n\u00e9cessaires, seront individuelles.<\/p>\n<h4 dir=\"ltr\"><strong>La Recherche:<\/strong><\/h4>\n<p dir=\"ltr\"><a href=\"http:\/\/cpl14.fr\/\">LOGO de LISIEUX<\/a> : en cliquant\u00a0 sur un th\u00e8me vous entrez directement<em> (suite \u00e0 un gros probl\u00e8me de serveur en 2023, cette fonctionnalit\u00e9 est en panne, nous essayons de la r\u00e9parer&#8230;)<\/em><\/p>\n<p dir=\"ltr\"><a href=\"http:\/\/cpl14.fr\/\">CAT\u00c9GORIES <\/a>: vous visionnez la liste des Cat\u00e9gories o\u00f9 vous pouvez entrer. Vous y trouverez diverses formes r\u00e9dactionnelles :<br \/>\n. Des sujets courts, et illustr\u00e9s<br \/>\n. Des sujets ou \u00e9tudes de fond plus consistants<br \/>\n. Des catalogues<br \/>\n. Des collections dans leur int\u00e9gralit\u00e9 peuvent venir compl\u00e9ter<br \/>\n. Ce site est en construction permanente, sa vie sera l&rsquo;apport de tous les membres ou sympathisants.<\/p>\n<p dir=\"ltr\"><a href=\"http:\/\/cpl14.fr\/\">RECHERCHER<\/a>: Taper un mot clef, le site vous propose ses r\u00e9sultats.<\/p>\n<p dir=\"ltr\">ou passer par la <a href=\"https:\/\/cpl14.fr\/?p=8446\">TABLE DES MATIERES<\/a><\/p>\n<h4 dir=\"ltr\">Les Articles:<\/h4>\n<p dir=\"ltr\">BIBLIOGRAPHIE: Chaque fois que possible nous donnerons des \u00e9l\u00e9ments de r\u00e9f\u00e9rence, livres, catalogues, publications et mus\u00e9es.<\/p>\n<p dir=\"ltr\">V\u00c9RIFICATIONS et CERTIFICATIONS:<br \/>\nLes objets, documents, lettres ou tous autres que nous d\u00e9crivons ont \u00e9t\u00e9 vus, touch\u00e9s et v\u00e9rifi\u00e9s par le comit\u00e9 de r\u00e9daction. Leur description est donc visuelle, sinc\u00e8re et \u00e9tay\u00e9e par des \u00e9l\u00e9ments de r\u00e9f\u00e9rence concrets.<br \/>\nL&rsquo;erreur est humaine, mais tous les \u00e9l\u00e9ments pr\u00e9sent\u00e9s \u00e9tant la propri\u00e9t\u00e9 de membres de l&rsquo;association, toute v\u00e9rification ult\u00e9rieure, et correction reste possible.<\/p>\n<h4 dir=\"ltr\">Smartphones et Tablettes:<\/h4>\n<p dir=\"ltr\">Nos pages sont parfaitement lisibles et utilisables sur smartphone ou tablette.<\/p>\n<p dir=\"ltr\">Sur smartphone, le menu des cat\u00e9gories appara\u00eet sous forme de menu d\u00e9roulant, sans d\u00e9calage des sous-cat\u00e9gories. Les cat\u00e9gories sont en majuscules, les sous-cat\u00e9gories en minuscules.<\/p>\n<p dir=\"ltr\">Sur smartphone, suivant la composition de notre page et votre mode de lecture, il arrive que la barre haute d&rsquo;\u00e9cran cache le titre ou la premi\u00e8re ligne de texte !<br \/>\nPas de souci dans ce cas: en bas, dans votre barre de fonctions, une ic\u00f4ne vous permet de changer le mode de d\u00e9filement vertical en mode \u00ab\u00a0page \u00e0 page\u00a0\u00bb comme un livre&#8230; et le probl\u00e8me est r\u00e9solu, vous avez les pages bien enti\u00e8res. Il faut simplement le refaire pour chaque t\u00e9l\u00e9chargement, car la plupart des appareils reviennent automatiquement au mode d\u00e9filement.<\/p>\n<h4 dir=\"ltr\">Remerciements:<\/h4>\n<p dir=\"ltr\">Nous remercions:<\/p>\n<p dir=\"ltr\">-le service Communication de la Mairie de Lisieux de\u00a0l&rsquo;autorisation qui nous a \u00e9t\u00e9 faite pour l&rsquo;utilisation du logo de la ville dans notre page d&rsquo;accueil.<\/p>\n<p dir=\"ltr\">M. Hubert MOISY, Deauville, pour ses nombreuses collections toujours amicalement \u00e0 notre disposition. (Pr\u00e9sident de l&rsquo;amicale Philat\u00e9lique et Cartophile de Trouville-Deauville ).<\/p>\n<p dir=\"ltr\">-Gilbert DOURON, Guy DUTAU, G\u00e9rard DESARNAUD, Michel SUBRA, Dominique REYNAUD, Yvon NOUAZE (tous de L&rsquo;UNION MARCOPHILE) pour leurs encouragements et les nombreux renseignements pertinents qu&rsquo;ils apportent.<\/p>\n<p dir=\"ltr\">-MM. Alain CORBLIN, Jean-Alain CAIRON, Jean-Jacques DARTHENAY, Raymond RAVEAUX pour les renseignements historiques et images qu&rsquo;ils nous communiquent amicalement.<\/p>\n<p dir=\"ltr\">-Jacques MARIE , pour les Chemin de Fer en Pays d&rsquo;Auge\u00a0et SNCF.<\/p>\n<p>-Les habitu\u00e9s des blogs et forums pour leurs concours divers (voyez les LIENS).<\/p>\n<\/div>\n<div id=\"message\" class=\"mail-content-read\"><\/div>\n<\/td>\n<\/tr>\n<\/tbody>\n<\/table>\n<\/div>\n<div class=\"mail-bottom-options-bloc\"><\/div>\n","protected":false},"excerpt":{"rendered":"<div class=\"mh-excerpt\"><p>Fort de plus de 140 membres,\u00a0 le Cercle Philat\u00e9lique Lexovien f\u00eatera ses 80 ans en 2018. Pour anticiper cet \u00e9v\u00e9nement, nous avons con\u00e7u un site <a class=\"mh-excerpt-more\" href=\"https:\/\/cpl14.fr\/?page_id=85\" title=\"Pr\u00e9sentation du site\">[&#8230;]<\/a><\/p>\n<\/div>","protected":false},"author":1,"featured_media":0,"parent":0,"menu_order":0,"comment_status":"closed","ping_status":"closed","template":"","meta":{"footnotes":""},"class_list":["post-85","page","type-page","status-publish","hentry"],"_links":{"self":[{"href":"https:\/\/cpl14.fr\/index.php?rest_route=\/wp\/v2\/pages\/85","targetHints":{"allow":["GET"]}}],"collection":[{"href":"https:\/\/cpl14.fr\/index.php?rest_route=\/wp\/v2\/pages"}],"about":[{"href":"https:\/\/cpl14.fr\/index.php?rest_route=\/wp\/v2\/types\/page"}],"author":[{"embeddable":true,"href":"https:\/\/cpl14.fr\/index.php?rest_route=\/wp\/v2\/users\/1"}],"replies":[{"embeddable":true,"href":"https:\/\/cpl14.fr\/index.php?rest_route=%2Fwp%2Fv2%2Fcomments&post=85"}],"version-history":[{"count":19,"href":"https:\/\/cpl14.fr\/index.php?rest_route=\/wp\/v2\/pages\/85\/revisions"}],"predecessor-version":[{"id":8660,"href":"https:\/\/cpl14.fr\/index.php?rest_route=\/wp\/v2\/pages\/85\/revisions\/8660"}],"wp:attachment":[{"href":"https:\/\/cpl14.fr\/index.php?rest_route=%2Fwp%2Fv2%2Fmedia&parent=85"}],"curies":[{"name":"wp","href":"https:\/\/api.w.org\/{rel}","templated":true}]}}