{"id":8521,"date":"2024-02-23T17:58:38","date_gmt":"2024-02-23T16:58:38","guid":{"rendered":"https:\/\/cpl14.fr\/?page_id=8521"},"modified":"2024-02-23T17:58:38","modified_gmt":"2024-02-23T16:58:38","slug":"philatelie","status":"publish","type":"page","link":"https:\/\/cpl14.fr\/?page_id=8521","title":{"rendered":"Philat\u00e9lie"},"content":{"rendered":"\n<h2 class=\"wp-block-heading\">France<\/h2>\n\n\n\n<p><a href=\"https:\/\/cpl14.fr\/?p=1150\" target=\"_blank\" rel=\"noreferrer noopener\">Types ou Etats\u2026en typographie et taille douce<\/a><\/p>\n\n\n\n<p><a href=\"https:\/\/cpl14.fr\/?p=2258\" target=\"_blank\" rel=\"noreferrer noopener\">Identification des Types<\/a><\/p>\n\n\n\n<p><a href=\"https:\/\/cpl14.fr\/?p=250\">Les Vari\u00e9t\u00e9s Constantes des Semeuses<\/a><\/p>\n\n\n\n<p><a href=\"https:\/\/cpl14.fr\/?p=5156\" target=\"_blank\" rel=\"noreferrer noopener\">Philat\u00e9lie Joyeuse<\/a><\/p>\n\n\n\n<p><a href=\"https:\/\/cpl14.fr\/?p=4863\" target=\"_blank\" rel=\"noreferrer noopener\">\u00c9douard PIGNON, une histoire de plongeurs<\/a><\/p>\n\n\n\n<p><a href=\"https:\/\/cpl14.fr\/?p=4838\" target=\"_blank\" rel=\"noreferrer noopener\">Le 75c Pasteur n\u00b0177 \u00ab\u00a0de roulette\u00a0\u00bb<\/a>..<\/p>\n\n\n\n<p><a href=\"https:\/\/cpl14.fr\/?p=3389\" target=\"_blank\" rel=\"noreferrer noopener\">Un papier bien discret nomm\u00e9 \u00ab\u00a0Azurant\u00a0\u00bb<\/a><\/p>\n\n\n\n<p><a href=\"https:\/\/cpl14.fr\/?p=3421\" target=\"_blank\" rel=\"noreferrer noopener\">Un papier bien discret nomm\u00e9 \u00ab Azurant \u00bb (2)<\/a><\/p>\n\n\n\n<p><a href=\"https:\/\/cpl14.fr\/?p=3505\" target=\"_blank\" rel=\"noreferrer noopener\">Un papier bien discret nomm\u00e9 \u00ab Azurant \u00bb (3)<\/a><\/p>\n\n\n\n<p><a href=\"https:\/\/cpl14.fr\/?p=3540\" target=\"_blank\" rel=\"noreferrer noopener\">Un papier bien discret nomm\u00e9 \u00ab Azurant \u00bb (4)<\/a><\/p>\n\n\n\n<p><a href=\"https:\/\/cpl14.fr\/?p=3670\" target=\"_blank\" rel=\"noreferrer noopener\">compl\u00e9ment \u00e0 l\u2019article Azurants 4: le Concorde<\/a><\/p>\n\n\n\n<p><a href=\"https:\/\/cpl14.fr\/?p=3553\" target=\"_blank\" rel=\"noreferrer noopener\">Un papier bien discret nomm\u00e9 \u00ab Azurant \u00bb (5)<\/a><\/p>\n\n\n\n<p><a href=\"https:\/\/cpl14.fr\/?p=3573\" target=\"_blank\" rel=\"noreferrer noopener\">Un papier bien discret nomm\u00e9 \u00ab Azurant \u00bb (6)<\/a><\/p>\n\n\n\n<p><a href=\"https:\/\/cpl14.fr\/?p=3587\" target=\"_blank\" rel=\"noreferrer noopener\">Un papier bien discret nomm\u00e9 \u00ab Azurant \u00bb (7) et conclusion<\/a><\/p>\n\n\n\n<p><a href=\"https:\/\/cpl14.fr\/?p=1873\">Les vari\u00e9t\u00e9s des Semeuse pr\u00e9-oblit\u00e9r\u00e9es sur rotative<\/a><\/p>\n\n\n\n<p><a href=\"https:\/\/cpl14.fr\/?p=1822\">Le timbre 50F Petain de Charles Mazelin<\/a><\/p>\n\n\n\n<p><a href=\"https:\/\/cpl14.fr\/?p=1816\">30c vert Mermoz n\u00b0653<\/a><\/p>\n\n\n\n<p><a href=\"https:\/\/cpl14.fr\/?p=988\">Les d\u00e9buts de l\u2019impression sur TD6<\/a><\/p>\n\n\n\n<p><a href=\"https:\/\/cpl14.fr\/?p=764\">Petites vari\u00e9t\u00e9s au d\u00e9but de l\u2019impressions 3 couleurs<\/a><\/p>\n\n\n\n<p><\/p>\n\n\n\n<h2 class=\"wp-block-heading\">Autres pays<\/h2>\n\n\n\n<p><a href=\"https:\/\/cpl14.fr\/?p=2854\" target=\"_blank\" rel=\"noreferrer noopener\">Nouvelle Bretagne ?<\/a><\/p>\n\n\n\n<h3 class=\"wp-block-heading\"><a href=\"https:\/\/cpl14.fr\/?p=2094\">USA: les Washington 2 cents de 1890 \u00e0 1899<\/a><\/h3>\n\n\n\n<p><a href=\"https:\/\/cpl14.fr\/?p=2023\">Amazonie 1900, les Timbres de Firmine<\/a><\/p>\n\n\n\n<p><a href=\"https:\/\/cpl14.fr\/?p=1971\">Alphonse MUCHA: Une histoire postale<\/a><\/p>\n\n\n\n<p><\/p>\n\n\n\n<h2 class=\"wp-block-heading\">Th\u00e9matique<\/h2>\n\n\n\n<p><a href=\"https:\/\/cpl14.fr\/?p=7709\" target=\"_blank\" rel=\"noreferrer noopener\">Dr\u00f4les de Becs<\/a><\/p>\n\n\n\n<p><a href=\"https:\/\/cpl14.fr\/?p=4506\" target=\"_blank\" rel=\"noreferrer noopener\">La t\u00eate dans les \u00e9toiles<\/a><\/p>\n\n\n\n<p><a href=\"https:\/\/cpl14.fr\/?p=1889\">Le Royaume du Laos 1951-1974<\/a><\/p>\n\n\n\n<p class=\"has-text-align-right\"><a href=\"https:\/\/cpl14.fr\/?p=8446\">retour vers Table des Mati\u00e8res<\/a><\/p>\n","protected":false},"excerpt":{"rendered":"<div class=\"mh-excerpt\"><p>France Types ou Etats\u2026en typographie et taille douce Identification des Types Les Vari\u00e9t\u00e9s Constantes des Semeuses Philat\u00e9lie Joyeuse \u00c9douard PIGNON, une histoire de plongeurs Le <a class=\"mh-excerpt-more\" href=\"https:\/\/cpl14.fr\/?page_id=8521\" title=\"Philat\u00e9lie\">[&#8230;]<\/a><\/p>\n<\/div>","protected":false},"author":1,"featured_media":0,"parent":0,"menu_order":0,"comment_status":"closed","ping_status":"closed","template":"","meta":{"footnotes":""},"class_list":["post-8521","page","type-page","status-publish","hentry"],"_links":{"self":[{"href":"https:\/\/cpl14.fr\/index.php?rest_route=\/wp\/v2\/pages\/8521","targetHints":{"allow":["GET"]}}],"collection":[{"href":"https:\/\/cpl14.fr\/index.php?rest_route=\/wp\/v2\/pages"}],"about":[{"href":"https:\/\/cpl14.fr\/index.php?rest_route=\/wp\/v2\/types\/page"}],"author":[{"embeddable":true,"href":"https:\/\/cpl14.fr\/index.php?rest_route=\/wp\/v2\/users\/1"}],"replies":[{"embeddable":true,"href":"https:\/\/cpl14.fr\/index.php?rest_route=%2Fwp%2Fv2%2Fcomments&post=8521"}],"version-history":[{"count":1,"href":"https:\/\/cpl14.fr\/index.php?rest_route=\/wp\/v2\/pages\/8521\/revisions"}],"predecessor-version":[{"id":8522,"href":"https:\/\/cpl14.fr\/index.php?rest_route=\/wp\/v2\/pages\/8521\/revisions\/8522"}],"wp:attachment":[{"href":"https:\/\/cpl14.fr\/index.php?rest_route=%2Fwp%2Fv2%2Fmedia&parent=8521"}],"curies":[{"name":"wp","href":"https:\/\/api.w.org\/{rel}","templated":true}]}}