{"id":8530,"date":"2024-02-24T08:51:25","date_gmt":"2024-02-24T07:51:25","guid":{"rendered":"https:\/\/cpl14.fr\/?page_id=8530"},"modified":"2024-02-24T08:51:25","modified_gmt":"2024-02-24T07:51:25","slug":"histoire-numismatique-financiere-et-fiscale","status":"publish","type":"page","link":"https:\/\/cpl14.fr\/?page_id=8530","title":{"rendered":"Histoire Numismatique, Financi\u00e8re et Fiscale"},"content":{"rendered":"\n<h2 class=\"wp-block-heading\">Fiscale<\/h2>\n\n\n\n<p><a href=\"https:\/\/cpl14.fr\/?p=802\">Le Timbre Fiscal<\/a><\/p>\n\n\n\n<p><a href=\"https:\/\/cpl14.fr\/?p=3810\">Le Timbrage Fiscal des Articles d\u2019Argent<\/a><\/p>\n\n\n\n<p><a href=\"https:\/\/cpl14.fr\/?p=3740\">Le Timbre Fiscal du Ch\u00e8que<\/a><\/p>\n\n\n\n<p><a href=\"https:\/\/cpl14.fr\/?p=1732\">Taxe sur les V\u00e9locip\u00e8des<\/a><\/p>\n\n\n\n<p><a href=\"https:\/\/cpl14.fr\/?p=4908\">Le timbre fiscal de l\u2019automobile<\/a><\/p>\n\n\n\n<h2 class=\"wp-block-heading\">Financi\u00e8re<\/h2>\n\n\n\n<h2 class=\"wp-block-heading\">Numismatique<\/h2>\n\n\n\n<p><a href=\"https:\/\/cpl14.fr\/?p=294\">Un billet de 200.000F!<\/a><\/p>\n\n\n\n<p class=\"has-text-align-right\"><a href=\"https:\/\/cpl14.fr\/?p=8446\">retour vers Table des Mati\u00e8res<\/a><\/p>\n","protected":false},"excerpt":{"rendered":"<div class=\"mh-excerpt\"><p>Fiscale Le Timbre Fiscal Le Timbrage Fiscal des Articles d\u2019Argent Le Timbre Fiscal du Ch\u00e8que Taxe sur les V\u00e9locip\u00e8des Le timbre fiscal de l\u2019automobile Financi\u00e8re <a class=\"mh-excerpt-more\" href=\"https:\/\/cpl14.fr\/?page_id=8530\" title=\"Histoire Numismatique, Financi\u00e8re et Fiscale\">[&#8230;]<\/a><\/p>\n<\/div>","protected":false},"author":1,"featured_media":0,"parent":0,"menu_order":0,"comment_status":"closed","ping_status":"closed","template":"","meta":{"footnotes":""},"class_list":["post-8530","page","type-page","status-publish","hentry"],"_links":{"self":[{"href":"https:\/\/cpl14.fr\/index.php?rest_route=\/wp\/v2\/pages\/8530","targetHints":{"allow":["GET"]}}],"collection":[{"href":"https:\/\/cpl14.fr\/index.php?rest_route=\/wp\/v2\/pages"}],"about":[{"href":"https:\/\/cpl14.fr\/index.php?rest_route=\/wp\/v2\/types\/page"}],"author":[{"embeddable":true,"href":"https:\/\/cpl14.fr\/index.php?rest_route=\/wp\/v2\/users\/1"}],"replies":[{"embeddable":true,"href":"https:\/\/cpl14.fr\/index.php?rest_route=%2Fwp%2Fv2%2Fcomments&post=8530"}],"version-history":[{"count":1,"href":"https:\/\/cpl14.fr\/index.php?rest_route=\/wp\/v2\/pages\/8530\/revisions"}],"predecessor-version":[{"id":8532,"href":"https:\/\/cpl14.fr\/index.php?rest_route=\/wp\/v2\/pages\/8530\/revisions\/8532"}],"wp:attachment":[{"href":"https:\/\/cpl14.fr\/index.php?rest_route=%2Fwp%2Fv2%2Fmedia&parent=8530"}],"curies":[{"name":"wp","href":"https:\/\/api.w.org\/{rel}","templated":true}]}}