{"id":8537,"date":"2024-02-24T09:07:56","date_gmt":"2024-02-24T08:07:56","guid":{"rendered":"https:\/\/cpl14.fr\/?page_id=8537"},"modified":"2024-02-24T09:17:23","modified_gmt":"2024-02-24T08:17:23","slug":"imagerie-et-histoire-des-vieux-papiers","status":"publish","type":"page","link":"https:\/\/cpl14.fr\/?page_id=8537","title":{"rendered":"Imagerie et Histoire des Vieux Papiers"},"content":{"rendered":"\n<p><a href=\"https:\/\/cpl14.fr\/?p=5883\">Les voeux de CPL14<\/a><\/p>\n\n\n\n<p><a href=\"https:\/\/cpl14.fr\/?p=3226\">Saint Valentin<\/a><\/p>\n\n\n\n<p><a href=\"https:\/\/cpl14.fr\/?p=3155\">Lettre de v\u0153ux pour 1917<\/a><\/p>\n\n\n\n<p><a href=\"https:\/\/cpl14.fr\/?p=3139\">Lettre de v\u0153ux pour 1813<\/a><\/p>\n\n\n\n<p><a href=\"https:\/\/cpl14.fr\/?p=3126\">Lettre de v\u0153ux peinte \u2026 en 1817<\/a><\/p>\n\n\n\n<p><a href=\"https:\/\/cpl14.fr\/?p=290\">Un Armorial par Henri LE COURT 1877<\/a><\/p>\n\n\n\n<p class=\"has-text-align-right\"><a href=\"https:\/\/cpl14.fr\/?p=8446\">retour vers Table des Mati\u00e8res<\/a><\/p>\n","protected":false},"excerpt":{"rendered":"<div class=\"mh-excerpt\"><p>Les voeux de CPL14 Saint Valentin Lettre de v\u0153ux pour 1917 Lettre de v\u0153ux pour 1813 Lettre de v\u0153ux peinte \u2026 en 1817 Un Armorial <a class=\"mh-excerpt-more\" href=\"https:\/\/cpl14.fr\/?page_id=8537\" title=\"Imagerie et Histoire des Vieux Papiers\">[&#8230;]<\/a><\/p>\n<\/div>","protected":false},"author":1,"featured_media":0,"parent":0,"menu_order":0,"comment_status":"closed","ping_status":"closed","template":"","meta":{"footnotes":""},"class_list":["post-8537","page","type-page","status-publish","hentry"],"_links":{"self":[{"href":"https:\/\/cpl14.fr\/index.php?rest_route=\/wp\/v2\/pages\/8537","targetHints":{"allow":["GET"]}}],"collection":[{"href":"https:\/\/cpl14.fr\/index.php?rest_route=\/wp\/v2\/pages"}],"about":[{"href":"https:\/\/cpl14.fr\/index.php?rest_route=\/wp\/v2\/types\/page"}],"author":[{"embeddable":true,"href":"https:\/\/cpl14.fr\/index.php?rest_route=\/wp\/v2\/users\/1"}],"replies":[{"embeddable":true,"href":"https:\/\/cpl14.fr\/index.php?rest_route=%2Fwp%2Fv2%2Fcomments&post=8537"}],"version-history":[{"count":3,"href":"https:\/\/cpl14.fr\/index.php?rest_route=\/wp\/v2\/pages\/8537\/revisions"}],"predecessor-version":[{"id":8547,"href":"https:\/\/cpl14.fr\/index.php?rest_route=\/wp\/v2\/pages\/8537\/revisions\/8547"}],"wp:attachment":[{"href":"https:\/\/cpl14.fr\/index.php?rest_route=%2Fwp%2Fv2%2Fmedia&parent=8537"}],"curies":[{"name":"wp","href":"https:\/\/api.w.org\/{rel}","templated":true}]}}