{"id":8592,"date":"2024-02-24T19:04:20","date_gmt":"2024-02-24T18:04:20","guid":{"rendered":"https:\/\/cpl14.fr\/?page_id=8592"},"modified":"2024-02-24T19:16:07","modified_gmt":"2024-02-24T18:16:07","slug":"les-ceres-de-bordeaux","status":"publish","type":"page","link":"https:\/\/cpl14.fr\/?page_id=8592","title":{"rendered":"Les C\u00e9r\u00e8s de Bordeaux"},"content":{"rendered":"\n<p>Apr\u00e8s la d\u00e9faite de Sedan, Napol\u00e9on III est fait prisonnier, et L\u00e9on Gambetta proclame la IIIe R\u00e9publique le 4 septembre 1870. D\u00e8s le lendemain des instructions sont donn\u00e9es pour remplacer  l&rsquo;effigie de l&rsquo;Empereur sur les timbres-poste par l&rsquo;effigie de la R\u00e9publique : la d\u00e9esse C\u00e9r\u00e8s. Les planches de 1849-1850 sont r\u00e9utilis\u00e9es et trois valeurs sont imprim\u00e9es dans l&rsquo;urgence : 10c bistre, 20c bleu et 40c orange. Pour les autres valeurs, ce sont les planches de l&rsquo;Empire qui sont utilis\u00e9es en attendant que de nouvelles planches soit r\u00e9alis\u00e9es. Mais rapidement les Prussiens assi\u00e8gent Paris \u00e0 partir du 28 septembre, le Gouvernement Provisoire s&rsquo;installe \u00e0 Bordeaux. Coup\u00e9e de Paris, le reste de la France est contrainte \u00e0 utiliser les timbres disponibles dans les stocks des bureaux de poste, et d\u00e8s le 30 septembre le gouvernement demande \u00e0 l&rsquo;\u00e9tablissement de la Monnaie de Bordeaux d&rsquo;\u00e9mettre des timbres-poste \u00ab\u00a0<em>aussi semblables que possibles \u00e0 ceux qu&rsquo;on a imprim\u00e9s \u00e0 Paris<\/em>\u00ab\u00a0.<\/p>\n\n\n\n<p>Par manque de mat\u00e9riel, et dans l&rsquo;urgence, il est fait le choix d&rsquo;imprimer les timbres avec la m\u00e9thode lithographique. Mais cette m\u00e9thode a l&rsquo;inconv\u00e9nient de conna\u00eetre une usure rapide, et il faudra refaire trois fois le poin\u00e7on du timbre \u00e0 20c, il existe donc trois types pour ce timbre. Le manque de mat\u00e9riel a \u00e9galement fait que les timbres ne sont pas dentel\u00e9s, <strong>il faut donc faire attention \u00e0 ne pas les confondre avec les timbres des colonies<\/strong> (<a href=\"https:\/\/cpl14.fr\/?page_id=8471\">voir l&rsquo;article sur les C\u00e9r\u00e8s<\/a>).<\/p>\n\n\n\n<p>L&rsquo;usure des pierres lithographiques et l&rsquo;obligation de refaire les matrices suites \u00e0 cette usure ont donn\u00e9 naissance \u00e0 plusieurs \u00e9tats pour tous les timbres de l&rsquo;\u00e9mission de Bordeaux&#8230;. ces \u00e9tats sont nomm\u00e9s \u00ab\u00a0reports\u00a0\u00bb, mais notre collection n&rsquo;est pas encore assez avanc\u00e9e pour les d\u00e9tailler.<\/p>\n\n\n\n<h2 class=\"wp-block-heading\">les trois types du C\u00e9r\u00e8s 20c Bordeaux <\/h2>\n\n\n\n<p>Dans le Type I, l&rsquo;ombre du cou est constitu\u00e9 de points, les inscriptions des cartouches sont petites.<\/p>\n\n\n<div class=\"wp-block-image\">\n<figure class=\"aligncenter size-large is-resized\"><img loading=\"lazy\" decoding=\"async\" width=\"1024\" height=\"244\" src=\"https:\/\/cpl14.fr\/wp-content\/uploads\/2024\/02\/412_001-1024x244.jpg\" alt=\"\" class=\"wp-image-8597\" style=\"width:601px;height:auto\" srcset=\"https:\/\/cpl14.fr\/wp-content\/uploads\/2024\/02\/412_001-1024x244.jpg 1024w, https:\/\/cpl14.fr\/wp-content\/uploads\/2024\/02\/412_001-300x72.jpg 300w, https:\/\/cpl14.fr\/wp-content\/uploads\/2024\/02\/412_001-768x183.jpg 768w, https:\/\/cpl14.fr\/wp-content\/uploads\/2024\/02\/412_001.jpg 1379w\" sizes=\"auto, (max-width: 1024px) 100vw, 1024px\" \/><\/figure>\n<\/div>\n\n\n<p class=\"has-text-align-center\">Type I, ombre du cou en points \/ Types II et III, ombre en traits<\/p>\n\n\n\n<p class=\"has-text-align-center\">.<\/p>\n\n\n\n<p>Pour le Type II, l&rsquo;ombre du cou est constitu\u00e9 par des traits, les inscriptions des cartouches sont similaires au Type I. La grecque sup\u00e9rieure gauche est prolong\u00e9e \u00e0 sa base par un trait blanc en forme de triangle.<\/p>\n\n\n<div class=\"wp-block-image\">\n<figure class=\"aligncenter size-full is-resized\"><img loading=\"lazy\" decoding=\"async\" width=\"667\" height=\"492\" src=\"https:\/\/cpl14.fr\/wp-content\/uploads\/2024\/02\/3-1.jpg\" alt=\"\" class=\"wp-image-8602\" style=\"width:393px;height:auto\" srcset=\"https:\/\/cpl14.fr\/wp-content\/uploads\/2024\/02\/3-1.jpg 667w, https:\/\/cpl14.fr\/wp-content\/uploads\/2024\/02\/3-1-300x221.jpg 300w, https:\/\/cpl14.fr\/wp-content\/uploads\/2024\/02\/3-1-80x60.jpg 80w\" sizes=\"auto, (max-width: 667px) 100vw, 667px\" \/><\/figure>\n<\/div>\n\n\n<p class=\"has-text-align-center\">Type II, grecque avec trait compl\u00e9mentaire \/ Types I et III sans trait compl\u00e9mentaire<\/p>\n\n\n\n<p class=\"has-text-align-center\">.<\/p>\n\n\n\n<p>Dans le Type III, les inscriptions des cartouches sont plus grandes (REPUB. FRANC. et POSTES)<\/p>\n\n\n<div class=\"wp-block-image\">\n<figure class=\"aligncenter size-large is-resized\"><img loading=\"lazy\" decoding=\"async\" width=\"1024\" height=\"181\" src=\"https:\/\/cpl14.fr\/wp-content\/uploads\/2024\/02\/B1-h-1-1024x181.jpg\" alt=\"\" class=\"wp-image-8595\" style=\"width:631px;height:auto\" srcset=\"https:\/\/cpl14.fr\/wp-content\/uploads\/2024\/02\/B1-h-1-1024x181.jpg 1024w, https:\/\/cpl14.fr\/wp-content\/uploads\/2024\/02\/B1-h-1-300x53.jpg 300w, https:\/\/cpl14.fr\/wp-content\/uploads\/2024\/02\/B1-h-1-768x136.jpg 768w, https:\/\/cpl14.fr\/wp-content\/uploads\/2024\/02\/B1-h-1.jpg 1215w\" sizes=\"auto, (max-width: 1024px) 100vw, 1024px\" \/><\/figure>\n<\/div>\n\n<div class=\"wp-block-image\">\n<figure class=\"aligncenter size-large is-resized\"><img loading=\"lazy\" decoding=\"async\" width=\"1024\" height=\"165\" src=\"https:\/\/cpl14.fr\/wp-content\/uploads\/2024\/02\/B1-b-1-1024x165.jpg\" alt=\"\" class=\"wp-image-8596\" style=\"width:628px;height:auto\" srcset=\"https:\/\/cpl14.fr\/wp-content\/uploads\/2024\/02\/B1-b-1-1024x165.jpg 1024w, https:\/\/cpl14.fr\/wp-content\/uploads\/2024\/02\/B1-b-1-300x48.jpg 300w, https:\/\/cpl14.fr\/wp-content\/uploads\/2024\/02\/B1-b-1-768x124.jpg 768w, https:\/\/cpl14.fr\/wp-content\/uploads\/2024\/02\/B1-b-1.jpg 1242w\" sizes=\"auto, (max-width: 1024px) 100vw, 1024px\" \/><\/figure>\n<\/div>\n\n\n<p class=\"has-text-align-center\">Types I et II, petites inscriptions \/ Type III, inscriptions plus grandes<\/p>\n\n\n\n<p class=\"has-text-align-center\">.<\/p>\n\n\n\n<p class=\"has-text-align-right\"><a href=\"https:\/\/cpl14.fr\/?p=1150\">retour vers Types et Etats&#8230;<\/a><\/p>\n","protected":false},"excerpt":{"rendered":"<div class=\"mh-excerpt\"><p>Apr\u00e8s la d\u00e9faite de Sedan, Napol\u00e9on III est fait prisonnier, et L\u00e9on Gambetta proclame la IIIe R\u00e9publique le 4 septembre 1870. D\u00e8s le lendemain des <a class=\"mh-excerpt-more\" href=\"https:\/\/cpl14.fr\/?page_id=8592\" title=\"Les C\u00e9r\u00e8s de Bordeaux\">[&#8230;]<\/a><\/p>\n<\/div>","protected":false},"author":1,"featured_media":0,"parent":0,"menu_order":0,"comment_status":"closed","ping_status":"closed","template":"","meta":{"footnotes":""},"class_list":["post-8592","page","type-page","status-publish","hentry"],"_links":{"self":[{"href":"https:\/\/cpl14.fr\/index.php?rest_route=\/wp\/v2\/pages\/8592","targetHints":{"allow":["GET"]}}],"collection":[{"href":"https:\/\/cpl14.fr\/index.php?rest_route=\/wp\/v2\/pages"}],"about":[{"href":"https:\/\/cpl14.fr\/index.php?rest_route=\/wp\/v2\/types\/page"}],"author":[{"embeddable":true,"href":"https:\/\/cpl14.fr\/index.php?rest_route=\/wp\/v2\/users\/1"}],"replies":[{"embeddable":true,"href":"https:\/\/cpl14.fr\/index.php?rest_route=%2Fwp%2Fv2%2Fcomments&post=8592"}],"version-history":[{"count":4,"href":"https:\/\/cpl14.fr\/index.php?rest_route=\/wp\/v2\/pages\/8592\/revisions"}],"predecessor-version":[{"id":8604,"href":"https:\/\/cpl14.fr\/index.php?rest_route=\/wp\/v2\/pages\/8592\/revisions\/8604"}],"wp:attachment":[{"href":"https:\/\/cpl14.fr\/index.php?rest_route=%2Fwp%2Fv2%2Fmedia&parent=8592"}],"curies":[{"name":"wp","href":"https:\/\/api.w.org\/{rel}","templated":true}]}}