{"id":871,"date":"2017-06-01T16:02:18","date_gmt":"2017-06-01T14:02:18","guid":{"rendered":"http:\/\/cpl14.fr\/?page_id=871"},"modified":"2017-06-01T16:02:18","modified_gmt":"2017-06-01T14:02:18","slug":"1790-1","status":"publish","type":"page","link":"https:\/\/cpl14.fr\/?page_id=871","title":{"rendered":"1790.1"},"content":{"rendered":"<h4>La Marque Postale<\/h4>\n<p><img loading=\"lazy\" decoding=\"async\" class=\"aligncenter size-full wp-image-849\" src=\"http:\/\/cpl14.fr\/wp-content\/uploads\/2017\/06\/lettre-1.jpg\" alt=\"\" width=\"900\" height=\"730\" srcset=\"https:\/\/cpl14.fr\/wp-content\/uploads\/2017\/06\/lettre-1.jpg 900w, https:\/\/cpl14.fr\/wp-content\/uploads\/2017\/06\/lettre-1-300x243.jpg 300w, https:\/\/cpl14.fr\/wp-content\/uploads\/2017\/06\/lettre-1-768x623.jpg 768w\" sizes=\"auto, (max-width: 900px) 100vw, 900px\" \/><\/p>\n<p># \u00a0marque LISIEUX lilas 35x5mm \u00a0\u00a0(n\u00b0 6 . 1785-1791) port du.<\/p>\n<p>\u00a5 \u00a04 F\u00e9vrier 1790<\/p>\n<p>! \u00a0 Taxe 2 pour Honfleur<\/p>\n<p>T \u00a0tarif de 1704 &#8211; Lettre simple\u00a0jusqu&rsquo;\u00e0 20 lieues.<\/p>\n<h4>La Lettre<\/h4>\n<p>\u2661 \u00a0M. La Mossandiere<\/p>\n<p>[ ] \u00a0 Lisieux, \u00a0le Secr\u00e9taire Provincial<\/p>\n<p>\u2665 \u00a0M. Lyon n\u00e9gociant \u00e0 Honfleur<\/p>\n<p>= \u00a0 \u00a0Paiement d&rsquo;une lettre de change\u00a0de 36 livres 17 sous<\/p>\n<p>&gt; \u00a0 \u00a0Lemercier, Chevalier<\/p>\n<p>&lt; \u00a0 \u00a0Honfleur<\/p>\n<p>\u2605 \u00a0voir 2 photos du textes<\/p>\n<p><img loading=\"lazy\" decoding=\"async\" class=\"aligncenter size-large wp-image-850\" src=\"http:\/\/cpl14.fr\/wp-content\/uploads\/2017\/06\/texte-1-1-831x1024.jpg\" alt=\"\" width=\"831\" height=\"1024\" srcset=\"https:\/\/cpl14.fr\/wp-content\/uploads\/2017\/06\/texte-1-1-831x1024.jpg 831w, https:\/\/cpl14.fr\/wp-content\/uploads\/2017\/06\/texte-1-1-243x300.jpg 243w, https:\/\/cpl14.fr\/wp-content\/uploads\/2017\/06\/texte-1-1-768x946.jpg 768w, https:\/\/cpl14.fr\/wp-content\/uploads\/2017\/06\/texte-1-1.jpg 900w\" sizes=\"auto, (max-width: 831px) 100vw, 831px\" \/><img loading=\"lazy\" decoding=\"async\" class=\"aligncenter size-full wp-image-851\" src=\"http:\/\/cpl14.fr\/wp-content\/uploads\/2017\/06\/texte-2-1.jpg\" alt=\"\" width=\"900\" height=\"569\" srcset=\"https:\/\/cpl14.fr\/wp-content\/uploads\/2017\/06\/texte-2-1.jpg 900w, https:\/\/cpl14.fr\/wp-content\/uploads\/2017\/06\/texte-2-1-300x190.jpg 300w, https:\/\/cpl14.fr\/wp-content\/uploads\/2017\/06\/texte-2-1-768x486.jpg 768w\" sizes=\"auto, (max-width: 900px) 100vw, 900px\" \/><\/p>\n<p>\u00a4 \u00a0 \u00a0Sceau de fermeture au verso de<\/p>\n<p>Cire noire ASSEMBLEE PROVINCIALE MOYENNE NORMANDIE<\/p>\n<p>\u2605 \u00a0Voir ci-dessous photo du sceau<\/p>\n<p><img loading=\"lazy\" decoding=\"async\" class=\"aligncenter size-full wp-image-852\" src=\"http:\/\/cpl14.fr\/wp-content\/uploads\/2017\/06\/Photo-du-sceau.jpg\" alt=\"\" width=\"450\" height=\"486\" srcset=\"https:\/\/cpl14.fr\/wp-content\/uploads\/2017\/06\/Photo-du-sceau.jpg 450w, https:\/\/cpl14.fr\/wp-content\/uploads\/2017\/06\/Photo-du-sceau-278x300.jpg 278w\" sizes=\"auto, (max-width: 450px) 100vw, 450px\" \/><\/p>\n<p>@ \u00a0Les Assembl\u00e9es Provinciales ont \u00e9t\u00e9 cr\u00e9\u00e9es par l&rsquo;\u00e9dit du 26 Juin 1787.<\/p>\n<p>La G\u00e9n\u00e9ralit\u00e9 d&rsquo;Alen\u00e7on prit le nom de Moyenne Normandie.\u00a0L&rsquo;assembl\u00e9e provinciale fut convoqu\u00e9e \u00e0 Alen\u00e7on pour la session pr\u00e9liminaire d&rsquo;Aout, mais elle exprima le voeu de se r\u00e9unir \u00e0 l&rsquo;avenir \u00e0 Lisieux. La session de Novembre s&rsquo;y tint.\u00a0Le Pr\u00e9sident de cette assembl\u00e9e, nomm\u00e9 par le Roi, fut le Comte \u00c9v\u00eaque de Lisieux : M. de la FERRONNAY .\u00a0A l&rsquo;\u00e9poque o\u00f9 notre Normandie va \u00eatre r\u00e9unie, il \u00e9tait int\u00e9ressant de noter ces 3 \u00a0\u00bb Normandie \u00ab\u00a0, avec une Moyenne entre les G\u00e9n\u00e9ralit\u00e9s de Rouen (haute) et Caen (basse).\u00a0Ceci fut de tr\u00e8s courte dur\u00e9e!<\/p>\n<p>Le Papier<\/p>\n<p>\u25a1 \u00a034&#215;21,5cm<\/p>\n<p>\u2606 filigrane d&rsquo;un cercle orn\u00e9 avec GD et en dessous C.LEROY \/ 1787 au centre<\/p>\n<p>\u2605 photo du filigrane<\/p>\n<p><img loading=\"lazy\" decoding=\"async\" class=\"aligncenter size-large wp-image-853\" src=\"http:\/\/cpl14.fr\/wp-content\/uploads\/2017\/06\/Photo-du-filigrane-715x1024.jpg\" alt=\"\" width=\"715\" height=\"1024\" srcset=\"https:\/\/cpl14.fr\/wp-content\/uploads\/2017\/06\/Photo-du-filigrane-715x1024.jpg 715w, https:\/\/cpl14.fr\/wp-content\/uploads\/2017\/06\/Photo-du-filigrane-209x300.jpg 209w, https:\/\/cpl14.fr\/wp-content\/uploads\/2017\/06\/Photo-du-filigrane-768x1100.jpg 768w, https:\/\/cpl14.fr\/wp-content\/uploads\/2017\/06\/Photo-du-filigrane.jpg 900w\" sizes=\"auto, (max-width: 715px) 100vw, 715px\" \/><\/p>\n<p>\u25cb \u00a0GD est certainement G\u00e9n\u00e9ralit\u00e9\u00a0D&rsquo;Alen\u00e7on.<\/p>\n<p>C.LEROY est connu g\u00e9n\u00e9ralit\u00e9 d&rsquo;Alen\u00e7on \u00e0 Tillieres (pr\u00e8s Verneuil) \u00e0 partir de 1773.<\/p>\n<p>Voir Gaudriault (p.236) qui cite plusieurs r\u00e9f\u00e9rences aux Archives (ADC. ADSM.ANF etc.) jusqu&rsquo;\u00e0 l&rsquo;an 2.<\/p>\n<p>\u25a0 \u00a0calque C.LEROY d&rsquo;apr\u00e8s Gaudriault d&rsquo;un filigrane proche. relev\u00e9 par Gaudriault pl.133. \u00a0Gaudriault (planche 133)\u00a0Ref. ANF 12.833<\/p>\n<p><img loading=\"lazy\" decoding=\"async\" class=\"aligncenter size-full wp-image-854\" src=\"http:\/\/cpl14.fr\/wp-content\/uploads\/2017\/06\/catalogue-1.jpg\" alt=\"\" width=\"900\" height=\"284\" srcset=\"https:\/\/cpl14.fr\/wp-content\/uploads\/2017\/06\/catalogue-1.jpg 900w, https:\/\/cpl14.fr\/wp-content\/uploads\/2017\/06\/catalogue-1-300x95.jpg 300w, https:\/\/cpl14.fr\/wp-content\/uploads\/2017\/06\/catalogue-1-768x242.jpg 768w\" sizes=\"auto, (max-width: 900px) 100vw, 900px\" \/><\/p>\n","protected":false},"excerpt":{"rendered":"<div class=\"mh-excerpt\"><p>La Marque Postale # \u00a0marque LISIEUX lilas 35x5mm \u00a0\u00a0(n\u00b0 6 . 1785-1791) port du. \u00a5 \u00a04 F\u00e9vrier 1790 ! \u00a0 Taxe 2 pour Honfleur T <a class=\"mh-excerpt-more\" href=\"https:\/\/cpl14.fr\/?page_id=871\" title=\"1790.1\">[&#8230;]<\/a><\/p>\n<\/div>","protected":false},"author":1,"featured_media":848,"parent":0,"menu_order":0,"comment_status":"closed","ping_status":"closed","template":"","meta":{"footnotes":""},"class_list":["post-871","page","type-page","status-publish","has-post-thumbnail","hentry"],"_links":{"self":[{"href":"https:\/\/cpl14.fr\/index.php?rest_route=\/wp\/v2\/pages\/871","targetHints":{"allow":["GET"]}}],"collection":[{"href":"https:\/\/cpl14.fr\/index.php?rest_route=\/wp\/v2\/pages"}],"about":[{"href":"https:\/\/cpl14.fr\/index.php?rest_route=\/wp\/v2\/types\/page"}],"author":[{"embeddable":true,"href":"https:\/\/cpl14.fr\/index.php?rest_route=\/wp\/v2\/users\/1"}],"replies":[{"embeddable":true,"href":"https:\/\/cpl14.fr\/index.php?rest_route=%2Fwp%2Fv2%2Fcomments&post=871"}],"version-history":[{"count":1,"href":"https:\/\/cpl14.fr\/index.php?rest_route=\/wp\/v2\/pages\/871\/revisions"}],"predecessor-version":[{"id":873,"href":"https:\/\/cpl14.fr\/index.php?rest_route=\/wp\/v2\/pages\/871\/revisions\/873"}],"wp:featuredmedia":[{"embeddable":true,"href":"https:\/\/cpl14.fr\/index.php?rest_route=\/wp\/v2\/media\/848"}],"wp:attachment":[{"href":"https:\/\/cpl14.fr\/index.php?rest_route=%2Fwp%2Fv2%2Fmedia&parent=871"}],"curies":[{"name":"wp","href":"https:\/\/api.w.org\/{rel}","templated":true}]}}