{"id":878,"date":"2017-06-01T16:12:03","date_gmt":"2017-06-01T14:12:03","guid":{"rendered":"http:\/\/cpl14.fr\/?page_id=878"},"modified":"2017-06-01T16:12:03","modified_gmt":"2017-06-01T14:12:03","slug":"1780-1","status":"publish","type":"page","link":"https:\/\/cpl14.fr\/?page_id=878","title":{"rendered":"1780.1"},"content":{"rendered":"<p><strong>La Marque Postale<\/strong><\/p>\n<p><img loading=\"lazy\" decoding=\"async\" class=\"aligncenter size-full wp-image-454\" src=\"http:\/\/cpl14.fr\/wp-content\/uploads\/2017\/05\/lettre-5.jpg\" alt=\"\" width=\"643\" height=\"525\" srcset=\"https:\/\/cpl14.fr\/wp-content\/uploads\/2017\/05\/lettre-5.jpg 643w, https:\/\/cpl14.fr\/wp-content\/uploads\/2017\/05\/lettre-5-300x245.jpg 300w\" sizes=\"auto, (max-width: 643px) 100vw, 643px\" \/><\/p>\n<p><u>#\u00a0\u00a0\u00a0\u00a0\u00a0\u00a0\u00a0\u00a0\u00a0\u00a0\u00a0\u00a0\u00a0\u00a0\u00a0\u00a0\u00a0\u00a0\u00a0\u00a0\u00a0\u00a0\u00a0 <\/u>\u00a0LISIEUX \u00a033x5mm, \u00e0 sec ( Lenain n\u00b05b, 1779-1785)<\/p>\n<p><u>\u00a5\u00a0\u00a0\u00a0\u00a0\u00a0\u00a0\u00a0\u00a0\u00a0\u00a0\u00a0\u00a0\u00a0\u00a0\u00a0\u00a0\u00a0\u00a0\u00a0\u00a0\u00a0\u00a0\u00a0 <\/u>23 Juillet 1780<\/p>\n<p><u>!\u00a0\u00a0\u00a0\u00a0\u00a0\u00a0\u00a0\u00a0\u00a0\u00a0\u00a0\u00a0 <\/u>Taxe 6 pour Argentan<\/p>\n<p><u>T \u00a0 \u00a0\u00a0\u00a0\u00a0\u00a0\u00a0\u00a0\u00a0 <\/u>Tarif de 1759. 40 \u00e0 60 lieues<\/p>\n<p><u>~ \u00a0 \u00a0\u00a0\u00a0\u00a0\u00a0\u00a0\u00a0\u00a0 <\/u>N\u00e9ant<\/p>\n<p><u>\u25cb\u00a0\u00a0\u00a0\u00a0\u00a0\u00a0\u00a0\u00a0\u00a0\u00a0\u00a0 <\/u>A sec : les postiers utilisaient parfois leur cachet sans encre. La marque s&rsquo;inscrit alors en creux, et souvent mal venue. Ici tr\u00e8s nette.<\/p>\n<p><strong>La Lettre<\/strong><\/p>\n<p><u>\u2661<\/u><u> \u00a0\u00a0\u00a0\u00a0\u00a0\u00a0\u00a0\u00a0\u00a0\u00a0 <\/u>Lettre sign\u00e9e de F.Bouteiller<\/p>\n<p><u>[ ] \u00a0 \u00a0\u00a0\u00a0\u00a0\u00a0\u00a0\u00a0 <\/u>St Denis de Mailloc<\/p>\n<p><u>\u2665 \u00a0 \u00a0\u00a0\u00a0\u00a0\u00a0\u00a0\u00a0\u00a0 <\/u>\u00a0A Monsieur Philippe procureur\/ Argentan\/ en diligence (\u25cb).<\/p>\n<p><u>= \u00a0 \u00a0\u00a0\u00a0\u00a0\u00a0\u00a0\u00a0\u00a0 <\/u>Texte d&rsquo;affaires et juridique (3pages) .<\/p>\n<p><u>&gt; \u00a0\u00a0\u00a0\u00a0\u00a0\u00a0\u00a0\u00a0\u00a0\u00a0 <\/u>M.Prevost. M.de Neuville (cur\u00e9 de Glos). Le sieur Viel.<\/p>\n<p><u>&lt; \u00a0 \u00a0 \u00a0\u00a0\u00a0\u00a0\u00a0\u00a0 <\/u>St Denis de Mailloc. Glos.<\/p>\n<p><u>\u00a4 \u00a0 \u00a0 \u00a0\u00a0\u00a0\u00a0\u00a0\u00a0 <\/u>\u00ab\u00a0En diligence\u00a0\u00bb n&rsquo;est pas postal et n&rsquo;indique pas un moyen de transport: signifie \u00e0 cette \u00e9poque rapidement et avec soin.<\/p>\n<p><u>\u2605<\/u><u> \u00a0 \u00a0\u00a0\u00a0\u00a0\u00a0\u00a0 2<\/u>\u00a0photos du texte.<br \/>\n<img loading=\"lazy\" decoding=\"async\" class=\"aligncenter size-large wp-image-456\" src=\"http:\/\/cpl14.fr\/wp-content\/uploads\/2017\/05\/texte-1-5.jpg\" alt=\"\" width=\"697\" height=\"806\" srcset=\"https:\/\/cpl14.fr\/wp-content\/uploads\/2017\/05\/texte-1-5.jpg 697w, https:\/\/cpl14.fr\/wp-content\/uploads\/2017\/05\/texte-1-5-259x300.jpg 259w\" sizes=\"auto, (max-width: 697px) 100vw, 697px\" \/><\/p>\n<p><img loading=\"lazy\" decoding=\"async\" class=\"aligncenter size-large wp-image-457\" src=\"http:\/\/cpl14.fr\/wp-content\/uploads\/2017\/05\/texte-2-4-1024x648.jpg\" alt=\"\" width=\"1024\" height=\"648\" srcset=\"https:\/\/cpl14.fr\/wp-content\/uploads\/2017\/05\/texte-2-4-1024x648.jpg 1024w, https:\/\/cpl14.fr\/wp-content\/uploads\/2017\/05\/texte-2-4-300x190.jpg 300w, https:\/\/cpl14.fr\/wp-content\/uploads\/2017\/05\/texte-2-4-768x486.jpg 768w, https:\/\/cpl14.fr\/wp-content\/uploads\/2017\/05\/texte-2-4.jpg 1045w\" sizes=\"auto, (max-width: 1024px) 100vw, 1024px\" \/><\/p>\n<p><strong>Le Papier<\/strong><\/p>\n<p><u>\u25a1 \u00a0 \u00a0\u00a0\u00a0\u00a0\u00a0\u00a0\u00a0\u00a0 <\/u>feuille 31x19cm<\/p>\n<p><u>\u2606<\/u><u> \u00a0\u00a0\u00a0\u00a0\u00a0\u00a0\u00a0\u00a0 <\/u>filigrane dat\u00e9 1770 au centre, G.D&rsquo;ALENCON. Le motif peu visible est probablement un \u00ab\u00a0pot fleuri\u00a0\u00bb dit de Rouen. La date est alors au milieu du pot<\/p>\n<p><u>\u2605<\/u><u> \u00a0\u00a0\u00a0\u00a0\u00a0\u00a0\u00a0\u00a0 <\/u>Voir photo du filigrane.<\/p>\n<p><img loading=\"lazy\" decoding=\"async\" class=\"aligncenter size-full wp-image-458\" src=\"http:\/\/cpl14.fr\/wp-content\/uploads\/2017\/05\/filigrane-5.jpg\" alt=\"\" width=\"940\" height=\"739\" srcset=\"https:\/\/cpl14.fr\/wp-content\/uploads\/2017\/05\/filigrane-5.jpg 940w, https:\/\/cpl14.fr\/wp-content\/uploads\/2017\/05\/filigrane-5-300x236.jpg 300w, https:\/\/cpl14.fr\/wp-content\/uploads\/2017\/05\/filigrane-5-768x604.jpg 768w\" sizes=\"auto, (max-width: 940px) 100vw, 940px\" \/><\/p>\n<p><u>\u25cb \u00a0\u00a0\u00a0\u00a0\u00a0\u00a0\u00a0\u00a0\u00a0\u00a0 <\/u>Voir aussi autres pots fleuris d\u00e9j\u00e0 d\u00e9crits pour d&rsquo;autres lettres et reproduits (Gaudriault pl.98.99).<\/p>\n","protected":false},"excerpt":{"rendered":"<div class=\"mh-excerpt\"><p>La Marque Postale #\u00a0\u00a0\u00a0\u00a0\u00a0\u00a0\u00a0\u00a0\u00a0\u00a0\u00a0\u00a0\u00a0\u00a0\u00a0\u00a0\u00a0\u00a0\u00a0\u00a0\u00a0\u00a0\u00a0 \u00a0LISIEUX \u00a033x5mm, \u00e0 sec ( Lenain n\u00b05b, 1779-1785) \u00a5\u00a0\u00a0\u00a0\u00a0\u00a0\u00a0\u00a0\u00a0\u00a0\u00a0\u00a0\u00a0\u00a0\u00a0\u00a0\u00a0\u00a0\u00a0\u00a0\u00a0\u00a0\u00a0\u00a0 23 Juillet 1780 !\u00a0\u00a0\u00a0\u00a0\u00a0\u00a0\u00a0\u00a0\u00a0\u00a0\u00a0\u00a0 Taxe 6 pour Argentan T \u00a0 \u00a0\u00a0\u00a0\u00a0\u00a0\u00a0\u00a0\u00a0 Tarif <a class=\"mh-excerpt-more\" href=\"https:\/\/cpl14.fr\/?page_id=878\" title=\"1780.1\">[&#8230;]<\/a><\/p>\n<\/div>","protected":false},"author":1,"featured_media":455,"parent":0,"menu_order":0,"comment_status":"closed","ping_status":"closed","template":"","meta":{"footnotes":""},"class_list":["post-878","page","type-page","status-publish","has-post-thumbnail","hentry"],"_links":{"self":[{"href":"https:\/\/cpl14.fr\/index.php?rest_route=\/wp\/v2\/pages\/878","targetHints":{"allow":["GET"]}}],"collection":[{"href":"https:\/\/cpl14.fr\/index.php?rest_route=\/wp\/v2\/pages"}],"about":[{"href":"https:\/\/cpl14.fr\/index.php?rest_route=\/wp\/v2\/types\/page"}],"author":[{"embeddable":true,"href":"https:\/\/cpl14.fr\/index.php?rest_route=\/wp\/v2\/users\/1"}],"replies":[{"embeddable":true,"href":"https:\/\/cpl14.fr\/index.php?rest_route=%2Fwp%2Fv2%2Fcomments&post=878"}],"version-history":[{"count":1,"href":"https:\/\/cpl14.fr\/index.php?rest_route=\/wp\/v2\/pages\/878\/revisions"}],"predecessor-version":[{"id":879,"href":"https:\/\/cpl14.fr\/index.php?rest_route=\/wp\/v2\/pages\/878\/revisions\/879"}],"wp:featuredmedia":[{"embeddable":true,"href":"https:\/\/cpl14.fr\/index.php?rest_route=\/wp\/v2\/media\/455"}],"wp:attachment":[{"href":"https:\/\/cpl14.fr\/index.php?rest_route=%2Fwp%2Fv2%2Fmedia&parent=878"}],"curies":[{"name":"wp","href":"https:\/\/api.w.org\/{rel}","templated":true}]}}