{"id":881,"date":"2017-06-01T16:15:48","date_gmt":"2017-06-01T14:15:48","guid":{"rendered":"http:\/\/cpl14.fr\/?page_id=881"},"modified":"2017-06-01T16:15:48","modified_gmt":"2017-06-01T14:15:48","slug":"1777-1","status":"publish","type":"page","link":"https:\/\/cpl14.fr\/?page_id=881","title":{"rendered":"1777.1"},"content":{"rendered":"<p><strong>La Marque Postale<\/strong><\/p>\n<p><img loading=\"lazy\" decoding=\"async\" class=\"aligncenter size-full wp-image-446\" src=\"http:\/\/cpl14.fr\/wp-content\/uploads\/2017\/05\/lettre-4.jpg\" alt=\"\" width=\"626\" height=\"416\" srcset=\"https:\/\/cpl14.fr\/wp-content\/uploads\/2017\/05\/lettre-4.jpg 626w, https:\/\/cpl14.fr\/wp-content\/uploads\/2017\/05\/lettre-4-300x199.jpg 300w\" sizes=\"auto, (max-width: 626px) 100vw, 626px\" \/><\/p>\n<p><u>#\u00a0\u00a0\u00a0\u00a0\u00a0\u00a0\u00a0\u00a0\u00a0\u00a0\u00a0\u00a0\u00a0\u00a0\u00a0\u00a0\u00a0\u00a0\u00a0\u00a0\u00a0\u00a0\u00a0 <\/u>PORT PAYE A LISIEUX orn\u00e9, lilas (Lenain n\u00b08 &#8211; 1774.1777)<\/p>\n<p><u>\u00a5\u00a0\u00a0\u00a0\u00a0\u00a0\u00a0\u00a0\u00a0\u00a0\u00a0\u00a0\u00a0\u00a0\u00a0\u00a0\u00a0\u00a0\u00a0\u00a0\u00a0\u00a0\u00a0\u00a0 <\/u>4 novembre 1777<\/p>\n<p><u>!\u00a0\u00a0\u00a0\u00a0\u00a0\u00a0\u00a0\u00a0\u00a0\u00a0\u00a0\u00a0 <\/u>\u00a0Au verso 6, pour Alen\u00e7on<\/p>\n<p><u>T \u00a0 \u00a0\u00a0\u00a0\u00a0\u00a0\u00a0\u00a0\u00a0 <\/u>\u00a0Tarif 1759, lettre simple 40\/60 lieues<\/p>\n<p><u>~ \u00a0\u00a0\u00a0\u00a0\u00a0\u00a0\u00a0\u00a0\u00a0\u00a0\u00a0\u00a0\u00a0\u00a0 <\/u>\u00a0verso J.POTHION cachet + signature<\/p>\n<p><u>\u25cb\u00a0\u00a0\u00a0\u00a0\u00a0\u00a0\u00a0\u00a0\u00a0\u00a0\u00a0 <\/u>Les marques postales de port pay\u00e9 dits \u00ab\u00a0orn\u00e9s\u00a0\u00bb existent dans toute la France: tous rares, ils sont tr\u00e8s pris\u00e9s des collectionneurs.\u00a0 La taxe au verso est normale, pour un port pay\u00e9 (par l&rsquo;exp\u00e9diteur).<\/p>\n<p><strong>La Lettre<\/strong><\/p>\n<p><u>\u2661<\/u><u> \u00a0\u00a0\u00a0\u00a0\u00a0\u00a0\u00a0\u00a0\u00a0\u00a0 <\/u>Lettre sign\u00e9e Dubos<\/p>\n<p><u>[ ] \u00a0 \u00a0\u00a0\u00a0\u00a0\u00a0\u00a0\u00a0 <\/u>Lisieux<\/p>\n<p><u>\u2665 \u00a0 \u00a0\u00a0\u00a0\u00a0\u00a0\u00a0\u00a0\u00a0 <\/u>M. De CULLENT DE LA MARTINIERE, Receveur des droits de Cent.e denier \u00e0 Alen\u00e7on.<\/p>\n<p><u>= \u00a0 \u00a0\u00a0\u00a0\u00a0\u00a0\u00a0\u00a0\u00a0 <\/u>Texte comptable, impot du centi\u00e8me denier.<\/p>\n<p><u>&gt; \u00a0\u00a0\u00a0\u00a0\u00a0\u00a0\u00a0\u00a0\u00a0\u00a0 <\/u>M. De Champdaune &#8211; de Fuipage (?)<\/p>\n<p><u>&lt; \u00a0 \u00a0 \u00a0\u00a0\u00a0\u00a0\u00a0\u00a0 <\/u>\u00ab\u00a0Notariat de Glos sur Lisieux\u00a0\u00bb<\/p>\n<p><u>\u2605<\/u><u> \u00a0\u00a0\u00a0\u00a0\u00a0\u00a0\u00a0\u00a0\u00a0\u00a0\u00a0\u00a0\u00a0 <\/u>Photos du texte<\/p>\n<p><img loading=\"lazy\" decoding=\"async\" class=\"aligncenter size-large wp-image-448\" src=\"http:\/\/cpl14.fr\/wp-content\/uploads\/2017\/05\/texte-1-4.jpg\" alt=\"\" width=\"622\" height=\"827\" srcset=\"https:\/\/cpl14.fr\/wp-content\/uploads\/2017\/05\/texte-1-4.jpg 622w, https:\/\/cpl14.fr\/wp-content\/uploads\/2017\/05\/texte-1-4-226x300.jpg 226w\" sizes=\"auto, (max-width: 622px) 100vw, 622px\" \/><\/p>\n<p><u>\u25cb \u00a0\u00a0\u00a0\u00a0\u00a0\u00a0\u00a0\u00a0\u00a0\u00a0\u00a0\u00a0\u00a0\u00a0 <\/u>Le nom de Fuipage \u00e0 v\u00e9rifier?<\/p>\n<p><strong>Le Papier<\/strong><\/p>\n<p><u>\u25a1 \u00a0 \u00a0\u00a0\u00a0\u00a0\u00a0\u00a0\u00a0\u00a0 <\/u>feuille 28,5 \u00d7 19 cm<\/p>\n<p><u>\u2606<\/u><u> \u00a0\u00a0\u00a0\u00a0\u00a0\u00a0\u00a0\u00a0 <\/u>\u00a0Filigrane T.DELAUNE (70\u00d78mm)\u00a0 \u00a0 \u00a0 \u00a0 FIN (20\u00d78mm)\u00a0\u00a0\u00a0\u00a0\u00a0\u00a0\u00a0\u00a0\u00a0\u00a0\u00a0\u00a0\u00a0\u00a0\u00a0\u00a0\u00a0\u00a0\u00a0\u00a0\u00a0\u00a0\u00a0\u00a0\u00a0\u00a0\u00a0\u00a0\u00a0 Au centre de la feuille<\/p>\n<p><u>\u2605<\/u><u> \u00a0\u00a0\u00a0\u00a0\u00a0\u00a0\u00a0\u00a0 <\/u>photo du filigrane<\/p>\n<p><img loading=\"lazy\" decoding=\"async\" class=\"aligncenter size-full wp-image-449\" src=\"http:\/\/cpl14.fr\/wp-content\/uploads\/2017\/05\/filigrane-4.jpg\" alt=\"\" width=\"876\" height=\"359\" srcset=\"https:\/\/cpl14.fr\/wp-content\/uploads\/2017\/05\/filigrane-4.jpg 876w, https:\/\/cpl14.fr\/wp-content\/uploads\/2017\/05\/filigrane-4-300x123.jpg 300w, https:\/\/cpl14.fr\/wp-content\/uploads\/2017\/05\/filigrane-4-768x315.jpg 768w\" sizes=\"auto, (max-width: 876px) 100vw, 876px\" \/><\/p>\n<p><u>\u25cb \u00a0\u00a0\u00a0\u00a0\u00a0\u00a0\u00a0\u00a0\u00a0\u00a0 <\/u>Delaune n&rsquo;est pas connu, il faut plut\u00f4t lire Delaun\u00e9 = un Thomas DELAUNAY est connu \u00e0 Bonneville par Bernay \u00a0(An 2) .\u00a0Voir Gaudriault p.197<\/p>\n","protected":false},"excerpt":{"rendered":"<div class=\"mh-excerpt\"><p>La Marque Postale #\u00a0\u00a0\u00a0\u00a0\u00a0\u00a0\u00a0\u00a0\u00a0\u00a0\u00a0\u00a0\u00a0\u00a0\u00a0\u00a0\u00a0\u00a0\u00a0\u00a0\u00a0\u00a0\u00a0 PORT PAYE A LISIEUX orn\u00e9, lilas (Lenain n\u00b08 &#8211; 1774.1777) \u00a5\u00a0\u00a0\u00a0\u00a0\u00a0\u00a0\u00a0\u00a0\u00a0\u00a0\u00a0\u00a0\u00a0\u00a0\u00a0\u00a0\u00a0\u00a0\u00a0\u00a0\u00a0\u00a0\u00a0 4 novembre 1777 !\u00a0\u00a0\u00a0\u00a0\u00a0\u00a0\u00a0\u00a0\u00a0\u00a0\u00a0\u00a0 \u00a0Au verso 6, pour Alen\u00e7on T <a class=\"mh-excerpt-more\" href=\"https:\/\/cpl14.fr\/?page_id=881\" title=\"1777.1\">[&#8230;]<\/a><\/p>\n<\/div>","protected":false},"author":1,"featured_media":447,"parent":0,"menu_order":0,"comment_status":"closed","ping_status":"closed","template":"","meta":{"footnotes":""},"class_list":["post-881","page","type-page","status-publish","has-post-thumbnail","hentry"],"_links":{"self":[{"href":"https:\/\/cpl14.fr\/index.php?rest_route=\/wp\/v2\/pages\/881","targetHints":{"allow":["GET"]}}],"collection":[{"href":"https:\/\/cpl14.fr\/index.php?rest_route=\/wp\/v2\/pages"}],"about":[{"href":"https:\/\/cpl14.fr\/index.php?rest_route=\/wp\/v2\/types\/page"}],"author":[{"embeddable":true,"href":"https:\/\/cpl14.fr\/index.php?rest_route=\/wp\/v2\/users\/1"}],"replies":[{"embeddable":true,"href":"https:\/\/cpl14.fr\/index.php?rest_route=%2Fwp%2Fv2%2Fcomments&post=881"}],"version-history":[{"count":1,"href":"https:\/\/cpl14.fr\/index.php?rest_route=\/wp\/v2\/pages\/881\/revisions"}],"predecessor-version":[{"id":882,"href":"https:\/\/cpl14.fr\/index.php?rest_route=\/wp\/v2\/pages\/881\/revisions\/882"}],"wp:featuredmedia":[{"embeddable":true,"href":"https:\/\/cpl14.fr\/index.php?rest_route=\/wp\/v2\/media\/447"}],"wp:attachment":[{"href":"https:\/\/cpl14.fr\/index.php?rest_route=%2Fwp%2Fv2%2Fmedia&parent=881"}],"curies":[{"name":"wp","href":"https:\/\/api.w.org\/{rel}","templated":true}]}}