{"id":890,"date":"2017-06-01T16:24:11","date_gmt":"2017-06-01T14:24:11","guid":{"rendered":"http:\/\/cpl14.fr\/?page_id=890"},"modified":"2017-06-01T16:24:11","modified_gmt":"2017-06-01T14:24:11","slug":"1756-1","status":"publish","type":"page","link":"https:\/\/cpl14.fr\/?page_id=890","title":{"rendered":"1756.1"},"content":{"rendered":"<h5><strong>La Marque Postale<\/strong><\/h5>\n<p><img loading=\"lazy\" decoding=\"async\" class=\"aligncenter size-full wp-image-320\" src=\"http:\/\/cpl14.fr\/wp-content\/uploads\/2017\/05\/lettre-1.jpg\" alt=\"\" width=\"891\" height=\"571\" srcset=\"https:\/\/cpl14.fr\/wp-content\/uploads\/2017\/05\/lettre-1.jpg 891w, https:\/\/cpl14.fr\/wp-content\/uploads\/2017\/05\/lettre-1-300x192.jpg 300w, https:\/\/cpl14.fr\/wp-content\/uploads\/2017\/05\/lettre-1-768x492.jpg 768w\" sizes=\"auto, (max-width: 891px) 100vw, 891px\" \/><\/p>\n<p><u>#\u00a0\u00a0\u00a0\u00a0\u00a0\u00a0\u00a0\u00a0\u00a0\u00a0\u00a0\u00a0\u00a0\u00a0\u00a0\u00a0\u00a0\u00a0\u00a0\u00a0\u00a0\u00a0\u00a0 <\/u>\u00a0L.EUX rouge, 19x4mm, ( Lenain n\u00b02a 1750-1767)<\/p>\n<p><u>\u00a5\u00a0\u00a0\u00a0\u00a0\u00a0\u00a0\u00a0\u00a0\u00a0\u00a0\u00a0\u00a0\u00a0\u00a0\u00a0\u00a0\u00a0\u00a0\u00a0\u00a0\u00a0\u00a0\u00a0 <\/u>20 juillet 1756<\/p>\n<p><u>!\u00a0\u00a0\u00a0\u00a0\u00a0\u00a0\u00a0\u00a0\u00a0\u00a0\u00a0\u00a0 <\/u>Taxe 5 pour Laval \u00ab\u00a0par Alen\u00e7on\u00a0\u00bb<\/p>\n<p><u>T \u00a0 \u00a0\u00a0\u00a0\u00a0\u00a0\u00a0\u00a0\u00a0 <\/u>5 Sous = tarif de 1704, lettre simple 40.60 lieues<\/p>\n<p><u>~ \u00a0 \u00a0\u00a0\u00a0\u00a0\u00a0\u00a0\u00a0\u00a0 <\/u>Verso sign\u00e9e Chevalier au crayon (Jean Chevalier)<\/p>\n<p><u>\u25cb\u00a0\u00a0\u00a0\u00a0\u00a0\u00a0\u00a0\u00a0\u00a0\u00a0\u00a0 <\/u>\u00a0Au verso date et nom de l\u2019exp\u00e9diteur La mention de routage \u00ab\u00a0par Alen\u00e7on\u00a0\u00bb au recto est de la\u00a0main de l\u2019exp\u00e9diteur.<\/p>\n<h5><strong>La Lettre<\/strong><\/h5>\n<p><u>\u2661<\/u><u> \u00a0\u00a0\u00a0\u00a0\u00a0\u00a0\u00a0\u00a0\u00a0\u00a0 <\/u>Lettre sign\u00e9e de La Perelle jeune \u00e0 Lisieux . 2 pages<\/p>\n<p><u>\u2665 \u00a0 \u00a0\u00a0\u00a0\u00a0\u00a0\u00a0\u00a0\u00a0 <\/u>\u00a0A Monsieur Le Mollaire Marchand de toiles en gros \u00e0 Laval<\/p>\n<p><u>= \u00a0 \u00a0\u00a0\u00a0\u00a0\u00a0\u00a0\u00a0\u00a0 <\/u>Texte commercial et financier au sujet d\u2019une transaction<\/p>\n<p><u>&lt; \u00a0 \u00a0 \u00a0\u00a0\u00a0\u00a0\u00a0\u00a0 <\/u>La Foire de Guibray<\/p>\n<p><u>\u2605<\/u><u> \u00a0 \u00a0\u00a0\u00a0\u00a0\u00a0\u00a0 <\/u>\u00a0Photos jointes<\/p>\n<p><img loading=\"lazy\" decoding=\"async\" class=\"aligncenter size-full wp-image-321\" src=\"http:\/\/cpl14.fr\/wp-content\/uploads\/2017\/05\/texte-1-1.jpg\" alt=\"\" width=\"698\" height=\"785\" srcset=\"https:\/\/cpl14.fr\/wp-content\/uploads\/2017\/05\/texte-1-1.jpg 698w, https:\/\/cpl14.fr\/wp-content\/uploads\/2017\/05\/texte-1-1-267x300.jpg 267w\" sizes=\"auto, (max-width: 698px) 100vw, 698px\" \/><\/p>\n<p><img loading=\"lazy\" decoding=\"async\" class=\"aligncenter size-full wp-image-322\" src=\"http:\/\/cpl14.fr\/wp-content\/uploads\/2017\/05\/texte-2-1.jpg\" alt=\"\" width=\"773\" height=\"626\" srcset=\"https:\/\/cpl14.fr\/wp-content\/uploads\/2017\/05\/texte-2-1.jpg 773w, https:\/\/cpl14.fr\/wp-content\/uploads\/2017\/05\/texte-2-1-300x243.jpg 300w, https:\/\/cpl14.fr\/wp-content\/uploads\/2017\/05\/texte-2-1-768x622.jpg 768w\" sizes=\"auto, (max-width: 773px) 100vw, 773px\" \/><\/p>\n<p><strong>Le Papier<\/strong><\/p>\n<p><u>\u25a1 \u00a0 \u00a0\u00a0\u00a0\u00a0\u00a0\u00a0\u00a0\u00a0 <\/u>Feuille 29,5 \u00d7 18 mm<\/p>\n<p><u>\u2606<\/u><u> \u00a0\u00a0\u00a0\u00a0\u00a0\u00a0\u00a0\u00a0 <\/u>Filigrane au pot fleuri de Rouen \u2013 h.9cm au centre<\/p>\n<p><u>\u2605<\/u><u> \u00a0\u00a0\u00a0\u00a0\u00a0\u00a0\u00a0\u00a0 <\/u>voir photo<\/p>\n<p><img loading=\"lazy\" decoding=\"async\" class=\"aligncenter size-full wp-image-323\" src=\"http:\/\/cpl14.fr\/wp-content\/uploads\/2017\/05\/filigrane-1.jpg\" alt=\"\" width=\"330\" height=\"649\" srcset=\"https:\/\/cpl14.fr\/wp-content\/uploads\/2017\/05\/filigrane-1.jpg 330w, https:\/\/cpl14.fr\/wp-content\/uploads\/2017\/05\/filigrane-1-153x300.jpg 153w\" sizes=\"auto, (max-width: 330px) 100vw, 330px\" \/><\/p>\n<p><u>\u25cb \u00a0\u00a0\u00a0\u00a0\u00a0\u00a0\u00a0\u00a0\u00a0\u00a0 <\/u>Le Pot Fleuri dit de Rouen est un classique. On le voit\u00a0r\u00e9guli\u00e8rement sur les papiers de Normandie d\u00e8s 1636. Il existe de nombreux \u00ab\u00a0pot\u00a0\u00bb \u00e0 Caen, \u00a0\u00c9vreux, et aussi d\u2019autres\u00a0r\u00e9gions. Le pot fleuri a la particularit\u00e9, avec fleurs, d\u2019\u00eatre tr\u00e8s\u00a0grand. Les variantes sont nombreuses. Parfois les initiales du papetier,\u00a0ou la date (ou les deux) peuvent se trouver sur le pot!\u00a0Voir Gaudriault p.147.148.149 et planches 98.99.100<\/p>\n","protected":false},"excerpt":{"rendered":"<div class=\"mh-excerpt\"><p>La Marque Postale #\u00a0\u00a0\u00a0\u00a0\u00a0\u00a0\u00a0\u00a0\u00a0\u00a0\u00a0\u00a0\u00a0\u00a0\u00a0\u00a0\u00a0\u00a0\u00a0\u00a0\u00a0\u00a0\u00a0 \u00a0L.EUX rouge, 19x4mm, ( Lenain n\u00b02a 1750-1767) \u00a5\u00a0\u00a0\u00a0\u00a0\u00a0\u00a0\u00a0\u00a0\u00a0\u00a0\u00a0\u00a0\u00a0\u00a0\u00a0\u00a0\u00a0\u00a0\u00a0\u00a0\u00a0\u00a0\u00a0 20 juillet 1756 !\u00a0\u00a0\u00a0\u00a0\u00a0\u00a0\u00a0\u00a0\u00a0\u00a0\u00a0\u00a0 Taxe 5 pour Laval \u00ab\u00a0par Alen\u00e7on\u00a0\u00bb T \u00a0 \u00a0\u00a0\u00a0\u00a0\u00a0\u00a0\u00a0\u00a0 <a class=\"mh-excerpt-more\" href=\"https:\/\/cpl14.fr\/?page_id=890\" title=\"1756.1\">[&#8230;]<\/a><\/p>\n<\/div>","protected":false},"author":1,"featured_media":324,"parent":0,"menu_order":0,"comment_status":"closed","ping_status":"closed","template":"","meta":{"footnotes":""},"class_list":["post-890","page","type-page","status-publish","has-post-thumbnail","hentry"],"_links":{"self":[{"href":"https:\/\/cpl14.fr\/index.php?rest_route=\/wp\/v2\/pages\/890","targetHints":{"allow":["GET"]}}],"collection":[{"href":"https:\/\/cpl14.fr\/index.php?rest_route=\/wp\/v2\/pages"}],"about":[{"href":"https:\/\/cpl14.fr\/index.php?rest_route=\/wp\/v2\/types\/page"}],"author":[{"embeddable":true,"href":"https:\/\/cpl14.fr\/index.php?rest_route=\/wp\/v2\/users\/1"}],"replies":[{"embeddable":true,"href":"https:\/\/cpl14.fr\/index.php?rest_route=%2Fwp%2Fv2%2Fcomments&post=890"}],"version-history":[{"count":1,"href":"https:\/\/cpl14.fr\/index.php?rest_route=\/wp\/v2\/pages\/890\/revisions"}],"predecessor-version":[{"id":891,"href":"https:\/\/cpl14.fr\/index.php?rest_route=\/wp\/v2\/pages\/890\/revisions\/891"}],"wp:featuredmedia":[{"embeddable":true,"href":"https:\/\/cpl14.fr\/index.php?rest_route=\/wp\/v2\/media\/324"}],"wp:attachment":[{"href":"https:\/\/cpl14.fr\/index.php?rest_route=%2Fwp%2Fv2%2Fmedia&parent=890"}],"curies":[{"name":"wp","href":"https:\/\/api.w.org\/{rel}","templated":true}]}}