{"id":899,"date":"2017-06-01T16:31:13","date_gmt":"2017-06-01T14:31:13","guid":{"rendered":"http:\/\/cpl14.fr\/?page_id=899"},"modified":"2017-06-01T16:31:13","modified_gmt":"2017-06-01T14:31:13","slug":"1755-1","status":"publish","type":"page","link":"https:\/\/cpl14.fr\/?page_id=899","title":{"rendered":"1755.1"},"content":{"rendered":"<h5>La Marque Postale<\/h5>\n<p><img loading=\"lazy\" decoding=\"async\" class=\"aligncenter size-large wp-image-181\" src=\"http:\/\/cpl14.fr\/wp-content\/uploads\/2017\/05\/20150628_095033-1-1024x802.jpg\" alt=\"\" width=\"1024\" height=\"802\" srcset=\"https:\/\/cpl14.fr\/wp-content\/uploads\/2017\/05\/20150628_095033-1-1024x802.jpg 1024w, https:\/\/cpl14.fr\/wp-content\/uploads\/2017\/05\/20150628_095033-1-300x235.jpg 300w, https:\/\/cpl14.fr\/wp-content\/uploads\/2017\/05\/20150628_095033-1-768x602.jpg 768w\" sizes=\"auto, (max-width: 1024px) 100vw, 1024px\" \/><\/p>\n<p># \u00a0L.EUX 19mm rouge &#8211; n\u00b02a (1750.1767).<\/p>\n<p>\u00a5 \u00a016 juin 1755<\/p>\n<p>! \u00a0 \u00a0(En port pay\u00e9) \u00a0pour Caen.<\/p>\n<p>T \u00a0 En accompagnement de fonds.<\/p>\n<p>Tarif de 1704: 3 sous \/ 20 lieues<\/p>\n<p>~ \u00a0au verso taxe 3 pay\u00e9 pour le port du pli = au verso, est pay\u00e9 par l\u2019exp\u00e9diteur<\/p>\n<p>\u25cb \u00a0 Au recto marque manuscrite:\u00a0\u00a0 \u00a0 art.28L.4s &#8211; franc + paraphe<\/p>\n<p>De la m\u00eame encre (la signature probablement du directeur de la Poste de Lisieux) est aussi ajout\u00e9 en bas de la suscription\u00a0\u00bb \u00ab\u00a0Caen\u00a0\u00bb. Qui est le bureau qui aura \u00e0 traiter la lettre avant qu&rsquo;elle ne soit d\u00e9livr\u00e9e \u00e0 son destinataire final.<br \/>\n\u2605 voir ci-dessous photo agrandie de cette marque particuli\u00e8re et rare dite d&rsquo;article d&rsquo;argent.<\/p>\n<p><img loading=\"lazy\" decoding=\"async\" class=\"aligncenter size-large wp-image-183\" src=\"http:\/\/cpl14.fr\/wp-content\/uploads\/2017\/05\/20150628_095033-1-1-1024x266.jpg\" alt=\"\" width=\"1024\" height=\"266\" srcset=\"https:\/\/cpl14.fr\/wp-content\/uploads\/2017\/05\/20150628_095033-1-1-1024x266.jpg 1024w, https:\/\/cpl14.fr\/wp-content\/uploads\/2017\/05\/20150628_095033-1-1-300x78.jpg 300w, https:\/\/cpl14.fr\/wp-content\/uploads\/2017\/05\/20150628_095033-1-1-768x199.jpg 768w\" sizes=\"auto, (max-width: 1024px) 100vw, 1024px\" \/><\/p>\n<h5><\/h5>\n<h5>La Lettre<\/h5>\n<p>\u2661 \u00a0Parfourrou \u00e0 Courthonne<\/p>\n<p>[ ] \u00a0 Courthonne? Impr\u00e9cis offre 3 possibilit\u00e9s: Courtonne-la-Ville,\u00a0Courtonne la-Meurdrac ou\u00a0St Paul de &#8211; Courtonne.<\/p>\n<p>\u2665 \u00a0Mme Quenet \u00e0 Vaucelle,\u00a0\u00a0Vaucelles est un quartier de Caen.<\/p>\n<p>= \u00a0Envoi de fonds pour 28 livres et 4 sols<\/p>\n<p>&gt; \u00a0Parfourru, Mme Quenet.<\/p>\n<p>M.Parfourru \u00ab\u00a0cher cousin\u00a0\u00bb.<\/p>\n<p>&lt; \u00a0Poste de Lisieux. Roquencourt<\/p>\n<p>\u2605 voir ici photo du texte<\/p>\n<p><img loading=\"lazy\" decoding=\"async\" class=\"aligncenter size-large wp-image-182\" src=\"http:\/\/cpl14.fr\/wp-content\/uploads\/2017\/05\/20150506_161522-1-808x1024.jpg\" alt=\"\" width=\"808\" height=\"1024\" srcset=\"https:\/\/cpl14.fr\/wp-content\/uploads\/2017\/05\/20150506_161522-1-808x1024.jpg 808w, https:\/\/cpl14.fr\/wp-content\/uploads\/2017\/05\/20150506_161522-1-237x300.jpg 237w, https:\/\/cpl14.fr\/wp-content\/uploads\/2017\/05\/20150506_161522-1-768x974.jpg 768w, https:\/\/cpl14.fr\/wp-content\/uploads\/2017\/05\/20150506_161522-1.jpg 1818w\" sizes=\"auto, (max-width: 808px) 100vw, 808px\" \/><\/p>\n<p>\u25cb \u00a0Le destinataire n&rsquo;est en fait qu&rsquo;un interm\u00e9diaire: \u00ab\u00a0Mme Quenet&#8230;pour faire tenir s&rsquo;il lui plaist a monsieur de Parfourru \u00e0 roquencourt \u00a028L4s Art.\u00a0\u00bb<\/p>\n<p>Art. Signifie article d&rsquo;argent<\/p>\n<p>Le prix est de 1 sou par livre.\u00a0Ce montant ne figure pas sur la lettre mais sur un r\u00e9c\u00e9piss\u00e9 qui n&rsquo;est pas conserv\u00e9 avec le pli.<\/p>\n<p>L\u2019exp\u00e9diteur aura donc pay\u00e9 au total 32 sous:\u00a029 sous pour l&rsquo;article d&rsquo;argent + les 3 sous (verso) du port du pli attach\u00e9.<\/p>\n<h5>Le Papier<\/h5>\n<p>\u25a1 \u00a0 Feuille 18,5 \u00d7 30,5 cm<\/p>\n<p>\u2606 \u00a0filigrane au pot fleuri de Rouen<\/p>\n","protected":false},"excerpt":{"rendered":"<div class=\"mh-excerpt\"><p>La Marque Postale # \u00a0L.EUX 19mm rouge &#8211; n\u00b02a (1750.1767). \u00a5 \u00a016 juin 1755 ! \u00a0 \u00a0(En port pay\u00e9) \u00a0pour Caen. T \u00a0 En accompagnement <a class=\"mh-excerpt-more\" href=\"https:\/\/cpl14.fr\/?page_id=899\" title=\"1755.1\">[&#8230;]<\/a><\/p>\n<\/div>","protected":false},"author":1,"featured_media":184,"parent":0,"menu_order":0,"comment_status":"closed","ping_status":"closed","template":"","meta":{"footnotes":""},"class_list":["post-899","page","type-page","status-publish","has-post-thumbnail","hentry"],"_links":{"self":[{"href":"https:\/\/cpl14.fr\/index.php?rest_route=\/wp\/v2\/pages\/899","targetHints":{"allow":["GET"]}}],"collection":[{"href":"https:\/\/cpl14.fr\/index.php?rest_route=\/wp\/v2\/pages"}],"about":[{"href":"https:\/\/cpl14.fr\/index.php?rest_route=\/wp\/v2\/types\/page"}],"author":[{"embeddable":true,"href":"https:\/\/cpl14.fr\/index.php?rest_route=\/wp\/v2\/users\/1"}],"replies":[{"embeddable":true,"href":"https:\/\/cpl14.fr\/index.php?rest_route=%2Fwp%2Fv2%2Fcomments&post=899"}],"version-history":[{"count":1,"href":"https:\/\/cpl14.fr\/index.php?rest_route=\/wp\/v2\/pages\/899\/revisions"}],"predecessor-version":[{"id":900,"href":"https:\/\/cpl14.fr\/index.php?rest_route=\/wp\/v2\/pages\/899\/revisions\/900"}],"wp:featuredmedia":[{"embeddable":true,"href":"https:\/\/cpl14.fr\/index.php?rest_route=\/wp\/v2\/media\/184"}],"wp:attachment":[{"href":"https:\/\/cpl14.fr\/index.php?rest_route=%2Fwp%2Fv2%2Fmedia&parent=899"}],"curies":[{"name":"wp","href":"https:\/\/api.w.org\/{rel}","templated":true}]}}