{"id":902,"date":"2017-06-01T16:33:29","date_gmt":"2017-06-01T14:33:29","guid":{"rendered":"http:\/\/cpl14.fr\/?page_id=902"},"modified":"2017-06-21T14:33:20","modified_gmt":"2017-06-21T12:33:20","slug":"1748-1","status":"publish","type":"page","link":"https:\/\/cpl14.fr\/?page_id=902","title":{"rendered":"1748.1"},"content":{"rendered":"<h5>La Marque Postale<\/h5>\n<p><img loading=\"lazy\" decoding=\"async\" class=\"aligncenter size-large wp-image-168\" src=\"http:\/\/cpl14.fr\/wp-content\/uploads\/2017\/05\/20150928_161103-1-1024x682.jpg\" alt=\"\" width=\"1024\" height=\"682\" srcset=\"https:\/\/cpl14.fr\/wp-content\/uploads\/2017\/05\/20150928_161103-1-1024x682.jpg 1024w, https:\/\/cpl14.fr\/wp-content\/uploads\/2017\/05\/20150928_161103-1-300x200.jpg 300w, https:\/\/cpl14.fr\/wp-content\/uploads\/2017\/05\/20150928_161103-1-768x512.jpg 768w\" sizes=\"auto, (max-width: 1024px) 100vw, 1024px\" \/><\/p>\n<p># \u00a0De Lisieux marque manuscrite en haut \u00e0 gauche (Lenain n\u00b01\/1 de notre catalogue . 1725-1748)<\/p>\n<p>\u00a5 \u00a021 ao\u00fbt 1748<\/p>\n<p>! \u00a0 Taxe 9 pour Beaune<\/p>\n<p>T \u00a09 = tarif de 1704 (D\u00e9claration Royale du 8 d\u00e9cembre 1703)<\/p>\n<p>Lettre simple de 120 \u00e0 150 lieues.<\/p>\n<p>~ verso sign\u00e9e MC au crayon<\/p>\n<p>\u25cb \u00a0Lenain citait la fourchette de date limite \u00e0 1744: cette pi\u00e8ce am\u00e9liore nettement avec 1748.<\/p>\n<p>\u2605 photo du tarif de 1704<\/p>\n<p><img loading=\"lazy\" decoding=\"async\" class=\"aligncenter size-large wp-image-169\" src=\"http:\/\/cpl14.fr\/wp-content\/uploads\/2017\/05\/20150928_161313-1-1024x612.jpg\" alt=\"\" width=\"1024\" height=\"612\" srcset=\"https:\/\/cpl14.fr\/wp-content\/uploads\/2017\/05\/20150928_161313-1-1024x612.jpg 1024w, https:\/\/cpl14.fr\/wp-content\/uploads\/2017\/05\/20150928_161313-1-300x179.jpg 300w, https:\/\/cpl14.fr\/wp-content\/uploads\/2017\/05\/20150928_161313-1-768x459.jpg 768w\" sizes=\"auto, (max-width: 1024px) 100vw, 1024px\" \/><\/p>\n<p>(Catalogue des tarifs postaux Alexandre, Joany, Desarnaud, etc).<\/p>\n<h5>La Lettre<\/h5>\n<p>\u2661 \u00a0J.F.David<\/p>\n<p>[ ] \u00a0 Marchand de vin en gros \u00e0 Lisieux en Normandie (sic).<\/p>\n<p>\u2665 \u00a0Lavirotte Berbissotte, marchand commissionnaire de vin \u00e0 Beaune.<\/p>\n<p>\u00ab\u00a0en haute bourgogne a beaunne\u00a0\u00bb.<\/p>\n<p>Le\u00a0patronyme accol\u00e9 \u00ab\u00a0Berbisotte\u00a0\u00bb (mais la transcription est correcte) correspond au neveu nomm\u00e9 dans le document correspondance\u00a0\u00bbBerbizotte\u00a0\u00bb.<\/p>\n<p>= \u00a0 \u00ab\u00a0vous priyer de vouloir bien avoir la bont\u00e9 de may faire le plaisir de menvoyer deux demy piesse de vin de Beaunne qui soit Bon&#8230;\u00a0\u00bb<\/p>\n<p>\u2605 \u00a0voir photo pour d\u00e9couvrir ce joli texte bien lisible.<\/p>\n<p><img loading=\"lazy\" decoding=\"async\" class=\"aligncenter size-large wp-image-171\" src=\"http:\/\/cpl14.fr\/wp-content\/uploads\/2017\/05\/20150928_162348-1-792x1024.jpg\" alt=\"\" width=\"792\" height=\"1024\" srcset=\"https:\/\/cpl14.fr\/wp-content\/uploads\/2017\/05\/20150928_162348-1-792x1024.jpg 792w, https:\/\/cpl14.fr\/wp-content\/uploads\/2017\/05\/20150928_162348-1-232x300.jpg 232w, https:\/\/cpl14.fr\/wp-content\/uploads\/2017\/05\/20150928_162348-1-768x993.jpg 768w, https:\/\/cpl14.fr\/wp-content\/uploads\/2017\/05\/20150928_162348-1.jpg 1967w\" sizes=\"auto, (max-width: 792px) 100vw, 792px\" \/><\/p>\n<p><img loading=\"lazy\" decoding=\"async\" class=\"aligncenter size-large wp-image-170\" src=\"http:\/\/cpl14.fr\/wp-content\/uploads\/2017\/05\/20150928_161220-1-813x1024.jpg\" alt=\"\" width=\"813\" height=\"1024\" srcset=\"https:\/\/cpl14.fr\/wp-content\/uploads\/2017\/05\/20150928_161220-1-813x1024.jpg 813w, https:\/\/cpl14.fr\/wp-content\/uploads\/2017\/05\/20150928_161220-1-238x300.jpg 238w, https:\/\/cpl14.fr\/wp-content\/uploads\/2017\/05\/20150928_161220-1-768x968.jpg 768w, https:\/\/cpl14.fr\/wp-content\/uploads\/2017\/05\/20150928_161220-1.jpg 1992w\" sizes=\"auto, (max-width: 813px) 100vw, 813px\" \/><\/p>\n<p>&gt; \u00a0 Sont cit\u00e9s exp\u00e9diteur qui signe,\u00a0et destinataire.<\/p>\n<p>Au verso la lettre a servi pour un d\u00e9compte (commande, livraison ou commission diverses?) \u00a0avec plusieurs additions. S&rsquo;ajoute une note \u00ab\u00a0benoist mursault de gigny voir ce soir avec claude tuillie de vignolles\u00a0\u00bb (?).<\/p>\n<p><img loading=\"lazy\" decoding=\"async\" class=\"aligncenter size-large wp-image-173\" src=\"http:\/\/cpl14.fr\/wp-content\/uploads\/2017\/05\/20150928_162841-1-938x1024.jpg\" alt=\"\" width=\"938\" height=\"1024\" srcset=\"https:\/\/cpl14.fr\/wp-content\/uploads\/2017\/05\/20150928_162841-1-938x1024.jpg 938w, https:\/\/cpl14.fr\/wp-content\/uploads\/2017\/05\/20150928_162841-1-275x300.jpg 275w, https:\/\/cpl14.fr\/wp-content\/uploads\/2017\/05\/20150928_162841-1-768x838.jpg 768w\" sizes=\"auto, (max-width: 938px) 100vw, 938px\" \/><\/p>\n<p>&lt; \u00a0dans le texte pour la livraison David (bas de premi\u00e8re page) indique clairement son adresse:<\/p>\n<p>\u00ab\u00a0pour mon magasin de la crois de fer campagne saint desir proche lisieux\u00a0\u00bb.<\/p>\n<p>Cette adresse est int\u00e9ressante car elle correspond \u00e0 un lieu d\u00e9j\u00e0 \u00e9tudi\u00e9 par nous dans le pass\u00e9. \u00a0La Croix de Fer (\u00e0 gauche en montant la C\u00f4te de Caen) f\u00fbt aussi le lieu (et l&rsquo;enseigne) d&rsquo;une auberge qui servait \u00e9galement de halte aux voitures, entreprises de roulage et messageries.<\/p>\n<p>\u25cb \u00a0voir \u00e0 ce sujet la note finale @<\/p>\n<h5><strong>@<\/strong> autre<strong> contribution<\/strong><\/h5>\n<p>(Raymond Raveaux ShL)<\/p>\n<div>ce nom est pr\u00e9sent \u00e0 Beaune \u00e0 cette \u00e9poque<\/div>\n<div><a href=\"http:\/\/gw.geneanet.org\/xgille?lang=en&amp;p=claude&amp;n=lavirotte&amp;oc=1\" target=\"_blank\" rel=\"noopener noreferrer\">http:\/\/gw.geneanet.org\/xgille?<wbr \/>lang=en&amp;p=claude&amp;n=lavirotte&amp;<wbr \/>oc=1<\/a><\/div>\n<div>et un pas de plus avec cette\u00a0correspondance commerciale d&rsquo;un n\u00e9gociant en vin \u00ab\u00a0Larivotte\u00a0\u00bb\u00a0 connue :<\/div>\n<div>La correspondance commerciale de Fran\u00e7ois Lavirotte, n\u00e9gociant en vins \u00e0 Beaune en plein c\u0153ur du XVIII e si\u00e8cle, est riche d\u2019enseignements les plus divers, et parmi ces informations figurent les modalit\u00e9s de paiement qu\u2019il pratique avec ses clients \u00e9loign\u00e9s. &#8230;&#8230;..<\/div>\n<div>Il n\u2019est pas inutile de pr\u00e9senter bri\u00e8vement Fran\u00e7ois Lavirotte. Il est n\u00e9 en 1704 \u00e0 Beaune et son p\u00e8re Gabriel est marchand de fer rue Couverte \u00e0 Beaune. Fran\u00e7ois semble avoir de bonne heure abandonn\u00e9 la profession de son p\u00e8re pour se consacrer<strong> au n\u00e9goce du vin puisqu\u2019\u00e0 partir de 1734 (coh\u00e9rent avec votre document)<\/strong>\u00a0il tient un cahier de ses&#8230;&#8230;..<\/div>\n<div>Voir :<\/div>\n<div><a href=\"http:\/\/www.chvv.fr\/Documents\/Bulletin%2020%20nov%202008.pdf\" target=\"_blank\" rel=\"noopener noreferrer\">http:\/\/www.chvv.fr\/Documents\/<wbr \/>Bulletin%2020%20nov%202008.pdf<\/a><\/div>\n<div><\/div>\n<h5>Le Papier<\/h5>\n<p>\u25a1 feuille 34,5 \u00d7 22cm<\/p>\n<p>\u2606 \u00a0filigrane partiel (trou d&rsquo;ouverture)\u00a0d&rsquo;un nom \/\/ au centre de la feuille<\/p>\n<p>sur 2 lignes. Non identifi\u00e9?<\/p>\n<p>\u2605 \u00a0voir photo du filigrane.<\/p>\n<p><img loading=\"lazy\" decoding=\"async\" class=\"aligncenter size-large wp-image-172\" src=\"http:\/\/cpl14.fr\/wp-content\/uploads\/2017\/05\/20150928_162638-1-1024x479.jpg\" alt=\"\" width=\"1024\" height=\"479\" srcset=\"https:\/\/cpl14.fr\/wp-content\/uploads\/2017\/05\/20150928_162638-1-1024x479.jpg 1024w, https:\/\/cpl14.fr\/wp-content\/uploads\/2017\/05\/20150928_162638-1-300x140.jpg 300w, https:\/\/cpl14.fr\/wp-content\/uploads\/2017\/05\/20150928_162638-1-768x360.jpg 768w\" sizes=\"auto, (max-width: 1024px) 100vw, 1024px\" \/><\/p>\n<p><strong>@ autres contributions<\/strong><\/p>\n<p>Au sujet de la Croix de fer, se reporter \u00e0 un article paru en Janvier 1989:<\/p>\n<p>Bulletin de la Soci\u00e9t\u00e9 Arch\u00e9ologique, Historique et Artistique LE VIEUX PAPIER fascicule 311 page 27 \u00e0 35.<\/p>\n<p>Cet article reprenait l&rsquo;inventaire notari\u00e9 int\u00e9gral (An 11) de l&rsquo;auberge de la Croix de Fer, avec nombreux d\u00e9tails ainsi que nos commentaires \u00a0et un plan.<\/p>\n<p>Cet article ancien a\u00a0\u00e9t\u00e9 repris, corrig\u00e9 et am\u00e9lior\u00e9 de tr\u00e8s nombreuses reproductions, par Sylvie et Michel CATHERINE, Nadine et Roger VERDIER dans un bulletin r\u00e9cent de la Soci\u00e9t\u00e9 historique de Lisieux.<br \/>\nR\u00e9f.\u00a0 UNE AUBERGE NORMANDE APR\u00c8S LA R\u00c9VOLUTION\u00a0 (bulletin 81 ShL. 1er semestre 2016. Pages 161.196)<\/p>\n<p>\u2605 voir photo St D\u00e9sir<\/p>\n<p><img loading=\"lazy\" decoding=\"async\" class=\"aligncenter size-large wp-image-174\" src=\"http:\/\/cpl14.fr\/wp-content\/uploads\/2017\/05\/St-D\u00e9sir-1024x740.jpg\" alt=\"\" width=\"1024\" height=\"740\" srcset=\"https:\/\/cpl14.fr\/wp-content\/uploads\/2017\/05\/St-D\u00e9sir-1024x740.jpg 1024w, https:\/\/cpl14.fr\/wp-content\/uploads\/2017\/05\/St-D\u00e9sir-300x217.jpg 300w, https:\/\/cpl14.fr\/wp-content\/uploads\/2017\/05\/St-D\u00e9sir-768x555.jpg 768w, https:\/\/cpl14.fr\/wp-content\/uploads\/2017\/05\/St-D\u00e9sir.jpg 1034w\" sizes=\"auto, (max-width: 1024px) 100vw, 1024px\" \/><\/p>\n<p>Plan couleur du village (sic) de St D\u00e9sir. Cadastre d\u00e9but XIXe si\u00e8cle.<\/p>\n<p>&nbsp;<\/p>\n<p>&nbsp;<\/p>\n","protected":false},"excerpt":{"rendered":"<div class=\"mh-excerpt\"><p>La Marque Postale # \u00a0De Lisieux marque manuscrite en haut \u00e0 gauche (Lenain n\u00b01\/1 de notre catalogue . 1725-1748) \u00a5 \u00a021 ao\u00fbt 1748 ! \u00a0 <a class=\"mh-excerpt-more\" href=\"https:\/\/cpl14.fr\/?page_id=902\" title=\"1748.1\">[&#8230;]<\/a><\/p>\n<\/div>","protected":false},"author":1,"featured_media":178,"parent":0,"menu_order":0,"comment_status":"closed","ping_status":"closed","template":"","meta":{"footnotes":""},"class_list":["post-902","page","type-page","status-publish","has-post-thumbnail","hentry"],"_links":{"self":[{"href":"https:\/\/cpl14.fr\/index.php?rest_route=\/wp\/v2\/pages\/902","targetHints":{"allow":["GET"]}}],"collection":[{"href":"https:\/\/cpl14.fr\/index.php?rest_route=\/wp\/v2\/pages"}],"about":[{"href":"https:\/\/cpl14.fr\/index.php?rest_route=\/wp\/v2\/types\/page"}],"author":[{"embeddable":true,"href":"https:\/\/cpl14.fr\/index.php?rest_route=\/wp\/v2\/users\/1"}],"replies":[{"embeddable":true,"href":"https:\/\/cpl14.fr\/index.php?rest_route=%2Fwp%2Fv2%2Fcomments&post=902"}],"version-history":[{"count":6,"href":"https:\/\/cpl14.fr\/index.php?rest_route=\/wp\/v2\/pages\/902\/revisions"}],"predecessor-version":[{"id":1815,"href":"https:\/\/cpl14.fr\/index.php?rest_route=\/wp\/v2\/pages\/902\/revisions\/1815"}],"wp:featuredmedia":[{"embeddable":true,"href":"https:\/\/cpl14.fr\/index.php?rest_route=\/wp\/v2\/media\/178"}],"wp:attachment":[{"href":"https:\/\/cpl14.fr\/index.php?rest_route=%2Fwp%2Fv2%2Fmedia&parent=902"}],"curies":[{"name":"wp","href":"https:\/\/api.w.org\/{rel}","templated":true}]}}