{"id":921,"date":"2017-07-11T09:40:42","date_gmt":"2017-07-11T07:40:42","guid":{"rendered":"http:\/\/cpl14.fr\/?page_id=921"},"modified":"2020-03-25T05:18:03","modified_gmt":"2020-03-25T04:18:03","slug":"b-lgp","status":"publish","type":"page","link":"https:\/\/cpl14.fr\/?page_id=921","title":{"rendered":"B.LGP"},"content":{"rendered":"<h4>La gare de Lisieux, vues de la ligne de Paris-Cherbourg<\/h4>\n<p><em>Cet article porte uniquement sur la partie de la gare correspondant \u00e0 la ligne de Paris-Cherbourg. La ligne en elle-m\u00eame sera \u00e9tudi\u00e9e dans un\u00a0autre article (D.PEC) pour\u00a0sa partie entre Evreux et\u00a0Caen.<\/em><\/p>\n<p>Les vues int\u00e9rieures de la gare sont moins courantes que les vues ext\u00e9rieures.<\/p>\n<p>Nous commen\u00e7ons par le sens Cherbourg-Paris:<\/p>\n<p><img loading=\"lazy\" decoding=\"async\" class=\"aligncenter size-full wp-image-632\" src=\"http:\/\/cpl14.fr\/wp-content\/uploads\/2017\/05\/gare-de-lisieux-5.jpg\" alt=\"\" width=\"861\" height=\"654\" srcset=\"https:\/\/cpl14.fr\/wp-content\/uploads\/2017\/05\/gare-de-lisieux-5.jpg 861w, https:\/\/cpl14.fr\/wp-content\/uploads\/2017\/05\/gare-de-lisieux-5-300x228.jpg 300w, https:\/\/cpl14.fr\/wp-content\/uploads\/2017\/05\/gare-de-lisieux-5-768x583.jpg 768w, https:\/\/cpl14.fr\/wp-content\/uploads\/2017\/05\/gare-de-lisieux-5-80x60.jpg 80w\" sizes=\"auto, (max-width: 861px) 100vw, 861px\" \/><\/p>\n<p style=\"text-align: center;\">Lettre de Lisieux pour Paris, mise \u00e0 la boite de la gare le 27 novembre 1875 <em>(timbre \u00e0 date type 17, r\u00e9f: G2, <a href=\"http:\/\/cpl14.fr\/wp-content\/uploads\/2017\/05\/Marques-de-Lisieux-Vol.-3-1-gare-1.pdf\">Marques de Lisieux, volume 3.1<\/a>),\u00a0<\/em>remise \u00e0 l&rsquo;ambulant Cherbourg \u00e0 Paris (ChP) qui annule les timbres <em>(losange des ambulants, r\u00e9f: A7, <a href=\"http:\/\/cpl14.fr\/wp-content\/uploads\/2017\/05\/Marques-de-Lisieux-Vol.-3-2-ambulants.pdf\">Marques de Lisieux, volume 3.2<\/a>)<\/em><\/p>\n<p><img loading=\"lazy\" decoding=\"async\" class=\"aligncenter size-full wp-image-642\" src=\"http:\/\/cpl14.fr\/wp-content\/uploads\/2017\/05\/BLGP-11.jpg\" alt=\"\" width=\"800\" height=\"514\" srcset=\"https:\/\/cpl14.fr\/wp-content\/uploads\/2017\/05\/BLGP-11.jpg 800w, https:\/\/cpl14.fr\/wp-content\/uploads\/2017\/05\/BLGP-11-300x193.jpg 300w, https:\/\/cpl14.fr\/wp-content\/uploads\/2017\/05\/BLGP-11-768x493.jpg 768w\" sizes=\"auto, (max-width: 800px) 100vw, 800px\" \/><\/p>\n<p>Le train entre en gare en franchissant le viaduc de la rue d&rsquo;Alen\u00e7on.<\/p>\n<p>Sur la\u00a0vue ci-dessous, la plus ancienne que nous ayons r\u00e9pertori\u00e9e, vous pouvez constater l&rsquo;absence de r\u00e9verb\u00e8re, et le bateau du quai (devant la femme en blanc qui attend le train) n&rsquo;est pas achev\u00e9. On peut voir\u00a0que la maison du chef de gare est achev\u00e9e, mais on ne distingue pas l&rsquo;enseigne du nouveau buffet de la gare.<\/p>\n<p>Cette vue nous indique aussi que la voie situ\u00e9e \u00e0 l&rsquo;oppos\u00e9 des b\u00e2timents (la plus \u00e0 gauche suivant le sens de la photo) \u00e9tait la voie de Lisieux \u00e0 Orbec (nous reviendrons sur cette particularit\u00e9 dans l&rsquo;article H.LOT)<\/p>\n<p><img loading=\"lazy\" decoding=\"async\" class=\"aligncenter size-full wp-image-628\" src=\"http:\/\/cpl14.fr\/wp-content\/uploads\/2017\/05\/BLGP-2.jpg\" alt=\"\" width=\"800\" height=\"509\" srcset=\"https:\/\/cpl14.fr\/wp-content\/uploads\/2017\/05\/BLGP-2.jpg 800w, https:\/\/cpl14.fr\/wp-content\/uploads\/2017\/05\/BLGP-2-300x191.jpg 300w, https:\/\/cpl14.fr\/wp-content\/uploads\/2017\/05\/BLGP-2-768x489.jpg 768w\" sizes=\"auto, (max-width: 800px) 100vw, 800px\" \/><\/p>\n<p>sur la deuxi\u00e8me vue, nous constatons la pr\u00e9sence d&rsquo;un r\u00e9verb\u00e8re (devant la salle d&rsquo;attente sur le quai de Paris), le bateau est achev\u00e9, \u00a0on distingue l&rsquo;extr\u00e9mit\u00e9 de l&rsquo;enseigne du\u00a0nouveau buffet.<\/p>\n<p><img loading=\"lazy\" decoding=\"async\" class=\"aligncenter size-full wp-image-631\" src=\"http:\/\/cpl14.fr\/wp-content\/uploads\/2017\/05\/BLGP-2-1.jpg\" alt=\"\" width=\"800\" height=\"508\" srcset=\"https:\/\/cpl14.fr\/wp-content\/uploads\/2017\/05\/BLGP-2-1.jpg 800w, https:\/\/cpl14.fr\/wp-content\/uploads\/2017\/05\/BLGP-2-1-300x191.jpg 300w, https:\/\/cpl14.fr\/wp-content\/uploads\/2017\/05\/BLGP-2-1-768x488.jpg 768w\" sizes=\"auto, (max-width: 800px) 100vw, 800px\" \/><\/p>\n<p><img loading=\"lazy\" decoding=\"async\" class=\"aligncenter size-full wp-image-485\" src=\"http:\/\/cpl14.fr\/wp-content\/uploads\/2017\/05\/BLGP4.jpg\" alt=\"\" width=\"800\" height=\"493\" srcset=\"https:\/\/cpl14.fr\/wp-content\/uploads\/2017\/05\/BLGP4.jpg 800w, https:\/\/cpl14.fr\/wp-content\/uploads\/2017\/05\/BLGP4-300x185.jpg 300w, https:\/\/cpl14.fr\/wp-content\/uploads\/2017\/05\/BLGP4-768x473.jpg 768w\" sizes=\"auto, (max-width: 800px) 100vw, 800px\" \/><\/p>\n<p>Notons que\u00a0les 2 cartes ci-dessus, de 2 clich\u00e9s du m\u00eame \u00e9diteur d&rsquo;origine (LL), portant le m\u00eame n\u00b0, photos prisent \u00e0 la m\u00eame heure (vers 12h40) semblent \u00eatre un jeu des 7 erreurs!<\/p>\n<p>Et enfin, l&rsquo;enseigne du nouveau buffet est clairement visible<\/p>\n<p><img loading=\"lazy\" decoding=\"async\" class=\"aligncenter size-full wp-image-483\" src=\"http:\/\/cpl14.fr\/wp-content\/uploads\/2017\/05\/BLGP3.1.jpg\" alt=\"\" width=\"800\" height=\"535\" srcset=\"https:\/\/cpl14.fr\/wp-content\/uploads\/2017\/05\/BLGP3.1.jpg 800w, https:\/\/cpl14.fr\/wp-content\/uploads\/2017\/05\/BLGP3.1-300x201.jpg 300w, https:\/\/cpl14.fr\/wp-content\/uploads\/2017\/05\/BLGP3.1-768x514.jpg 768w\" sizes=\"auto, (max-width: 800px) 100vw, 800px\" \/><\/p>\n<p>Changeons de quai, pour prendre le train Paris- Cherbourg:<\/p>\n<p><img loading=\"lazy\" decoding=\"async\" class=\"aligncenter size-full wp-image-643\" src=\"http:\/\/cpl14.fr\/wp-content\/uploads\/2017\/05\/PCH1.jpg\" alt=\"\" width=\"800\" height=\"506\" srcset=\"https:\/\/cpl14.fr\/wp-content\/uploads\/2017\/05\/PCH1.jpg 800w, https:\/\/cpl14.fr\/wp-content\/uploads\/2017\/05\/PCH1-300x190.jpg 300w, https:\/\/cpl14.fr\/wp-content\/uploads\/2017\/05\/PCH1-768x486.jpg 768w\" sizes=\"auto, (max-width: 800px) 100vw, 800px\" \/><\/p>\n<p style=\"text-align: center;\">Lettre de Livarot\u00a0pour Jersey, du 3 d\u00e9cembre 1870\u00a0<em>(timbre \u00e0 date type 17, r\u00e9f: G2, <a href=\"http:\/\/cpl14.fr\/wp-content\/uploads\/2017\/05\/Marques-de-Lisieux-Vol.-3-1-gare-1.pdf\">Marques de Lisieux, volume 3.1<\/a>), <\/em>oval BM (Bo\u00eete Mobile) car la lettre a \u00e9t\u00e9 remise \u00e0 la voiture courrier d&rsquo;entreprise de Vimoutiers et Livarot (<em><a href=\"http:\/\/cpl14.fr\/wp-content\/uploads\/2017\/05\/Marques-de-Lisieux-Vol.-3-3-convoyeurs.pdf\">Marques de Lisieux, volume 3.3<\/a><\/em>), puis elle est remise \u00e0 l&rsquo;ambulant Paris \u00e0 Cherbourg (PCh)\u00a0qui annule le timbre\u00a0<em>(losange des ambulants, r\u00e9f: A16, <a href=\"http:\/\/cpl14.fr\/wp-content\/uploads\/2017\/05\/Marques-de-Lisieux-Vol.-3-2-ambulants.pdf\">Marques de Lisieux, volume 3.2<\/a>),\u00a0<\/em>marque PD (pay\u00e9 jusqu&rsquo;\u00e0 destination) car la lettre est pour l&rsquo;\u00e9tranger, et l&rsquo;exp\u00e9diteur a affranchi sa lettre pour la totalit\u00e9 du trajet.<\/p>\n<p><img loading=\"lazy\" decoding=\"async\" class=\"aligncenter size-full wp-image-635\" src=\"http:\/\/cpl14.fr\/wp-content\/uploads\/2017\/05\/BLGP-5.2.jpg\" alt=\"\" width=\"800\" height=\"504\" srcset=\"https:\/\/cpl14.fr\/wp-content\/uploads\/2017\/05\/BLGP-5.2.jpg 800w, https:\/\/cpl14.fr\/wp-content\/uploads\/2017\/05\/BLGP-5.2-300x189.jpg 300w, https:\/\/cpl14.fr\/wp-content\/uploads\/2017\/05\/BLGP-5.2-768x484.jpg 768w\" sizes=\"auto, (max-width: 800px) 100vw, 800px\" \/><\/p>\n<p>Ci-dessous, la maison du chef de gare et le nouveau buffet<\/p>\n<p><img loading=\"lazy\" decoding=\"async\" class=\"aligncenter size-full wp-image-638\" src=\"http:\/\/cpl14.fr\/wp-content\/uploads\/2017\/05\/BLGP-6-1.jpg\" alt=\"\" width=\"800\" height=\"522\" srcset=\"https:\/\/cpl14.fr\/wp-content\/uploads\/2017\/05\/BLGP-6-1.jpg 800w, https:\/\/cpl14.fr\/wp-content\/uploads\/2017\/05\/BLGP-6-1-300x196.jpg 300w, https:\/\/cpl14.fr\/wp-content\/uploads\/2017\/05\/BLGP-6-1-768x501.jpg 768w\" sizes=\"auto, (max-width: 800px) 100vw, 800px\" \/><\/p>\n<p>Cette vue ci-dessous nous montre les travaux de prolongement du quai vers Cherbourg.<\/p>\n<p><img loading=\"lazy\" decoding=\"async\" class=\"aligncenter size-full wp-image-636\" src=\"http:\/\/cpl14.fr\/wp-content\/uploads\/2017\/05\/BLGP-6.jpg\" alt=\"\" width=\"800\" height=\"504\" srcset=\"https:\/\/cpl14.fr\/wp-content\/uploads\/2017\/05\/BLGP-6.jpg 800w, https:\/\/cpl14.fr\/wp-content\/uploads\/2017\/05\/BLGP-6-300x189.jpg 300w, https:\/\/cpl14.fr\/wp-content\/uploads\/2017\/05\/BLGP-6-768x484.jpg 768w\" sizes=\"auto, (max-width: 800px) 100vw, 800px\" \/><\/p>\n<p>puis des stores et un bec de gaz sur la maison du chef de gare:<\/p>\n<p><img loading=\"lazy\" decoding=\"async\" class=\"aligncenter size-full wp-image-639\" src=\"http:\/\/cpl14.fr\/wp-content\/uploads\/2017\/05\/BLGP-8.jpg\" alt=\"\" width=\"800\" height=\"517\" srcset=\"https:\/\/cpl14.fr\/wp-content\/uploads\/2017\/05\/BLGP-8.jpg 800w, https:\/\/cpl14.fr\/wp-content\/uploads\/2017\/05\/BLGP-8-300x194.jpg 300w, https:\/\/cpl14.fr\/wp-content\/uploads\/2017\/05\/BLGP-8-768x496.jpg 768w\" sizes=\"auto, (max-width: 800px) 100vw, 800px\" \/><\/p>\n<p>et celle-ci avec la terrasse du buffet empi\u00e9tant sur la maison du chef de gare:<\/p>\n<p><img loading=\"lazy\" decoding=\"async\" class=\"aligncenter size-full wp-image-637\" src=\"http:\/\/cpl14.fr\/wp-content\/uploads\/2017\/05\/BLGP-7.2.jpg\" alt=\"\" width=\"800\" height=\"494\" srcset=\"https:\/\/cpl14.fr\/wp-content\/uploads\/2017\/05\/BLGP-7.2.jpg 800w, https:\/\/cpl14.fr\/wp-content\/uploads\/2017\/05\/BLGP-7.2-300x185.jpg 300w, https:\/\/cpl14.fr\/wp-content\/uploads\/2017\/05\/BLGP-7.2-768x474.jpg 768w\" sizes=\"auto, (max-width: 800px) 100vw, 800px\" \/><\/p>\n<p>Seule carte o\u00f9 l&rsquo;on peut voir la voie d&rsquo;Orbec, \u00e0 droite.<\/p>\n<p><img loading=\"lazy\" decoding=\"async\" class=\"aligncenter size-full wp-image-640\" src=\"http:\/\/cpl14.fr\/wp-content\/uploads\/2017\/05\/BLGP-9.jpg\" alt=\"\" width=\"800\" height=\"508\" srcset=\"https:\/\/cpl14.fr\/wp-content\/uploads\/2017\/05\/BLGP-9.jpg 800w, https:\/\/cpl14.fr\/wp-content\/uploads\/2017\/05\/BLGP-9-300x191.jpg 300w, https:\/\/cpl14.fr\/wp-content\/uploads\/2017\/05\/BLGP-9-768x488.jpg 768w\" sizes=\"auto, (max-width: 800px) 100vw, 800px\" \/><\/p>\n<p>Et le viaduc de la rue d&rsquo;Alen\u00e7on, le train quitte la gare:<\/p>\n<p><img loading=\"lazy\" decoding=\"async\" class=\"aligncenter size-full wp-image-641\" src=\"http:\/\/cpl14.fr\/wp-content\/uploads\/2017\/05\/BLGP-12.1.jpg\" alt=\"\" width=\"800\" height=\"519\" srcset=\"https:\/\/cpl14.fr\/wp-content\/uploads\/2017\/05\/BLGP-12.1.jpg 800w, https:\/\/cpl14.fr\/wp-content\/uploads\/2017\/05\/BLGP-12.1-300x195.jpg 300w, https:\/\/cpl14.fr\/wp-content\/uploads\/2017\/05\/BLGP-12.1-768x498.jpg 768w\" sizes=\"auto, (max-width: 800px) 100vw, 800px\" \/><\/p>\n<p>&nbsp;<\/p>\n<p>Apr\u00e8s le 6 Juin 1944, de nombreuses villes sont d\u00e9truites, et les \u00a0voies ferr\u00e9es indisponibles. Mais Paris est encore aux mains allemandes. Le ravitaillement des populations et les sacs postaux sont transport\u00e9s par des camions du secours national. <a href=\"http:\/\/Apr\u00e8s le 6 Juin 1944, de nombreuses villes sont d\u00e9truites, et les voies ferr\u00e9es indisponibles. Mais Paris est encore aux mains allemandes. Le ravitaillement des populations et les sacs postaux sont transport\u00e9s par des camions du secours national\">Voyez cette vid\u00e9o de l&rsquo;INA<\/a><\/p>\n<p>&nbsp;<\/p>\n<p>Plus tard&#8230;avant 1953:<\/p>\n<p><img loading=\"lazy\" decoding=\"async\" class=\"aligncenter size-full wp-image-670\" src=\"http:\/\/cpl14.fr\/wp-content\/uploads\/2017\/05\/BLGP-17.jpg\" alt=\"\" width=\"800\" height=\"582\" srcset=\"https:\/\/cpl14.fr\/wp-content\/uploads\/2017\/05\/BLGP-17.jpg 800w, https:\/\/cpl14.fr\/wp-content\/uploads\/2017\/05\/BLGP-17-300x218.jpg 300w, https:\/\/cpl14.fr\/wp-content\/uploads\/2017\/05\/BLGP-17-768x559.jpg 768w\" sizes=\"auto, (max-width: 800px) 100vw, 800px\" \/><\/p>\n<p><img loading=\"lazy\" decoding=\"async\" class=\"aligncenter size-full wp-image-671\" src=\"http:\/\/cpl14.fr\/wp-content\/uploads\/2017\/05\/BLGP-14.jpg\" alt=\"\" width=\"800\" height=\"586\" srcset=\"https:\/\/cpl14.fr\/wp-content\/uploads\/2017\/05\/BLGP-14.jpg 800w, https:\/\/cpl14.fr\/wp-content\/uploads\/2017\/05\/BLGP-14-300x220.jpg 300w, https:\/\/cpl14.fr\/wp-content\/uploads\/2017\/05\/BLGP-14-768x563.jpg 768w, https:\/\/cpl14.fr\/wp-content\/uploads\/2017\/05\/BLGP-14-80x60.jpg 80w\" sizes=\"auto, (max-width: 800px) 100vw, 800px\" \/><\/p>\n<p><img loading=\"lazy\" decoding=\"async\" class=\"aligncenter size-full wp-image-672\" src=\"http:\/\/cpl14.fr\/wp-content\/uploads\/2017\/05\/BLGP-13.jpg\" alt=\"\" width=\"800\" height=\"569\" srcset=\"https:\/\/cpl14.fr\/wp-content\/uploads\/2017\/05\/BLGP-13.jpg 800w, https:\/\/cpl14.fr\/wp-content\/uploads\/2017\/05\/BLGP-13-300x213.jpg 300w, https:\/\/cpl14.fr\/wp-content\/uploads\/2017\/05\/BLGP-13-768x546.jpg 768w\" sizes=\"auto, (max-width: 800px) 100vw, 800px\" \/><\/p>\n<p>Encore plus tard, apr\u00e8s 1953:<\/p>\n<p><img loading=\"lazy\" decoding=\"async\" class=\"aligncenter size-full wp-image-673\" src=\"http:\/\/cpl14.fr\/wp-content\/uploads\/2017\/05\/BLGP-19.jpg\" alt=\"\" width=\"800\" height=\"544\" srcset=\"https:\/\/cpl14.fr\/wp-content\/uploads\/2017\/05\/BLGP-19.jpg 800w, https:\/\/cpl14.fr\/wp-content\/uploads\/2017\/05\/BLGP-19-300x204.jpg 300w, https:\/\/cpl14.fr\/wp-content\/uploads\/2017\/05\/BLGP-19-768x522.jpg 768w\" sizes=\"auto, (max-width: 800px) 100vw, 800px\" \/><\/p>\n<p>Et presque hier&#8230;le Turbo Train:<\/p>\n<p><img loading=\"lazy\" decoding=\"async\" class=\"aligncenter size-full wp-image-674\" src=\"http:\/\/cpl14.fr\/wp-content\/uploads\/2017\/05\/BLGP-18.jpg\" alt=\"\" width=\"800\" height=\"503\" srcset=\"https:\/\/cpl14.fr\/wp-content\/uploads\/2017\/05\/BLGP-18.jpg 800w, https:\/\/cpl14.fr\/wp-content\/uploads\/2017\/05\/BLGP-18-300x189.jpg 300w, https:\/\/cpl14.fr\/wp-content\/uploads\/2017\/05\/BLGP-18-768x483.jpg 768w\" sizes=\"auto, (max-width: 800px) 100vw, 800px\" \/><\/p>\n<p>&nbsp;<\/p>\n<p style=\"text-align: right;\"><a href=\"http:\/\/cpl14.fr\/?p=343\">retour \u00e0 l&rsquo;article Chemin de Fer<\/a><\/p>\n","protected":false},"excerpt":{"rendered":"<div class=\"mh-excerpt\"><p>La gare de Lisieux, vues de la ligne de Paris-Cherbourg Cet article porte uniquement sur la partie de la gare correspondant \u00e0 la ligne de <a class=\"mh-excerpt-more\" href=\"https:\/\/cpl14.fr\/?page_id=921\" title=\"B.LGP\">[&#8230;]<\/a><\/p>\n<\/div>","protected":false},"author":1,"featured_media":0,"parent":0,"menu_order":0,"comment_status":"closed","ping_status":"closed","template":"","meta":{"footnotes":""},"class_list":["post-921","page","type-page","status-publish","hentry"],"_links":{"self":[{"href":"https:\/\/cpl14.fr\/index.php?rest_route=\/wp\/v2\/pages\/921","targetHints":{"allow":["GET"]}}],"collection":[{"href":"https:\/\/cpl14.fr\/index.php?rest_route=\/wp\/v2\/pages"}],"about":[{"href":"https:\/\/cpl14.fr\/index.php?rest_route=\/wp\/v2\/types\/page"}],"author":[{"embeddable":true,"href":"https:\/\/cpl14.fr\/index.php?rest_route=\/wp\/v2\/users\/1"}],"replies":[{"embeddable":true,"href":"https:\/\/cpl14.fr\/index.php?rest_route=%2Fwp%2Fv2%2Fcomments&post=921"}],"version-history":[{"count":4,"href":"https:\/\/cpl14.fr\/index.php?rest_route=\/wp\/v2\/pages\/921\/revisions"}],"predecessor-version":[{"id":6369,"href":"https:\/\/cpl14.fr\/index.php?rest_route=\/wp\/v2\/pages\/921\/revisions\/6369"}],"wp:attachment":[{"href":"https:\/\/cpl14.fr\/index.php?rest_route=%2Fwp%2Fv2%2Fmedia&parent=921"}],"curies":[{"name":"wp","href":"https:\/\/api.w.org\/{rel}","templated":true}]}}