{"id":924,"date":"2017-06-01T17:06:55","date_gmt":"2017-06-01T15:06:55","guid":{"rendered":"http:\/\/cpl14.fr\/?page_id=924"},"modified":"2020-03-25T05:18:56","modified_gmt":"2020-03-25T04:18:56","slug":"c-lgt","status":"publish","type":"page","link":"https:\/\/cpl14.fr\/?page_id=924","title":{"rendered":"C.LGT"},"content":{"rendered":"<h4>La gare de Lisieux, vues de la ligne de\u00a0Lisieux-Trouville<\/h4>\n<p><em>Cet article porte uniquement sur la partie de la gare correspondant \u00e0 la ligne de Lisieux-Trouville. La ligne en elle-m\u00eame est\u00a0\u00e9tudi\u00e9e dans un\u00a0autre article (F.LTD).\u00a0<\/em><em>La partie Paris-Lisieux de la ligne Paris-Trouville est quant \u00e0 elle trait\u00e9e dans l&rsquo;article D.PEC (partie entre Evreux et Caen de la ligne Paris-Cherbourg).<\/em><\/p>\n<p>Les vues int\u00e9rieures de la gare sont moins courantes que les vues ext\u00e9rieures.<\/p>\n<p><img loading=\"lazy\" decoding=\"async\" class=\"aligncenter size-full wp-image-677\" src=\"http:\/\/cpl14.fr\/wp-content\/uploads\/2017\/05\/trouville-deauville-2.jpg\" alt=\"\" width=\"897\" height=\"598\" srcset=\"https:\/\/cpl14.fr\/wp-content\/uploads\/2017\/05\/trouville-deauville-2.jpg 897w, https:\/\/cpl14.fr\/wp-content\/uploads\/2017\/05\/trouville-deauville-2-300x200.jpg 300w, https:\/\/cpl14.fr\/wp-content\/uploads\/2017\/05\/trouville-deauville-2-768x512.jpg 768w\" sizes=\"auto, (max-width: 897px) 100vw, 897px\" \/><\/p>\n<p style=\"text-align: center;\">Lettre de Deauville\u00a0pour Ste Foy la Grande, mise \u00e0 la boite de la gare de Deauville <em>(convoyeur-station, r\u00e9f: S12r, <a href=\"http:\/\/cpl14.fr\/wp-content\/uploads\/2017\/05\/Marques-de-Lisieux-Vol.-3-3-convoyeurs.pdf\">Marques de Lisieux, volume 3.<\/a>3),\u00a0<\/em>remise \u00e0 l&rsquo;ambulant Cherbourg \u00e0 Paris (ChP) en gare de Lisieux, qui annule les timbres <em>(losange des ambulants, r\u00e9f: A7, <a href=\"http:\/\/cpl14.fr\/wp-content\/uploads\/2017\/05\/Marques-de-Lisieux-Vol.-3-2-ambulants.pdf\">Marques de Lisieux, volume 3.2<\/a>)<\/em><\/p>\n<p>Nous commen\u00e7ons par le sens Lisieux-Trouville\/Deauville ou Honfleur, car\u00a0ces lignes empruntent la m\u00eame voie\u00a0jusqu&rsquo;\u00e0 Pont-l&rsquo;Ev\u00eaque.<\/p>\n<p>Tout d&rsquo;abord, le Bar Normand:<\/p>\n<p><img loading=\"lazy\" decoding=\"async\" class=\"aligncenter size-full wp-image-652\" src=\"http:\/\/cpl14.fr\/wp-content\/uploads\/2017\/05\/CLGT-1.jpg\" alt=\"\" width=\"800\" height=\"513\" srcset=\"https:\/\/cpl14.fr\/wp-content\/uploads\/2017\/05\/CLGT-1.jpg 800w, https:\/\/cpl14.fr\/wp-content\/uploads\/2017\/05\/CLGT-1-300x192.jpg 300w, https:\/\/cpl14.fr\/wp-content\/uploads\/2017\/05\/CLGT-1-768x492.jpg 768w\" sizes=\"auto, (max-width: 800px) 100vw, 800px\" \/><\/p>\n<p>Le BAR NORMAND est une annexe du Buffet qui se trouve situ\u00e9 du c\u00f4t\u00e9 de la ligne de Trouville-Deauville et Honfleur. Tr\u00e8s int\u00e9ressante b\u00e2tisse qui semble bien d\u00e9cor\u00e9e aussi \u00e0 l&rsquo;int\u00e9rieur. Des t\u00e9moignages parlent d&rsquo;un d\u00e9cor totalement r\u00e9alis\u00e9 en fa\u00efences&#8230;On r\u00eave donc d&rsquo;autres photos plus pr\u00e9cises ?<\/p>\n<p>En gare, la voie est double: le quai c\u00f4t\u00e9 gare-voyageurs semble \u00eatre la voie de la ligne Lisieux-Trouville, la voie c\u00f4t\u00e9 gare-marchandises\u00a0serait destin\u00e9e au Paris-Trouville<\/p>\n<p><img loading=\"lazy\" decoding=\"async\" class=\"aligncenter size-full wp-image-653\" src=\"http:\/\/cpl14.fr\/wp-content\/uploads\/2017\/05\/CLGT-2.1.jpg\" alt=\"\" width=\"800\" height=\"523\" srcset=\"https:\/\/cpl14.fr\/wp-content\/uploads\/2017\/05\/CLGT-2.1.jpg 800w, https:\/\/cpl14.fr\/wp-content\/uploads\/2017\/05\/CLGT-2.1-300x196.jpg 300w, https:\/\/cpl14.fr\/wp-content\/uploads\/2017\/05\/CLGT-2.1-768x502.jpg 768w\" sizes=\"auto, (max-width: 800px) 100vw, 800px\" \/><\/p>\n<p><img loading=\"lazy\" decoding=\"async\" class=\"aligncenter size-full wp-image-654\" src=\"http:\/\/cpl14.fr\/wp-content\/uploads\/2017\/05\/CLGT-3.1.jpg\" alt=\"\" width=\"800\" height=\"507\" srcset=\"https:\/\/cpl14.fr\/wp-content\/uploads\/2017\/05\/CLGT-3.1.jpg 800w, https:\/\/cpl14.fr\/wp-content\/uploads\/2017\/05\/CLGT-3.1-300x190.jpg 300w, https:\/\/cpl14.fr\/wp-content\/uploads\/2017\/05\/CLGT-3.1-768x487.jpg 768w\" sizes=\"auto, (max-width: 800px) 100vw, 800px\" \/><\/p>\n<p><img loading=\"lazy\" decoding=\"async\" class=\"aligncenter size-full wp-image-655\" src=\"http:\/\/cpl14.fr\/wp-content\/uploads\/2017\/05\/CLGT-4.1.jpg\" alt=\"\" width=\"800\" height=\"508\" srcset=\"https:\/\/cpl14.fr\/wp-content\/uploads\/2017\/05\/CLGT-4.1.jpg 800w, https:\/\/cpl14.fr\/wp-content\/uploads\/2017\/05\/CLGT-4.1-300x191.jpg 300w, https:\/\/cpl14.fr\/wp-content\/uploads\/2017\/05\/CLGT-4.1-768x488.jpg 768w\" sizes=\"auto, (max-width: 800px) 100vw, 800px\" \/><\/p>\n<p>Sur la carte ci-dessous, on peut constater que le Bar Normand est de construction ant\u00e9rieure au nouveau buffet, on aper\u00e7oit au premier plan \u00e0 droite l&rsquo;ancien buffet de la gare.<\/p>\n<p><img loading=\"lazy\" decoding=\"async\" class=\"aligncenter size-full wp-image-658\" src=\"http:\/\/cpl14.fr\/wp-content\/uploads\/2017\/05\/CLGT-6.1.jpg\" alt=\"\" width=\"800\" height=\"515\" srcset=\"https:\/\/cpl14.fr\/wp-content\/uploads\/2017\/05\/CLGT-6.1.jpg 800w, https:\/\/cpl14.fr\/wp-content\/uploads\/2017\/05\/CLGT-6.1-300x193.jpg 300w, https:\/\/cpl14.fr\/wp-content\/uploads\/2017\/05\/CLGT-6.1-768x494.jpg 768w\" sizes=\"auto, (max-width: 800px) 100vw, 800px\" \/><\/p>\n<p>La troisi\u00e8me voie dessert la gare des marchandises (\u00e0 gauche):<\/p>\n<p><img loading=\"lazy\" decoding=\"async\" class=\"aligncenter size-full wp-image-657\" src=\"http:\/\/cpl14.fr\/wp-content\/uploads\/2017\/05\/CLGT-7.1.jpg\" alt=\"\" width=\"800\" height=\"526\" srcset=\"https:\/\/cpl14.fr\/wp-content\/uploads\/2017\/05\/CLGT-7.1.jpg 800w, https:\/\/cpl14.fr\/wp-content\/uploads\/2017\/05\/CLGT-7.1-300x197.jpg 300w, https:\/\/cpl14.fr\/wp-content\/uploads\/2017\/05\/CLGT-7.1-768x505.jpg 768w\" sizes=\"auto, (max-width: 800px) 100vw, 800px\" \/><\/p>\n<p>A l&#8217;emplacement de l&rsquo;actuel parking Effia, une esplanade permettait de stocker les wagons de marchandises:<\/p>\n<p><img loading=\"lazy\" decoding=\"async\" class=\"aligncenter size-full wp-image-659\" src=\"http:\/\/cpl14.fr\/wp-content\/uploads\/2017\/05\/CLGT-8.1.jpg\" alt=\"\" width=\"800\" height=\"522\" srcset=\"https:\/\/cpl14.fr\/wp-content\/uploads\/2017\/05\/CLGT-8.1.jpg 800w, https:\/\/cpl14.fr\/wp-content\/uploads\/2017\/05\/CLGT-8.1-300x196.jpg 300w, https:\/\/cpl14.fr\/wp-content\/uploads\/2017\/05\/CLGT-8.1-768x501.jpg 768w\" sizes=\"auto, (max-width: 800px) 100vw, 800px\" \/><\/p>\n<p>Le premier passage \u00e0 niveau, toujours existant, \u00e0 l&rsquo;extr\u00e9mit\u00e9 de la place de la Gare et de la rue de Honfleur:<\/p>\n<p><img loading=\"lazy\" decoding=\"async\" class=\"aligncenter size-full wp-image-656\" src=\"http:\/\/cpl14.fr\/wp-content\/uploads\/2017\/05\/CLGT-5.1.jpg\" alt=\"\" width=\"800\" height=\"506\" srcset=\"https:\/\/cpl14.fr\/wp-content\/uploads\/2017\/05\/CLGT-5.1.jpg 800w, https:\/\/cpl14.fr\/wp-content\/uploads\/2017\/05\/CLGT-5.1-300x190.jpg 300w, https:\/\/cpl14.fr\/wp-content\/uploads\/2017\/05\/CLGT-5.1-768x486.jpg 768w\" sizes=\"auto, (max-width: 800px) 100vw, 800px\" \/><\/p>\n<p><img loading=\"lazy\" decoding=\"async\" class=\"aligncenter size-full wp-image-382\" src=\"http:\/\/cpl14.fr\/wp-content\/uploads\/2017\/05\/ALGE-2.jpg\" alt=\"\" width=\"800\" height=\"525\" srcset=\"https:\/\/cpl14.fr\/wp-content\/uploads\/2017\/05\/ALGE-2.jpg 800w, https:\/\/cpl14.fr\/wp-content\/uploads\/2017\/05\/ALGE-2-300x197.jpg 300w, https:\/\/cpl14.fr\/wp-content\/uploads\/2017\/05\/ALGE-2-768x504.jpg 768w\" sizes=\"auto, (max-width: 800px) 100vw, 800px\" \/><\/p>\n<p>Le second passage \u00e0 niveau \u00e9tait situ\u00e9 juste \u00e0 la sortie du tunnel, pour permettre \u00e0 la rue d&rsquo;Orbec de couper la voie;\u00a0<em>pour les non-lexoviens, un tunnel passe sous le centre ville (voir plan dans <a href=\"http:\/\/cpl14.fr\/?p=343\">Le Chemin de Fer en Pays d&rsquo;Auge<\/a>) et permet de relier la \u00ab\u00a0Grande Gare\u00a0\u00bb, au Sud, \u00e0 la gare du Grand Jardin, situ\u00e9e dans le quartier Nord de la ville (voir la ligne F.LTD)<\/em>:<\/p>\n<p><img loading=\"lazy\" decoding=\"async\" class=\"aligncenter size-full wp-image-660\" src=\"http:\/\/cpl14.fr\/wp-content\/uploads\/2017\/05\/CLGT-10.1.jpg\" alt=\"\" width=\"800\" height=\"518\" srcset=\"https:\/\/cpl14.fr\/wp-content\/uploads\/2017\/05\/CLGT-10.1.jpg 800w, https:\/\/cpl14.fr\/wp-content\/uploads\/2017\/05\/CLGT-10.1-300x194.jpg 300w, https:\/\/cpl14.fr\/wp-content\/uploads\/2017\/05\/CLGT-10.1-768x497.jpg 768w\" sizes=\"auto, (max-width: 800px) 100vw, 800px\" \/><\/p>\n<p>On constate que cette voie est unique \u00e0 l&rsquo;entr\u00e9e du tunnel, un aiguillage, situ\u00e9 entre les 2 passages \u00e0 niveau, permettait de regrouper les voies Paris-Trouville et Lisieux -Trouville:<\/p>\n<p><img loading=\"lazy\" decoding=\"async\" class=\"aligncenter size-full wp-image-661\" src=\"http:\/\/cpl14.fr\/wp-content\/uploads\/2017\/05\/CLGT-13.1.jpg\" alt=\"\" width=\"800\" height=\"513\" srcset=\"https:\/\/cpl14.fr\/wp-content\/uploads\/2017\/05\/CLGT-13.1.jpg 800w, https:\/\/cpl14.fr\/wp-content\/uploads\/2017\/05\/CLGT-13.1-300x192.jpg 300w, https:\/\/cpl14.fr\/wp-content\/uploads\/2017\/05\/CLGT-13.1-768x492.jpg 768w\" sizes=\"auto, (max-width: 800px) 100vw, 800px\" \/><\/p>\n<p>Puisque nous nous sommes retourn\u00e9s, regardons les trains sortir du tunnel et entrer en gare:<\/p>\n<p><img loading=\"lazy\" decoding=\"async\" class=\"aligncenter size-full wp-image-662\" src=\"http:\/\/cpl14.fr\/wp-content\/uploads\/2017\/05\/CLGT-11.1.jpg\" alt=\"\" width=\"800\" height=\"498\" srcset=\"https:\/\/cpl14.fr\/wp-content\/uploads\/2017\/05\/CLGT-11.1.jpg 800w, https:\/\/cpl14.fr\/wp-content\/uploads\/2017\/05\/CLGT-11.1-300x187.jpg 300w, https:\/\/cpl14.fr\/wp-content\/uploads\/2017\/05\/CLGT-11.1-768x478.jpg 768w\" sizes=\"auto, (max-width: 800px) 100vw, 800px\" \/><\/p>\n<p><img loading=\"lazy\" decoding=\"async\" class=\"aligncenter size-full wp-image-663\" src=\"http:\/\/cpl14.fr\/wp-content\/uploads\/2017\/05\/CLGT-12.1.jpg\" alt=\"\" width=\"800\" height=\"515\" srcset=\"https:\/\/cpl14.fr\/wp-content\/uploads\/2017\/05\/CLGT-12.1.jpg 800w, https:\/\/cpl14.fr\/wp-content\/uploads\/2017\/05\/CLGT-12.1-300x193.jpg 300w, https:\/\/cpl14.fr\/wp-content\/uploads\/2017\/05\/CLGT-12.1-768x494.jpg 768w\" sizes=\"auto, (max-width: 800px) 100vw, 800px\" \/><\/p>\n<p>Plus tard, une seconde voie sera ajout\u00e9e, pour permettre aux trains de se croiser entre la Grande Gare et la gare du Grand Jardin \u00e0 l&rsquo;autre extr\u00e9mit\u00e9 du tunnel:<\/p>\n<p><img loading=\"lazy\" decoding=\"async\" class=\"aligncenter size-full wp-image-664\" src=\"http:\/\/cpl14.fr\/wp-content\/uploads\/2017\/05\/CLGT-14.1.jpg\" alt=\"\" width=\"800\" height=\"510\" srcset=\"https:\/\/cpl14.fr\/wp-content\/uploads\/2017\/05\/CLGT-14.1.jpg 800w, https:\/\/cpl14.fr\/wp-content\/uploads\/2017\/05\/CLGT-14.1-300x191.jpg 300w, https:\/\/cpl14.fr\/wp-content\/uploads\/2017\/05\/CLGT-14.1-768x490.jpg 768w\" sizes=\"auto, (max-width: 800px) 100vw, 800px\" \/><\/p>\n<p><img loading=\"lazy\" decoding=\"async\" class=\"aligncenter size-full wp-image-665\" src=\"http:\/\/cpl14.fr\/wp-content\/uploads\/2017\/05\/CLGT-15.1.jpg\" alt=\"\" width=\"800\" height=\"513\" srcset=\"https:\/\/cpl14.fr\/wp-content\/uploads\/2017\/05\/CLGT-15.1.jpg 800w, https:\/\/cpl14.fr\/wp-content\/uploads\/2017\/05\/CLGT-15.1-300x192.jpg 300w, https:\/\/cpl14.fr\/wp-content\/uploads\/2017\/05\/CLGT-15.1-768x492.jpg 768w\" sizes=\"auto, (max-width: 800px) 100vw, 800px\" \/><\/p>\n<p>Sur cette derni\u00e8re carte, nous pouvons voir une voiture attendant l&rsquo;ouverture du passage \u00e0 niveau de la rue d&rsquo;Orbec.<\/p>\n<p>&nbsp;<\/p>\n<p style=\"text-align: right;\"><a href=\"http:\/\/cpl14.fr\/?p=343\">retour \u00e0 l&rsquo;article Chemin de Fer<\/a><\/p>\n","protected":false},"excerpt":{"rendered":"<div class=\"mh-excerpt\"><p>La gare de Lisieux, vues de la ligne de\u00a0Lisieux-Trouville Cet article porte uniquement sur la partie de la gare correspondant \u00e0 la ligne de Lisieux-Trouville. <a class=\"mh-excerpt-more\" href=\"https:\/\/cpl14.fr\/?page_id=924\" title=\"C.LGT\">[&#8230;]<\/a><\/p>\n<\/div>","protected":false},"author":1,"featured_media":0,"parent":0,"menu_order":0,"comment_status":"closed","ping_status":"closed","template":"","meta":{"footnotes":""},"class_list":["post-924","page","type-page","status-publish","hentry"],"_links":{"self":[{"href":"https:\/\/cpl14.fr\/index.php?rest_route=\/wp\/v2\/pages\/924","targetHints":{"allow":["GET"]}}],"collection":[{"href":"https:\/\/cpl14.fr\/index.php?rest_route=\/wp\/v2\/pages"}],"about":[{"href":"https:\/\/cpl14.fr\/index.php?rest_route=\/wp\/v2\/types\/page"}],"author":[{"embeddable":true,"href":"https:\/\/cpl14.fr\/index.php?rest_route=\/wp\/v2\/users\/1"}],"replies":[{"embeddable":true,"href":"https:\/\/cpl14.fr\/index.php?rest_route=%2Fwp%2Fv2%2Fcomments&post=924"}],"version-history":[{"count":2,"href":"https:\/\/cpl14.fr\/index.php?rest_route=\/wp\/v2\/pages\/924\/revisions"}],"predecessor-version":[{"id":6370,"href":"https:\/\/cpl14.fr\/index.php?rest_route=\/wp\/v2\/pages\/924\/revisions\/6370"}],"wp:attachment":[{"href":"https:\/\/cpl14.fr\/index.php?rest_route=%2Fwp%2Fv2%2Fmedia&parent=924"}],"curies":[{"name":"wp","href":"https:\/\/api.w.org\/{rel}","templated":true}]}}